{"id":2573,"date":"2022-07-18T13:42:32","date_gmt":"2022-07-18T11:42:32","guid":{"rendered":"https:\/\/legrenierdelatour.be\/brocante\/?post_type=product&#038;p=2573"},"modified":"2022-07-18T13:42:32","modified_gmt":"2022-07-18T11:42:32","slug":"assiettes-voitures-anciennes-winterling-bavaria","status":"publish","type":"product","link":"https:\/\/legrenierdelatour.be\/brocante\/produit\/assiettes-voitures-anciennes-winterling-bavaria\/","title":{"rendered":"Assiettes Voitures anciennes Winterling Bavaria"},"content":{"rendered":"<p>Ensemble d\u2019assiettes avec repr\u00e9sentations de v\u00e9hicules anciens : 1 grande (19 cm de diam\u00e8tre) et 6 petites (10,5 cm de diam\u00e8tre). Elles sont en tr\u00e8s bon \u00e9tat et ont \u00e9t\u00e9 produites par la manufacture Winterling en Bavi\u00e8re, sans doute dans les ann\u00e9es 1960.<\/p>\n<div>R\u00e9f 12.77<\/div>\n","protected":false},"excerpt":{"rendered":"<p>Ensemble d\u2019assiettes avec repr\u00e9sentations de v\u00e9hicules anciens : 1 grande (19 cm de diam\u00e8tre) et 6 petites (10,5 cm de diam\u00e8tre). Elles sont en tr\u00e8s bon \u00e9tat et ont \u00e9t\u00e9 produites par la manufacture Winterling en Bavi\u00e8re, sans doute dans les ann\u00e9es 1960. R\u00e9f 12.77<\/p>\n","protected":false},"featured_media":2541,"comment_status":"open","ping_status":"closed","template":"","meta":{"neve_meta_sidebar":"","neve_meta_container":"","neve_meta_enable_content_width":"off","neve_meta_content_width":100,"neve_meta_title_alignment":"","neve_meta_author_avatar":"","neve_post_elements_order":"","neve_meta_disable_header":"","neve_meta_disable_footer":"","neve_meta_disable_title":""},"product_brand":[],"product_cat":[48,168,16],"product_tag":[154,74,28,77],"class_list":{"0":"post-2573","1":"product","2":"type-product","3":"status-publish","4":"has-post-thumbnail","6":"product_cat-allemagne","7":"product_cat-bavaria","8":"product_cat-ceramique","9":"product_tag-bavaria","10":"product_tag-porcelaine","11":"product_tag-vintage","12":"product_tag-winterling","14":"first","15":"instock","16":"shipping-taxable","17":"purchasable","18":"product-type-simple"},"_links":{"self":[{"href":"https:\/\/legrenierdelatour.be\/brocante\/wp-json\/wp\/v2\/product\/2573","targetHints":{"allow":["GET"]}}],"collection":[{"href":"https:\/\/legrenierdelatour.be\/brocante\/wp-json\/wp\/v2\/product"}],"about":[{"href":"https:\/\/legrenierdelatour.be\/brocante\/wp-json\/wp\/v2\/types\/product"}],"replies":[{"embeddable":true,"href":"https:\/\/legrenierdelatour.be\/brocante\/wp-json\/wp\/v2\/comments?post=2573"}],"wp:featuredmedia":[{"embeddable":true,"href":"https:\/\/legrenierdelatour.be\/brocante\/wp-json\/wp\/v2\/media\/2541"}],"wp:attachment":[{"href":"https:\/\/legrenierdelatour.be\/brocante\/wp-json\/wp\/v2\/media?parent=2573"}],"wp:term":[{"taxonomy":"product_brand","embeddable":true,"href":"https:\/\/legrenierdelatour.be\/brocante\/wp-json\/wp\/v2\/product_brand?post=2573"},{"taxonomy":"product_cat","embeddable":true,"href":"https:\/\/legrenierdelatour.be\/brocante\/wp-json\/wp\/v2\/product_cat?post=2573"},{"taxonomy":"product_tag","embeddable":true,"href":"https:\/\/legrenierdelatour.be\/brocante\/wp-json\/wp\/v2\/product_tag?post=2573"}],"curies":[{"name":"wp","href":"https:\/\/api.w.org\/{rel}","templated":true}]}}