{"id":2528,"date":"2022-07-09T20:53:59","date_gmt":"2022-07-09T18:53:59","guid":{"rendered":"https:\/\/legrenierdelatour.be\/brocante\/?post_type=product&#038;p=2528"},"modified":"2022-10-27T17:19:57","modified_gmt":"2022-10-27T15:19:57","slug":"petite-cruche-thulin-548","status":"publish","type":"product","link":"https:\/\/legrenierdelatour.be\/brocante\/produit\/petite-cruche-thulin-548\/","title":{"rendered":"Petite cruche Thulin (558)"},"content":{"rendered":"<p>Petite cruche (9 cm de haut) en fa\u00efence de Thulin sans doute, avec d\u00e9cor de lave. En tr\u00e8s bon \u00e9tat. Le num\u00e9ro de forme est difficile \u00e0 lire (p-\u00ea 558).<\/p>\n<p>Deux exemplaires disponibles<\/p>\n<div>R\u00e9f 12.70<\/div>\n","protected":false},"excerpt":{"rendered":"<p>Petite cruche (9 cm de haut) en fa\u00efence de Thulin sans doute, avec d\u00e9cor de lave. En tr\u00e8s bon \u00e9tat. Le num\u00e9ro de forme est difficile \u00e0 lire (p-\u00ea 558). Deux exemplaires disponibles R\u00e9f 12.70<\/p>\n","protected":false},"featured_media":2521,"comment_status":"open","ping_status":"closed","template":"","meta":{"neve_meta_sidebar":"","neve_meta_container":"","neve_meta_enable_content_width":"off","neve_meta_content_width":100,"neve_meta_title_alignment":"","neve_meta_author_avatar":"","neve_post_elements_order":"","neve_meta_disable_header":"","neve_meta_disable_footer":"","neve_meta_disable_title":""},"product_brand":[],"product_cat":[37,16,177],"product_tag":[19,46],"class_list":{"0":"post-2528","1":"product","2":"type-product","3":"status-publish","4":"has-post-thumbnail","6":"product_cat-belgique","7":"product_cat-ceramique","8":"product_cat-thulin","9":"product_tag-faience","10":"product_tag-thulin","12":"first","13":"instock","14":"shipping-taxable","15":"purchasable","16":"product-type-simple"},"_links":{"self":[{"href":"https:\/\/legrenierdelatour.be\/brocante\/wp-json\/wp\/v2\/product\/2528","targetHints":{"allow":["GET"]}}],"collection":[{"href":"https:\/\/legrenierdelatour.be\/brocante\/wp-json\/wp\/v2\/product"}],"about":[{"href":"https:\/\/legrenierdelatour.be\/brocante\/wp-json\/wp\/v2\/types\/product"}],"replies":[{"embeddable":true,"href":"https:\/\/legrenierdelatour.be\/brocante\/wp-json\/wp\/v2\/comments?post=2528"}],"wp:featuredmedia":[{"embeddable":true,"href":"https:\/\/legrenierdelatour.be\/brocante\/wp-json\/wp\/v2\/media\/2521"}],"wp:attachment":[{"href":"https:\/\/legrenierdelatour.be\/brocante\/wp-json\/wp\/v2\/media?parent=2528"}],"wp:term":[{"taxonomy":"product_brand","embeddable":true,"href":"https:\/\/legrenierdelatour.be\/brocante\/wp-json\/wp\/v2\/product_brand?post=2528"},{"taxonomy":"product_cat","embeddable":true,"href":"https:\/\/legrenierdelatour.be\/brocante\/wp-json\/wp\/v2\/product_cat?post=2528"},{"taxonomy":"product_tag","embeddable":true,"href":"https:\/\/legrenierdelatour.be\/brocante\/wp-json\/wp\/v2\/product_tag?post=2528"}],"curies":[{"name":"wp","href":"https:\/\/api.w.org\/{rel}","templated":true}]}}