{"id":2508,"date":"2022-07-02T18:04:45","date_gmt":"2022-07-02T16:04:45","guid":{"rendered":"https:\/\/legrenierdelatour.be\/brocante\/?post_type=product&#038;p=2508"},"modified":"2023-10-30T08:40:35","modified_gmt":"2023-10-30T07:40:35","slug":"chauffe-assiettes-vintage-beldecor-marize","status":"publish","type":"product","link":"https:\/\/legrenierdelatour.be\/brocante\/produit\/chauffe-assiettes-vintage-beldecor-marize\/","title":{"rendered":"Chauffe-assiettes Vintage, Beldecor Marize"},"content":{"rendered":"<p>Chauffe-assiettes en tissus (23 cm de c\u00f4t\u00e9 pli\u00e9), avec cordon d\u2019alimentation \u00e9lectrique 220 Volt. En \u00e9tat neuf, jamais utilis\u00e9, il est encore dans sa bo\u00eete d\u2019origine. Fabriqu\u00e9 en France, sans doute dans les ann\u00e9es 1970, avec un tissus Beldecor \u00ab\u00a0Marize\u00a0\u00bb.<\/p>\n<div>R\u00e9f 12.65<\/div>\n","protected":false},"excerpt":{"rendered":"<p>Chauffe-assiettes en tissus (23 cm de c\u00f4t\u00e9 pli\u00e9), avec cordon d\u2019alimentation \u00e9lectrique 220 Volt. En \u00e9tat neuf, jamais utilis\u00e9, il est encore dans sa bo\u00eete d\u2019origine. Fabriqu\u00e9 en France, sans doute dans les ann\u00e9es 1970, avec un tissus Beldecor \u00ab\u00a0Marize\u00a0\u00bb. R\u00e9f 12.65<\/p>\n","protected":false},"featured_media":2502,"comment_status":"open","ping_status":"closed","template":"","meta":{"neve_meta_sidebar":"","neve_meta_container":"","neve_meta_enable_content_width":"off","neve_meta_content_width":100,"neve_meta_title_alignment":"","neve_meta_author_avatar":"","neve_post_elements_order":"","neve_meta_disable_header":"","neve_meta_disable_footer":"","neve_meta_disable_title":""},"product_brand":[],"product_cat":[172],"product_tag":[28],"class_list":{"0":"post-2508","1":"product","2":"type-product","3":"status-publish","4":"has-post-thumbnail","6":"product_cat-en-cuisine","7":"product_tag-vintage","9":"first","10":"instock","11":"shipping-taxable","12":"purchasable","13":"product-type-simple"},"_links":{"self":[{"href":"https:\/\/legrenierdelatour.be\/brocante\/wp-json\/wp\/v2\/product\/2508","targetHints":{"allow":["GET"]}}],"collection":[{"href":"https:\/\/legrenierdelatour.be\/brocante\/wp-json\/wp\/v2\/product"}],"about":[{"href":"https:\/\/legrenierdelatour.be\/brocante\/wp-json\/wp\/v2\/types\/product"}],"replies":[{"embeddable":true,"href":"https:\/\/legrenierdelatour.be\/brocante\/wp-json\/wp\/v2\/comments?post=2508"}],"wp:featuredmedia":[{"embeddable":true,"href":"https:\/\/legrenierdelatour.be\/brocante\/wp-json\/wp\/v2\/media\/2502"}],"wp:attachment":[{"href":"https:\/\/legrenierdelatour.be\/brocante\/wp-json\/wp\/v2\/media?parent=2508"}],"wp:term":[{"taxonomy":"product_brand","embeddable":true,"href":"https:\/\/legrenierdelatour.be\/brocante\/wp-json\/wp\/v2\/product_brand?post=2508"},{"taxonomy":"product_cat","embeddable":true,"href":"https:\/\/legrenierdelatour.be\/brocante\/wp-json\/wp\/v2\/product_cat?post=2508"},{"taxonomy":"product_tag","embeddable":true,"href":"https:\/\/legrenierdelatour.be\/brocante\/wp-json\/wp\/v2\/product_tag?post=2508"}],"curies":[{"name":"wp","href":"https:\/\/api.w.org\/{rel}","templated":true}]}}