{"id":2489,"date":"2022-06-30T15:56:03","date_gmt":"2022-06-30T13:56:03","guid":{"rendered":"https:\/\/legrenierdelatour.be\/brocante\/?post_type=product&#038;p=2489"},"modified":"2022-06-30T15:56:03","modified_gmt":"2022-06-30T13:56:03","slug":"plaque-decorative-cheval-steuler-keramik","status":"publish","type":"product","link":"https:\/\/legrenierdelatour.be\/brocante\/produit\/plaque-decorative-cheval-steuler-keramik\/","title":{"rendered":"Plaque d\u00e9corative Cheval Steuler Keramik"},"content":{"rendered":"<p>Plaque d\u00e9corative (20 cm de diam\u00e8tre) avec une repr\u00e9sentation de cheval, produite par la manufacture Steuler (1917-1996) en Allemagne \u00e0 H\u00f6hr-Grenzhausen. Production des ann\u00e9es 1960, en parfait \u00e9tat.<\/p>\n<div>R\u00e9f 12.57<\/div>\n","protected":false},"excerpt":{"rendered":"<p>Plaque d\u00e9corative (20 cm de diam\u00e8tre) avec une repr\u00e9sentation de cheval, produite par la manufacture Steuler (1917-1996) en Allemagne \u00e0 H\u00f6hr-Grenzhausen. Production des ann\u00e9es 1960, en parfait \u00e9tat. R\u00e9f 12.57<\/p>\n","protected":false},"featured_media":2452,"comment_status":"open","ping_status":"closed","template":"","meta":{"neve_meta_sidebar":"","neve_meta_container":"","neve_meta_enable_content_width":"off","neve_meta_content_width":100,"neve_meta_title_alignment":"","neve_meta_author_avatar":"","neve_post_elements_order":"","neve_meta_disable_header":"","neve_meta_disable_footer":"","neve_meta_disable_title":""},"product_brand":[],"product_cat":[48,170,16,167,47],"product_tag":[79,19,49],"class_list":{"0":"post-2489","1":"product","2":"type-product","3":"status-publish","4":"has-post-thumbnail","6":"product_cat-allemagne","7":"product_cat-autres-producteurs","8":"product_cat-ceramique","9":"product_cat-peintures-et-sculptures","10":"product_cat-west-germany","11":"product_tag-art","12":"product_tag-faience","13":"product_tag-west-germany","15":"first","16":"instock","17":"shipping-taxable","18":"purchasable","19":"product-type-simple"},"_links":{"self":[{"href":"https:\/\/legrenierdelatour.be\/brocante\/wp-json\/wp\/v2\/product\/2489","targetHints":{"allow":["GET"]}}],"collection":[{"href":"https:\/\/legrenierdelatour.be\/brocante\/wp-json\/wp\/v2\/product"}],"about":[{"href":"https:\/\/legrenierdelatour.be\/brocante\/wp-json\/wp\/v2\/types\/product"}],"replies":[{"embeddable":true,"href":"https:\/\/legrenierdelatour.be\/brocante\/wp-json\/wp\/v2\/comments?post=2489"}],"wp:featuredmedia":[{"embeddable":true,"href":"https:\/\/legrenierdelatour.be\/brocante\/wp-json\/wp\/v2\/media\/2452"}],"wp:attachment":[{"href":"https:\/\/legrenierdelatour.be\/brocante\/wp-json\/wp\/v2\/media?parent=2489"}],"wp:term":[{"taxonomy":"product_brand","embeddable":true,"href":"https:\/\/legrenierdelatour.be\/brocante\/wp-json\/wp\/v2\/product_brand?post=2489"},{"taxonomy":"product_cat","embeddable":true,"href":"https:\/\/legrenierdelatour.be\/brocante\/wp-json\/wp\/v2\/product_cat?post=2489"},{"taxonomy":"product_tag","embeddable":true,"href":"https:\/\/legrenierdelatour.be\/brocante\/wp-json\/wp\/v2\/product_tag?post=2489"}],"curies":[{"name":"wp","href":"https:\/\/api.w.org\/{rel}","templated":true}]}}