{"id":2487,"date":"2022-06-30T15:22:11","date_gmt":"2022-06-30T13:22:11","guid":{"rendered":"https:\/\/legrenierdelatour.be\/brocante\/?post_type=product&#038;p=2487"},"modified":"2022-06-30T15:22:11","modified_gmt":"2022-06-30T13:22:11","slug":"tasses-a-moka-et-sous-tasses-bali-villeroy-boch","status":"publish","type":"product","link":"https:\/\/legrenierdelatour.be\/brocante\/produit\/tasses-a-moka-et-sous-tasses-bali-villeroy-boch\/","title":{"rendered":"Tasses \u00e0 moka et sous-tasses Bali Villeroy &#038; Boch"},"content":{"rendered":"<p>4 tasses (6 cm de haut) et sous-tasses (12 cm de diam\u00e8tre) de la collection Bali produites par Villeroy &amp; Boch. Elles sont en tr\u00e8s bon \u00e9tat.<\/p>\n<div>La tasse et sa sous-tasse est vendue au prix de 5\u20ac l\u2019ensemble.<\/div>\n<div>R\u00e9f 12.55<\/div>\n","protected":false},"excerpt":{"rendered":"<p>4 tasses (6 cm de haut) et sous-tasses (12 cm de diam\u00e8tre) de la collection Bali produites par Villeroy &amp; Boch. Elles sont en tr\u00e8s bon \u00e9tat. La tasse et sa sous-tasse est vendue au prix de 5\u20ac l\u2019ensemble. R\u00e9f 12.55<\/p>\n","protected":false},"featured_media":2481,"comment_status":"open","ping_status":"closed","template":"","meta":{"neve_meta_sidebar":"","neve_meta_container":"","neve_meta_enable_content_width":"off","neve_meta_content_width":100,"neve_meta_title_alignment":"","neve_meta_author_avatar":"","neve_post_elements_order":"","neve_meta_disable_header":"","neve_meta_disable_footer":"","neve_meta_disable_title":""},"product_brand":[],"product_cat":[172,16,165,29],"product_tag":[19,32,28],"class_list":{"0":"post-2487","1":"product","2":"type-product","3":"status-publish","4":"has-post-thumbnail","6":"product_cat-en-cuisine","7":"product_cat-ceramique","8":"product_cat-luxembourg","9":"product_cat-villeroy-boch","10":"product_tag-faience","11":"product_tag-villeroy-et-boch","12":"product_tag-vintage","14":"first","15":"instock","16":"shipping-taxable","17":"purchasable","18":"product-type-simple"},"_links":{"self":[{"href":"https:\/\/legrenierdelatour.be\/brocante\/wp-json\/wp\/v2\/product\/2487","targetHints":{"allow":["GET"]}}],"collection":[{"href":"https:\/\/legrenierdelatour.be\/brocante\/wp-json\/wp\/v2\/product"}],"about":[{"href":"https:\/\/legrenierdelatour.be\/brocante\/wp-json\/wp\/v2\/types\/product"}],"replies":[{"embeddable":true,"href":"https:\/\/legrenierdelatour.be\/brocante\/wp-json\/wp\/v2\/comments?post=2487"}],"wp:featuredmedia":[{"embeddable":true,"href":"https:\/\/legrenierdelatour.be\/brocante\/wp-json\/wp\/v2\/media\/2481"}],"wp:attachment":[{"href":"https:\/\/legrenierdelatour.be\/brocante\/wp-json\/wp\/v2\/media?parent=2487"}],"wp:term":[{"taxonomy":"product_brand","embeddable":true,"href":"https:\/\/legrenierdelatour.be\/brocante\/wp-json\/wp\/v2\/product_brand?post=2487"},{"taxonomy":"product_cat","embeddable":true,"href":"https:\/\/legrenierdelatour.be\/brocante\/wp-json\/wp\/v2\/product_cat?post=2487"},{"taxonomy":"product_tag","embeddable":true,"href":"https:\/\/legrenierdelatour.be\/brocante\/wp-json\/wp\/v2\/product_tag?post=2487"}],"curies":[{"name":"wp","href":"https:\/\/api.w.org\/{rel}","templated":true}]}}