{"id":2486,"date":"2022-06-30T15:14:47","date_gmt":"2022-06-30T13:14:47","guid":{"rendered":"https:\/\/legrenierdelatour.be\/brocante\/?post_type=product&#038;p=2486"},"modified":"2022-06-30T15:14:47","modified_gmt":"2022-06-30T13:14:47","slug":"legumiers-bali-villeroy-boch","status":"publish","type":"product","link":"https:\/\/legrenierdelatour.be\/brocante\/produit\/legumiers-bali-villeroy-boch\/","title":{"rendered":"L\u00e9gumiers Bali Villeroy &#038; Boch"},"content":{"rendered":"<p>Deux l\u00e9gumiers (19 cm de diam\u00e8tre et 17 cm de diam\u00e8tre), en parfait \u00e9tat. Le couvercle du plus petit est absent. Il fait partie de la collection de Bali produite par Villeroy &amp; Boch.<\/p>\n<p>Le grand l\u00e9gumier est vendu au prix de 20\u20ac et le petit sans couvercle au prix de 8\u20ac.<\/p>\n<div>R\u00e9f 12.54<\/div>\n","protected":false},"excerpt":{"rendered":"<p>Deux l\u00e9gumiers (19 cm de diam\u00e8tre et 17 cm de diam\u00e8tre), en parfait \u00e9tat. Le couvercle du plus petit est absent. Il fait partie de la collection de Bali produite par Villeroy &amp; Boch. Le grand l\u00e9gumier est vendu au prix de 20\u20ac et le petit sans couvercle au prix de 8\u20ac. R\u00e9f 12.54<\/p>\n","protected":false},"featured_media":2478,"comment_status":"open","ping_status":"closed","template":"","meta":{"neve_meta_sidebar":"","neve_meta_container":"","neve_meta_enable_content_width":"off","neve_meta_content_width":100,"neve_meta_title_alignment":"","neve_meta_author_avatar":"","neve_post_elements_order":"","neve_meta_disable_header":"","neve_meta_disable_footer":"","neve_meta_disable_title":""},"product_brand":[],"product_cat":[172,16,165,29],"product_tag":[19,32,28],"class_list":{"0":"post-2486","1":"product","2":"type-product","3":"status-publish","4":"has-post-thumbnail","6":"product_cat-en-cuisine","7":"product_cat-ceramique","8":"product_cat-luxembourg","9":"product_cat-villeroy-boch","10":"product_tag-faience","11":"product_tag-villeroy-et-boch","12":"product_tag-vintage","14":"first","15":"instock","16":"shipping-taxable","17":"purchasable","18":"product-type-simple"},"_links":{"self":[{"href":"https:\/\/legrenierdelatour.be\/brocante\/wp-json\/wp\/v2\/product\/2486","targetHints":{"allow":["GET"]}}],"collection":[{"href":"https:\/\/legrenierdelatour.be\/brocante\/wp-json\/wp\/v2\/product"}],"about":[{"href":"https:\/\/legrenierdelatour.be\/brocante\/wp-json\/wp\/v2\/types\/product"}],"replies":[{"embeddable":true,"href":"https:\/\/legrenierdelatour.be\/brocante\/wp-json\/wp\/v2\/comments?post=2486"}],"wp:featuredmedia":[{"embeddable":true,"href":"https:\/\/legrenierdelatour.be\/brocante\/wp-json\/wp\/v2\/media\/2478"}],"wp:attachment":[{"href":"https:\/\/legrenierdelatour.be\/brocante\/wp-json\/wp\/v2\/media?parent=2486"}],"wp:term":[{"taxonomy":"product_brand","embeddable":true,"href":"https:\/\/legrenierdelatour.be\/brocante\/wp-json\/wp\/v2\/product_brand?post=2486"},{"taxonomy":"product_cat","embeddable":true,"href":"https:\/\/legrenierdelatour.be\/brocante\/wp-json\/wp\/v2\/product_cat?post=2486"},{"taxonomy":"product_tag","embeddable":true,"href":"https:\/\/legrenierdelatour.be\/brocante\/wp-json\/wp\/v2\/product_tag?post=2486"}],"curies":[{"name":"wp","href":"https:\/\/api.w.org\/{rel}","templated":true}]}}