{"id":248,"date":"2022-02-14T18:04:06","date_gmt":"2022-02-14T17:04:06","guid":{"rendered":"https:\/\/legrenierdelatour.be\/brocante\/?post_type=product&#038;p=248"},"modified":"2022-05-19T17:37:30","modified_gmt":"2022-05-19T15:37:30","slug":"assiettes-le-grand-duche-de-luxembourg-dapres-danciennes-gravures-du-19eme-siecle-villeroy-boch","status":"publish","type":"product","link":"https:\/\/legrenierdelatour.be\/brocante\/produit\/assiettes-le-grand-duche-de-luxembourg-dapres-danciennes-gravures-du-19eme-siecle-villeroy-boch\/","title":{"rendered":"Assiettes \u00ab\u00a0Le Grand Duch\u00e9 de Luxembourg d&rsquo;apr\u00e8s d&rsquo;anciennes gravures du 19\u00e8me si\u00e8cle\u00a0\u00bb Villeroy &#038; Boch"},"content":{"rendered":"<p>7 assiettes produites par Villeroy &amp; Boch Luxembourg dans la deuxi\u00e8memoiti\u00e9 du XX\u00e8me si\u00e8cle, d&rsquo;apr\u00e8s des gravures du 19\u00e8me si\u00e8cle et repr\u00e9sentant :<\/p>\n<ul>\n<li>Clervaux vers 955, gravure de Jean-Baptiste Fresez (Longwy 1800- Luxembourg 1867)<\/li>\n<li>Esch s. S\u00fbre vers 1857, gravure de\u00a0Jean-Baptiste Fresez (Longwy 1800- Luxembourg 1867) x2 (dont une avec syst\u00e8me de suspension<\/li>\n<li>Luxembourg en 1835, gravure de Nicolas Liez (Neufch\u00e2teau France 1809- Dresde Allemagne 1892)<\/li>\n<li>Clervaux vers 1855,\u00a0gravure de Jean-Baptiste Fresez (Longwy 1800- Luxembourg 1867)<\/li>\n<li>Echternach vers 1857,\u00a0gravure de Jean-Baptiste Fresez (Longwy 1800- Luxembourg 1867)<\/li>\n<li>Vianden vers 1857,\u00a0gravure de Jean-Baptiste Fresez (Longwy 1800- Luxembourg 1867). Inscription \u00e0 l&rsquo;arri\u00e8re \u00a0\u00bb V\u00e9lo-Sport Cinquantenaire Dommeldange Peugeot\u00a0\u00bb<\/li>\n<li>Bourscheid vers 1857,\u00a0gravure de Jean-Baptiste Fresez (Longwy 1800- Luxembourg 1867), de couleur brune. Inscription \u00e0 l&rsquo;arri\u00e8re \u00a0\u00bb Luxguard S.A \u00a0\u00bb \u00ab\u00a0En souvenir de l&rsquo;inauguration par S.A.R. le Grand Duc H\u00e9ritier Henri de Luxembourg \/ 11 juin 1982\u00a0\u00bb Edition limit\u00e9e<\/li>\n<\/ul>\n<p>Les assiettes ( 26 cm) sont en parfait \u00e9tat et sont vendues individuellement \u00e0 12\u20ac pi\u00e8ce.<\/p>\n<p>R\u00e9f 2.78 + 6.58 + 6.59 + 6.57<\/p>\n","protected":false},"excerpt":{"rendered":"<p>7 assiettes produites par Villeroy &amp; Boch Luxembourg dans la deuxi\u00e8memoiti\u00e9 du XX\u00e8me si\u00e8cle, d&rsquo;apr\u00e8s des gravures du 19\u00e8me si\u00e8cle et repr\u00e9sentant : Clervaux vers 955, gravure de Jean-Baptiste Fresez (Longwy 1800- Luxembourg 1867) Esch s. S\u00fbre vers 1857, gravure de\u00a0Jean-Baptiste Fresez (Longwy 1800- Luxembourg 1867) x2 (dont une avec syst\u00e8me de suspension Luxembourg en&hellip;&nbsp;<a href=\"https:\/\/legrenierdelatour.be\/brocante\/produit\/assiettes-le-grand-duche-de-luxembourg-dapres-danciennes-gravures-du-19eme-siecle-villeroy-boch\/\" class=\"\" rel=\"bookmark\">Lire la suite &raquo;<span class=\"screen-reader-text\">Assiettes \u00ab\u00a0Le Grand Duch\u00e9 de Luxembourg d&rsquo;apr\u00e8s d&rsquo;anciennes gravures du 19\u00e8me si\u00e8cle\u00a0\u00bb Villeroy &#038; Boch<\/span><\/a><\/p>\n","protected":false},"featured_media":249,"comment_status":"open","ping_status":"closed","template":"","meta":{"neve_meta_sidebar":"","neve_meta_container":"","neve_meta_enable_content_width":"off","neve_meta_content_width":100,"neve_meta_title_alignment":"","neve_meta_author_avatar":"","neve_post_elements_order":"","neve_meta_disable_header":"","neve_meta_disable_footer":"","neve_meta_disable_title":""},"product_brand":[],"product_cat":[15,16,165,30,166,29],"product_tag":[19,32],"class_list":{"0":"post-248","1":"product","2":"type-product","3":"status-publish","4":"has-post-thumbnail","6":"product_cat-non-classe","7":"product_cat-ceramique","8":"product_cat-luxembourg","9":"product_cat-luxemburgensia","10":"product_cat-luxemburgensia-luxemburgensia","11":"product_cat-villeroy-boch","12":"product_tag-faience","13":"product_tag-villeroy-et-boch","15":"first","16":"instock","17":"sold-individually","18":"shipping-taxable","19":"purchasable","20":"product-type-simple"},"_links":{"self":[{"href":"https:\/\/legrenierdelatour.be\/brocante\/wp-json\/wp\/v2\/product\/248","targetHints":{"allow":["GET"]}}],"collection":[{"href":"https:\/\/legrenierdelatour.be\/brocante\/wp-json\/wp\/v2\/product"}],"about":[{"href":"https:\/\/legrenierdelatour.be\/brocante\/wp-json\/wp\/v2\/types\/product"}],"replies":[{"embeddable":true,"href":"https:\/\/legrenierdelatour.be\/brocante\/wp-json\/wp\/v2\/comments?post=248"}],"wp:featuredmedia":[{"embeddable":true,"href":"https:\/\/legrenierdelatour.be\/brocante\/wp-json\/wp\/v2\/media\/249"}],"wp:attachment":[{"href":"https:\/\/legrenierdelatour.be\/brocante\/wp-json\/wp\/v2\/media?parent=248"}],"wp:term":[{"taxonomy":"product_brand","embeddable":true,"href":"https:\/\/legrenierdelatour.be\/brocante\/wp-json\/wp\/v2\/product_brand?post=248"},{"taxonomy":"product_cat","embeddable":true,"href":"https:\/\/legrenierdelatour.be\/brocante\/wp-json\/wp\/v2\/product_cat?post=248"},{"taxonomy":"product_tag","embeddable":true,"href":"https:\/\/legrenierdelatour.be\/brocante\/wp-json\/wp\/v2\/product_tag?post=248"}],"curies":[{"name":"wp","href":"https:\/\/api.w.org\/{rel}","templated":true}]}}