{"id":2450,"date":"2022-06-29T20:34:22","date_gmt":"2022-06-29T18:34:22","guid":{"rendered":"https:\/\/legrenierdelatour.be\/brocante\/?post_type=product&#038;p=2450"},"modified":"2022-06-29T20:34:22","modified_gmt":"2022-06-29T18:34:22","slug":"assiette-decorative-palais-grand-ducal-luxembourg-villeroy-boch","status":"publish","type":"product","link":"https:\/\/legrenierdelatour.be\/brocante\/produit\/assiette-decorative-palais-grand-ducal-luxembourg-villeroy-boch\/","title":{"rendered":"Assiette d\u00e9corative Palais Grand-Ducal Luxembourg Villeroy &#038; Boch"},"content":{"rendered":"<p>Belle assiette (26 cm de diam\u00e8tre) avec repr\u00e9sentation dor\u00e9e du Palais Grand-Ducal \u00e0 Luxembourg, dessin\u00e9e par Edmond Goergen (1914-2000) en 1976. Elle a \u00e9t\u00e9 \u00e9dit\u00e9e pour le Bicentenaire de l\u2019Ind\u00e9pendance des Etats-Unis d\u2019Am\u00e9rique en 1976, et produite par Villeroy &amp; Boch. Edmond Goergen a re\u00e7u le Prix Grand Duc Adolphe en 1951.<\/p>\n<div>R\u00e9f 12.50<\/div>\n","protected":false},"excerpt":{"rendered":"<p>Belle assiette (26 cm de diam\u00e8tre) avec repr\u00e9sentation dor\u00e9e du Palais Grand-Ducal \u00e0 Luxembourg, dessin\u00e9e par Edmond Goergen (1914-2000) en 1976. Elle a \u00e9t\u00e9 \u00e9dit\u00e9e pour le Bicentenaire de l\u2019Ind\u00e9pendance des Etats-Unis d\u2019Am\u00e9rique en 1976, et produite par Villeroy &amp; Boch. Edmond Goergen a re\u00e7u le Prix Grand Duc Adolphe en 1951. R\u00e9f 12.50<\/p>\n","protected":false},"featured_media":2442,"comment_status":"open","ping_status":"closed","template":"","meta":{"neve_meta_sidebar":"","neve_meta_container":"","neve_meta_enable_content_width":"off","neve_meta_content_width":100,"neve_meta_title_alignment":"","neve_meta_author_avatar":"","neve_post_elements_order":"","neve_meta_disable_header":"","neve_meta_disable_footer":"","neve_meta_disable_title":""},"product_brand":[],"product_cat":[16,165,30,166,29],"product_tag":[79,19,83,32],"class_list":{"0":"post-2450","1":"product","2":"type-product","3":"status-publish","4":"has-post-thumbnail","6":"product_cat-ceramique","7":"product_cat-luxembourg","8":"product_cat-luxemburgensia","9":"product_cat-luxemburgensia-luxemburgensia","10":"product_cat-villeroy-boch","11":"product_tag-art","12":"product_tag-faience","13":"product_tag-luxemburgensia","14":"product_tag-villeroy-et-boch","16":"first","17":"instock","18":"shipping-taxable","19":"purchasable","20":"product-type-simple"},"_links":{"self":[{"href":"https:\/\/legrenierdelatour.be\/brocante\/wp-json\/wp\/v2\/product\/2450","targetHints":{"allow":["GET"]}}],"collection":[{"href":"https:\/\/legrenierdelatour.be\/brocante\/wp-json\/wp\/v2\/product"}],"about":[{"href":"https:\/\/legrenierdelatour.be\/brocante\/wp-json\/wp\/v2\/types\/product"}],"replies":[{"embeddable":true,"href":"https:\/\/legrenierdelatour.be\/brocante\/wp-json\/wp\/v2\/comments?post=2450"}],"wp:featuredmedia":[{"embeddable":true,"href":"https:\/\/legrenierdelatour.be\/brocante\/wp-json\/wp\/v2\/media\/2442"}],"wp:attachment":[{"href":"https:\/\/legrenierdelatour.be\/brocante\/wp-json\/wp\/v2\/media?parent=2450"}],"wp:term":[{"taxonomy":"product_brand","embeddable":true,"href":"https:\/\/legrenierdelatour.be\/brocante\/wp-json\/wp\/v2\/product_brand?post=2450"},{"taxonomy":"product_cat","embeddable":true,"href":"https:\/\/legrenierdelatour.be\/brocante\/wp-json\/wp\/v2\/product_cat?post=2450"},{"taxonomy":"product_tag","embeddable":true,"href":"https:\/\/legrenierdelatour.be\/brocante\/wp-json\/wp\/v2\/product_tag?post=2450"}],"curies":[{"name":"wp","href":"https:\/\/api.w.org\/{rel}","templated":true}]}}