{"id":2449,"date":"2022-06-29T20:08:17","date_gmt":"2022-06-29T18:08:17","guid":{"rendered":"https:\/\/legrenierdelatour.be\/brocante\/?post_type=product&#038;p=2449"},"modified":"2022-06-29T20:08:17","modified_gmt":"2022-06-29T18:08:17","slug":"assiette-hupperdange-recktenwald","status":"publish","type":"product","link":"https:\/\/legrenierdelatour.be\/brocante\/produit\/assiette-hupperdange-recktenwald\/","title":{"rendered":"Assiette Hupperdange Recktenwald"},"content":{"rendered":"<p>Assiette d\u00e9corative (25 cm de diam\u00e8tre) \u00e9dit\u00e9e pour les 25 ans de la Fanfare de Hupperdange en 1992, et produite par la manufacture Recktenwald \u00e0 Burmerange. \u00a0Le d\u00e9cor de l\u2019assiette est sign\u00e9 mais illisible.<\/p>\n<div>R\u00e9f 12.49<\/div>\n","protected":false},"excerpt":{"rendered":"<p>Assiette d\u00e9corative (25 cm de diam\u00e8tre) \u00e9dit\u00e9e pour les 25 ans de la Fanfare de Hupperdange en 1992, et produite par la manufacture Recktenwald \u00e0 Burmerange. \u00a0Le d\u00e9cor de l\u2019assiette est sign\u00e9 mais illisible. R\u00e9f 12.49<\/p>\n","protected":false},"featured_media":2444,"comment_status":"open","ping_status":"closed","template":"","meta":{"neve_meta_sidebar":"","neve_meta_container":"","neve_meta_enable_content_width":"off","neve_meta_content_width":100,"neve_meta_title_alignment":"","neve_meta_author_avatar":"","neve_post_elements_order":"","neve_meta_disable_header":"","neve_meta_disable_footer":"","neve_meta_disable_title":""},"product_brand":[],"product_cat":[16,165,30,166,191],"product_tag":[19,83],"class_list":{"0":"post-2449","1":"product","2":"type-product","3":"status-publish","4":"has-post-thumbnail","6":"product_cat-ceramique","7":"product_cat-luxembourg","8":"product_cat-luxemburgensia","9":"product_cat-luxemburgensia-luxemburgensia","10":"product_cat-recktenwald","11":"product_tag-faience","12":"product_tag-luxemburgensia","14":"first","15":"instock","16":"shipping-taxable","17":"purchasable","18":"product-type-simple"},"_links":{"self":[{"href":"https:\/\/legrenierdelatour.be\/brocante\/wp-json\/wp\/v2\/product\/2449","targetHints":{"allow":["GET"]}}],"collection":[{"href":"https:\/\/legrenierdelatour.be\/brocante\/wp-json\/wp\/v2\/product"}],"about":[{"href":"https:\/\/legrenierdelatour.be\/brocante\/wp-json\/wp\/v2\/types\/product"}],"replies":[{"embeddable":true,"href":"https:\/\/legrenierdelatour.be\/brocante\/wp-json\/wp\/v2\/comments?post=2449"}],"wp:featuredmedia":[{"embeddable":true,"href":"https:\/\/legrenierdelatour.be\/brocante\/wp-json\/wp\/v2\/media\/2444"}],"wp:attachment":[{"href":"https:\/\/legrenierdelatour.be\/brocante\/wp-json\/wp\/v2\/media?parent=2449"}],"wp:term":[{"taxonomy":"product_brand","embeddable":true,"href":"https:\/\/legrenierdelatour.be\/brocante\/wp-json\/wp\/v2\/product_brand?post=2449"},{"taxonomy":"product_cat","embeddable":true,"href":"https:\/\/legrenierdelatour.be\/brocante\/wp-json\/wp\/v2\/product_cat?post=2449"},{"taxonomy":"product_tag","embeddable":true,"href":"https:\/\/legrenierdelatour.be\/brocante\/wp-json\/wp\/v2\/product_tag?post=2449"}],"curies":[{"name":"wp","href":"https:\/\/api.w.org\/{rel}","templated":true}]}}