{"id":2441,"date":"2022-06-28T17:09:39","date_gmt":"2022-06-28T15:09:39","guid":{"rendered":"https:\/\/legrenierdelatour.be\/brocante\/?post_type=product&#038;p=2441"},"modified":"2022-06-28T17:09:40","modified_gmt":"2022-06-28T15:09:40","slug":"assiette-clervaux-pierre-droessaert-villeroy-boch","status":"publish","type":"product","link":"https:\/\/legrenierdelatour.be\/brocante\/produit\/assiette-clervaux-pierre-droessaert-villeroy-boch\/","title":{"rendered":"Assiette Clervaux, Pierre Droessaert, Villeroy &#038; Boch"},"content":{"rendered":"<p>Assiette d\u00e9corative (26 cm de diam\u00e8tre), avec dessin de Pierre Driessaert (1923-1997), artiste luxembourgeois. cette assiette a \u00e9t\u00e9 commandit\u00e9e par Les \u00ab\u00a0Assurances Andr\u00e9 Wolff\u00a0\u00bb , elle est sign\u00e9e de l\u2019artisate et num\u00e9rot\u00e9e 923. Elle a \u00e9t\u00e9 produite par Villeroy &amp; Boch Luxembourg, sans doute dans les ann\u00e9es 1980-90.<\/p>\n<div>R\u00e9f 12.48<\/div>\n","protected":false},"excerpt":{"rendered":"<p>Assiette d\u00e9corative (26 cm de diam\u00e8tre), avec dessin de Pierre Driessaert (1923-1997), artiste luxembourgeois. cette assiette a \u00e9t\u00e9 commandit\u00e9e par Les \u00ab\u00a0Assurances Andr\u00e9 Wolff\u00a0\u00bb , elle est sign\u00e9e de l\u2019artisate et num\u00e9rot\u00e9e 923. Elle a \u00e9t\u00e9 produite par Villeroy &amp; Boch Luxembourg, sans doute dans les ann\u00e9es 1980-90. R\u00e9f 12.48<\/p>\n","protected":false},"featured_media":2446,"comment_status":"open","ping_status":"closed","template":"","meta":{"neve_meta_sidebar":"","neve_meta_container":"","neve_meta_enable_content_width":"off","neve_meta_content_width":100,"neve_meta_title_alignment":"","neve_meta_author_avatar":"","neve_post_elements_order":"","neve_meta_disable_header":"","neve_meta_disable_footer":"","neve_meta_disable_title":""},"product_brand":[],"product_cat":[16,165,30,166,29],"product_tag":[79,19,32],"class_list":{"0":"post-2441","1":"product","2":"type-product","3":"status-publish","4":"has-post-thumbnail","6":"product_cat-ceramique","7":"product_cat-luxembourg","8":"product_cat-luxemburgensia","9":"product_cat-luxemburgensia-luxemburgensia","10":"product_cat-villeroy-boch","11":"product_tag-art","12":"product_tag-faience","13":"product_tag-villeroy-et-boch","15":"first","16":"instock","17":"shipping-taxable","18":"purchasable","19":"product-type-simple"},"_links":{"self":[{"href":"https:\/\/legrenierdelatour.be\/brocante\/wp-json\/wp\/v2\/product\/2441","targetHints":{"allow":["GET"]}}],"collection":[{"href":"https:\/\/legrenierdelatour.be\/brocante\/wp-json\/wp\/v2\/product"}],"about":[{"href":"https:\/\/legrenierdelatour.be\/brocante\/wp-json\/wp\/v2\/types\/product"}],"replies":[{"embeddable":true,"href":"https:\/\/legrenierdelatour.be\/brocante\/wp-json\/wp\/v2\/comments?post=2441"}],"wp:featuredmedia":[{"embeddable":true,"href":"https:\/\/legrenierdelatour.be\/brocante\/wp-json\/wp\/v2\/media\/2446"}],"wp:attachment":[{"href":"https:\/\/legrenierdelatour.be\/brocante\/wp-json\/wp\/v2\/media?parent=2441"}],"wp:term":[{"taxonomy":"product_brand","embeddable":true,"href":"https:\/\/legrenierdelatour.be\/brocante\/wp-json\/wp\/v2\/product_brand?post=2441"},{"taxonomy":"product_cat","embeddable":true,"href":"https:\/\/legrenierdelatour.be\/brocante\/wp-json\/wp\/v2\/product_cat?post=2441"},{"taxonomy":"product_tag","embeddable":true,"href":"https:\/\/legrenierdelatour.be\/brocante\/wp-json\/wp\/v2\/product_tag?post=2441"}],"curies":[{"name":"wp","href":"https:\/\/api.w.org\/{rel}","templated":true}]}}