{"id":2439,"date":"2022-06-28T15:49:36","date_gmt":"2022-06-28T13:49:36","guid":{"rendered":"https:\/\/legrenierdelatour.be\/brocante\/?post_type=product&#038;p=2439"},"modified":"2022-06-28T15:49:36","modified_gmt":"2022-06-28T13:49:36","slug":"vase-9017-strehla-gdr","status":"publish","type":"product","link":"https:\/\/legrenierdelatour.be\/brocante\/produit\/vase-9017-strehla-gdr\/","title":{"rendered":"Vase 9017 Strehla GDR"},"content":{"rendered":"<p>Vase en parfait \u00e9tat (16 cm de haut) produit par la manufacture Strehla en ex Allemagne de l\u2019Est. Cette manufacture a \u00e9t\u00e9 cr\u00e9\u00e9e en 1828. De 1960 \u00e0 1980, durant la p\u00e9riode communiste, elle est appel\u00e9e \u00a0VEB (Volkseingener Betrieb) Sachsen, Steingutfabrik Strehla. La manufacture fermera ses portes en 1989.<\/p>\n<div>De forme 9017, le vase a un d\u00e9cor qui le fait dater probablement des ann\u00e9es 1970.<\/div>\n<div>R\u00e9f 12.46<\/div>\n","protected":false},"excerpt":{"rendered":"<p>Vase en parfait \u00e9tat (16 cm de haut) produit par la manufacture Strehla en ex Allemagne de l\u2019Est. Cette manufacture a \u00e9t\u00e9 cr\u00e9\u00e9e en 1828. De 1960 \u00e0 1980, durant la p\u00e9riode communiste, elle est appel\u00e9e \u00a0VEB (Volkseingener Betrieb) Sachsen, Steingutfabrik Strehla. La manufacture fermera ses portes en 1989. De forme 9017, le vase a&hellip;&nbsp;<a href=\"https:\/\/legrenierdelatour.be\/brocante\/produit\/vase-9017-strehla-gdr\/\" class=\"\" rel=\"bookmark\">Lire la suite &raquo;<span class=\"screen-reader-text\">Vase 9017 Strehla GDR<\/span><\/a><\/p>\n","protected":false},"featured_media":2423,"comment_status":"open","ping_status":"closed","template":"","meta":{"neve_meta_sidebar":"","neve_meta_container":"","neve_meta_enable_content_width":"off","neve_meta_content_width":100,"neve_meta_title_alignment":"","neve_meta_author_avatar":"","neve_post_elements_order":"","neve_meta_disable_header":"","neve_meta_disable_footer":"","neve_meta_disable_title":""},"product_brand":[],"product_cat":[48,16,47],"product_tag":[19,190,28,49],"class_list":{"0":"post-2439","1":"product","2":"type-product","3":"status-publish","4":"has-post-thumbnail","6":"product_cat-allemagne","7":"product_cat-ceramique","8":"product_cat-west-germany","9":"product_tag-faience","10":"product_tag-strehla","11":"product_tag-vintage","12":"product_tag-west-germany","14":"first","15":"instock","16":"shipping-taxable","17":"purchasable","18":"product-type-simple"},"_links":{"self":[{"href":"https:\/\/legrenierdelatour.be\/brocante\/wp-json\/wp\/v2\/product\/2439","targetHints":{"allow":["GET"]}}],"collection":[{"href":"https:\/\/legrenierdelatour.be\/brocante\/wp-json\/wp\/v2\/product"}],"about":[{"href":"https:\/\/legrenierdelatour.be\/brocante\/wp-json\/wp\/v2\/types\/product"}],"replies":[{"embeddable":true,"href":"https:\/\/legrenierdelatour.be\/brocante\/wp-json\/wp\/v2\/comments?post=2439"}],"wp:featuredmedia":[{"embeddable":true,"href":"https:\/\/legrenierdelatour.be\/brocante\/wp-json\/wp\/v2\/media\/2423"}],"wp:attachment":[{"href":"https:\/\/legrenierdelatour.be\/brocante\/wp-json\/wp\/v2\/media?parent=2439"}],"wp:term":[{"taxonomy":"product_brand","embeddable":true,"href":"https:\/\/legrenierdelatour.be\/brocante\/wp-json\/wp\/v2\/product_brand?post=2439"},{"taxonomy":"product_cat","embeddable":true,"href":"https:\/\/legrenierdelatour.be\/brocante\/wp-json\/wp\/v2\/product_cat?post=2439"},{"taxonomy":"product_tag","embeddable":true,"href":"https:\/\/legrenierdelatour.be\/brocante\/wp-json\/wp\/v2\/product_tag?post=2439"}],"curies":[{"name":"wp","href":"https:\/\/api.w.org\/{rel}","templated":true}]}}