{"id":243,"date":"2022-02-10T16:02:15","date_gmt":"2022-02-10T15:02:15","guid":{"rendered":"https:\/\/legrenierdelatour.be\/brocante\/?post_type=product&#038;p=243"},"modified":"2026-03-30T13:00:50","modified_gmt":"2026-03-30T11:00:50","slug":"assiette-saint-donat-arlon-camille-barthelemy-villeroy-boch","status":"publish","type":"product","link":"https:\/\/legrenierdelatour.be\/brocante\/produit\/assiette-saint-donat-arlon-camille-barthelemy-villeroy-boch\/","title":{"rendered":"Assiette Saint Donat Arlon, Camille Barth\u00e9l\u00e9my, Villeroy &#038; Boch"},"content":{"rendered":"<p>Assiette d\u00e9corative (24 cm) avec une repr\u00e9sentation de l&rsquo;\u00e9glise Saint Donat d&rsquo;apr\u00e8s une gravure de Camille Barth\u00e9l\u00e9my (1890-1961) produite par Villeroy &amp; Boch Luxembourg. Son \u00e9tat est impeccable.<\/p>\n<p>R\u00e9f 2.17<\/p>\n","protected":false},"excerpt":{"rendered":"<p>Assiette d\u00e9corative (24 cm) avec une repr\u00e9sentation de l&rsquo;\u00e9glise Saint Donat d&rsquo;apr\u00e8s une gravure de Camille Barth\u00e9l\u00e9my (1890-1961) produite par Villeroy &amp; Boch Luxembourg. Son \u00e9tat est impeccable. R\u00e9f 2.17<\/p>\n","protected":false},"featured_media":244,"comment_status":"open","ping_status":"closed","template":"","meta":{"neve_meta_sidebar":"","neve_meta_container":"","neve_meta_enable_content_width":"off","neve_meta_content_width":100,"neve_meta_title_alignment":"","neve_meta_author_avatar":"","neve_post_elements_order":"","neve_meta_disable_header":"","neve_meta_disable_footer":"","neve_meta_disable_title":""},"product_brand":[],"product_cat":[15,16,165,30,31,29],"product_tag":[19,32],"class_list":{"0":"post-243","1":"product","2":"type-product","3":"status-publish","4":"has-post-thumbnail","6":"product_cat-non-classe","7":"product_cat-ceramique","8":"product_cat-luxembourg","9":"product_cat-luxemburgensia","10":"product_cat-pays-darlon","11":"product_cat-villeroy-boch","12":"product_tag-faience","13":"product_tag-villeroy-et-boch","15":"first","16":"instock","17":"shipping-taxable","18":"purchasable","19":"product-type-simple"},"_links":{"self":[{"href":"https:\/\/legrenierdelatour.be\/brocante\/wp-json\/wp\/v2\/product\/243","targetHints":{"allow":["GET"]}}],"collection":[{"href":"https:\/\/legrenierdelatour.be\/brocante\/wp-json\/wp\/v2\/product"}],"about":[{"href":"https:\/\/legrenierdelatour.be\/brocante\/wp-json\/wp\/v2\/types\/product"}],"replies":[{"embeddable":true,"href":"https:\/\/legrenierdelatour.be\/brocante\/wp-json\/wp\/v2\/comments?post=243"}],"wp:featuredmedia":[{"embeddable":true,"href":"https:\/\/legrenierdelatour.be\/brocante\/wp-json\/wp\/v2\/media\/244"}],"wp:attachment":[{"href":"https:\/\/legrenierdelatour.be\/brocante\/wp-json\/wp\/v2\/media?parent=243"}],"wp:term":[{"taxonomy":"product_brand","embeddable":true,"href":"https:\/\/legrenierdelatour.be\/brocante\/wp-json\/wp\/v2\/product_brand?post=243"},{"taxonomy":"product_cat","embeddable":true,"href":"https:\/\/legrenierdelatour.be\/brocante\/wp-json\/wp\/v2\/product_cat?post=243"},{"taxonomy":"product_tag","embeddable":true,"href":"https:\/\/legrenierdelatour.be\/brocante\/wp-json\/wp\/v2\/product_tag?post=243"}],"curies":[{"name":"wp","href":"https:\/\/api.w.org\/{rel}","templated":true}]}}