{"id":2416,"date":"2022-06-19T22:14:49","date_gmt":"2022-06-19T20:14:49","guid":{"rendered":"https:\/\/legrenierdelatour.be\/brocante\/?post_type=product&#038;p=2416"},"modified":"2022-06-19T22:14:49","modified_gmt":"2022-06-19T20:14:49","slug":"tableaux-africains-epoque-coloniale","status":"publish","type":"product","link":"https:\/\/legrenierdelatour.be\/brocante\/produit\/tableaux-africains-epoque-coloniale\/","title":{"rendered":"Tableaux africains, \u00e9poque coloniale"},"content":{"rendered":"<p>Tableaux anciens africains, de la p\u00e9riode coloniale sans doute, r\u00e9alis\u00e9es avec des tissus, broderies, perles et cheveux v\u00e9ritables. Un tableau intitul\u00e9 \u00ab\u00a0Femme \u00e9volu\u00e9e\u00a0\u00bb (48&#215;39 cm), et un autre sans titre \u00a0(67&#215;43 cm), en tr\u00e8s bon \u00e9tat.<\/p>\n<p>Ces tableaux extr\u00eamement rares sont vendus au prix de 80\u20ac pi\u00e8ce.<\/p>\n<div>R\u00e9f 12.39<\/div>\n","protected":false},"excerpt":{"rendered":"<p>Tableaux anciens africains, de la p\u00e9riode coloniale sans doute, r\u00e9alis\u00e9es avec des tissus, broderies, perles et cheveux v\u00e9ritables. Un tableau intitul\u00e9 \u00ab\u00a0Femme \u00e9volu\u00e9e\u00a0\u00bb (48&#215;39 cm), et un autre sans titre \u00a0(67&#215;43 cm), en tr\u00e8s bon \u00e9tat. Ces tableaux extr\u00eamement rares sont vendus au prix de 80\u20ac pi\u00e8ce. R\u00e9f 12.39<\/p>\n","protected":false},"featured_media":2409,"comment_status":"open","ping_status":"closed","template":"","meta":{"neve_meta_sidebar":"","neve_meta_container":"","neve_meta_enable_content_width":"off","neve_meta_content_width":100,"neve_meta_title_alignment":"","neve_meta_author_avatar":"","neve_post_elements_order":"","neve_meta_disable_header":"","neve_meta_disable_footer":"","neve_meta_disable_title":""},"product_brand":[],"product_cat":[167],"product_tag":[],"class_list":{"0":"post-2416","1":"product","2":"type-product","3":"status-publish","4":"has-post-thumbnail","6":"product_cat-peintures-et-sculptures","8":"first","9":"instock","10":"shipping-taxable","11":"purchasable","12":"product-type-simple"},"_links":{"self":[{"href":"https:\/\/legrenierdelatour.be\/brocante\/wp-json\/wp\/v2\/product\/2416","targetHints":{"allow":["GET"]}}],"collection":[{"href":"https:\/\/legrenierdelatour.be\/brocante\/wp-json\/wp\/v2\/product"}],"about":[{"href":"https:\/\/legrenierdelatour.be\/brocante\/wp-json\/wp\/v2\/types\/product"}],"replies":[{"embeddable":true,"href":"https:\/\/legrenierdelatour.be\/brocante\/wp-json\/wp\/v2\/comments?post=2416"}],"wp:featuredmedia":[{"embeddable":true,"href":"https:\/\/legrenierdelatour.be\/brocante\/wp-json\/wp\/v2\/media\/2409"}],"wp:attachment":[{"href":"https:\/\/legrenierdelatour.be\/brocante\/wp-json\/wp\/v2\/media?parent=2416"}],"wp:term":[{"taxonomy":"product_brand","embeddable":true,"href":"https:\/\/legrenierdelatour.be\/brocante\/wp-json\/wp\/v2\/product_brand?post=2416"},{"taxonomy":"product_cat","embeddable":true,"href":"https:\/\/legrenierdelatour.be\/brocante\/wp-json\/wp\/v2\/product_cat?post=2416"},{"taxonomy":"product_tag","embeddable":true,"href":"https:\/\/legrenierdelatour.be\/brocante\/wp-json\/wp\/v2\/product_tag?post=2416"}],"curies":[{"name":"wp","href":"https:\/\/api.w.org\/{rel}","templated":true}]}}