{"id":2415,"date":"2022-06-19T18:27:37","date_gmt":"2022-06-19T16:27:37","guid":{"rendered":"https:\/\/legrenierdelatour.be\/brocante\/?post_type=product&#038;p=2415"},"modified":"2022-06-19T18:27:38","modified_gmt":"2022-06-19T16:27:38","slug":"peinture-a-lhuile-florenville-nelly-bernique-lyll","status":"publish","type":"product","link":"https:\/\/legrenierdelatour.be\/brocante\/produit\/peinture-a-lhuile-florenville-nelly-bernique-lyll\/","title":{"rendered":"Peinture \u00e0 l&rsquo;huile \u00ab\u00a0Florenville\u00a0\u00bb Nelly Bernique, Lyll"},"content":{"rendered":"<p>Peinture \u00e0 l\u2019huile (60&#215;50 cm) repr\u00e9sentant Florenville, peinte par\u00a0Nelly Bernique, \u00e9pouse Limbourg, qui signe en g\u00e9n\u00e9ral\u00a0\u00ab\u00a0Lyll\u00a0\u00bb. \u00a0Elle a travaill\u00e9 avec Ren\u00e9 Albert Zimmer et \u00e9galement expos\u00e9 avec lui.<\/p>\n<div>R\u00e9f 12.38<\/div>\n","protected":false},"excerpt":{"rendered":"<p>Peinture \u00e0 l\u2019huile (60&#215;50 cm) repr\u00e9sentant Florenville, peinte par\u00a0Nelly Bernique, \u00e9pouse Limbourg, qui signe en g\u00e9n\u00e9ral\u00a0\u00ab\u00a0Lyll\u00a0\u00bb. \u00a0Elle a travaill\u00e9 avec Ren\u00e9 Albert Zimmer et \u00e9galement expos\u00e9 avec lui. R\u00e9f 12.38<\/p>\n","protected":false},"featured_media":2406,"comment_status":"open","ping_status":"closed","template":"","meta":{"neve_meta_sidebar":"","neve_meta_container":"","neve_meta_enable_content_width":"off","neve_meta_content_width":100,"neve_meta_title_alignment":"","neve_meta_author_avatar":"","neve_post_elements_order":"","neve_meta_disable_header":"","neve_meta_disable_footer":"","neve_meta_disable_title":""},"product_brand":[],"product_cat":[30,31,167],"product_tag":[79,40,112],"class_list":{"0":"post-2415","1":"product","2":"type-product","3":"status-publish","4":"has-post-thumbnail","6":"product_cat-luxemburgensia","7":"product_cat-pays-darlon","8":"product_cat-peintures-et-sculptures","9":"product_tag-art","10":"product_tag-belgique","11":"product_tag-pays-darlon","13":"first","14":"instock","15":"shipping-taxable","16":"purchasable","17":"product-type-simple"},"_links":{"self":[{"href":"https:\/\/legrenierdelatour.be\/brocante\/wp-json\/wp\/v2\/product\/2415","targetHints":{"allow":["GET"]}}],"collection":[{"href":"https:\/\/legrenierdelatour.be\/brocante\/wp-json\/wp\/v2\/product"}],"about":[{"href":"https:\/\/legrenierdelatour.be\/brocante\/wp-json\/wp\/v2\/types\/product"}],"replies":[{"embeddable":true,"href":"https:\/\/legrenierdelatour.be\/brocante\/wp-json\/wp\/v2\/comments?post=2415"}],"wp:featuredmedia":[{"embeddable":true,"href":"https:\/\/legrenierdelatour.be\/brocante\/wp-json\/wp\/v2\/media\/2406"}],"wp:attachment":[{"href":"https:\/\/legrenierdelatour.be\/brocante\/wp-json\/wp\/v2\/media?parent=2415"}],"wp:term":[{"taxonomy":"product_brand","embeddable":true,"href":"https:\/\/legrenierdelatour.be\/brocante\/wp-json\/wp\/v2\/product_brand?post=2415"},{"taxonomy":"product_cat","embeddable":true,"href":"https:\/\/legrenierdelatour.be\/brocante\/wp-json\/wp\/v2\/product_cat?post=2415"},{"taxonomy":"product_tag","embeddable":true,"href":"https:\/\/legrenierdelatour.be\/brocante\/wp-json\/wp\/v2\/product_tag?post=2415"}],"curies":[{"name":"wp","href":"https:\/\/api.w.org\/{rel}","templated":true}]}}