{"id":2370,"date":"2022-06-05T17:04:33","date_gmt":"2022-06-05T15:04:33","guid":{"rendered":"https:\/\/legrenierdelatour.be\/brocante\/?post_type=product&#038;p=2370"},"modified":"2022-06-05T17:04:33","modified_gmt":"2022-06-05T15:04:33","slug":"christ-sur-croix-tramp-art","status":"publish","type":"product","link":"https:\/\/legrenierdelatour.be\/brocante\/produit\/christ-sur-croix-tramp-art\/","title":{"rendered":"Christ sur croix Tramp art"},"content":{"rendered":"<p>Christ sur une croix et socle (34 cm de haut), r\u00e9alis\u00e9e en Tramp Art et peinte en noir.\u00a0Il s\u2019agit d\u2019une forme d\u2019art tr\u00e8s populaire de 1870 \u00e0 1940, que l&rsquo;on consid\u00e8re comme de l\u2019art na\u00eff\u00a0ou de \u00ab\u00a0folk art\u00a0\u00bb. Il s\u2019agit de petits morceaux de bois, principalement \u00e0 partir de bo\u00eetes de cigares ou de caisses de transport, plac\u00e9s en couche dont les bords sont entaill\u00e9s.<\/p>\n<p>R\u00e9f 12.24<\/p>\n","protected":false},"excerpt":{"rendered":"<p>Christ sur une croix et socle (34 cm de haut), r\u00e9alis\u00e9e en Tramp Art et peinte en noir.\u00a0Il s\u2019agit d\u2019une forme d\u2019art tr\u00e8s populaire de 1870 \u00e0 1940, que l&rsquo;on consid\u00e8re comme de l\u2019art na\u00eff\u00a0ou de \u00ab\u00a0folk art\u00a0\u00bb. Il s\u2019agit de petits morceaux de bois, principalement \u00e0 partir de bo\u00eetes de cigares ou de caisses&hellip;&nbsp;<a href=\"https:\/\/legrenierdelatour.be\/brocante\/produit\/christ-sur-croix-tramp-art\/\" class=\"\" rel=\"bookmark\">Lire la suite &raquo;<span class=\"screen-reader-text\">Christ sur croix Tramp art<\/span><\/a><\/p>\n","protected":false},"featured_media":2363,"comment_status":"open","ping_status":"closed","template":"","meta":{"neve_meta_sidebar":"","neve_meta_container":"","neve_meta_enable_content_width":"off","neve_meta_content_width":100,"neve_meta_title_alignment":"","neve_meta_author_avatar":"","neve_post_elements_order":"","neve_meta_disable_header":"","neve_meta_disable_footer":"","neve_meta_disable_title":""},"product_brand":[],"product_cat":[34],"product_tag":[35],"class_list":{"0":"post-2370","1":"product","2":"type-product","3":"status-publish","4":"has-post-thumbnail","6":"product_cat-religiosa","7":"product_tag-religion","9":"first","10":"instock","11":"shipping-taxable","12":"purchasable","13":"product-type-simple"},"_links":{"self":[{"href":"https:\/\/legrenierdelatour.be\/brocante\/wp-json\/wp\/v2\/product\/2370","targetHints":{"allow":["GET"]}}],"collection":[{"href":"https:\/\/legrenierdelatour.be\/brocante\/wp-json\/wp\/v2\/product"}],"about":[{"href":"https:\/\/legrenierdelatour.be\/brocante\/wp-json\/wp\/v2\/types\/product"}],"replies":[{"embeddable":true,"href":"https:\/\/legrenierdelatour.be\/brocante\/wp-json\/wp\/v2\/comments?post=2370"}],"wp:featuredmedia":[{"embeddable":true,"href":"https:\/\/legrenierdelatour.be\/brocante\/wp-json\/wp\/v2\/media\/2363"}],"wp:attachment":[{"href":"https:\/\/legrenierdelatour.be\/brocante\/wp-json\/wp\/v2\/media?parent=2370"}],"wp:term":[{"taxonomy":"product_brand","embeddable":true,"href":"https:\/\/legrenierdelatour.be\/brocante\/wp-json\/wp\/v2\/product_brand?post=2370"},{"taxonomy":"product_cat","embeddable":true,"href":"https:\/\/legrenierdelatour.be\/brocante\/wp-json\/wp\/v2\/product_cat?post=2370"},{"taxonomy":"product_tag","embeddable":true,"href":"https:\/\/legrenierdelatour.be\/brocante\/wp-json\/wp\/v2\/product_tag?post=2370"}],"curies":[{"name":"wp","href":"https:\/\/api.w.org\/{rel}","templated":true}]}}