{"id":2368,"date":"2022-06-05T16:27:22","date_gmt":"2022-06-05T14:27:22","guid":{"rendered":"https:\/\/legrenierdelatour.be\/brocante\/?post_type=product&#038;p=2368"},"modified":"2022-06-05T16:27:23","modified_gmt":"2022-06-05T14:27:23","slug":"statuette-jeune-fille-au-panier","status":"publish","type":"product","link":"https:\/\/legrenierdelatour.be\/brocante\/produit\/statuette-jeune-fille-au-panier\/","title":{"rendered":"Statuette jeune fille au panier"},"content":{"rendered":"<p>Statuette en porcelaine (26 cm de haut), d\u2019une jeune fille avec panier. Dans les couleurs pastel, elle est dans le go\u00fbt de la production LLadro en Espagne, mais elle n\u2019est pas autentifi\u00e9e. Elle est en parfait \u00e9tat.<\/p>\n<div>R\u00e9f 12.22<\/div>\n","protected":false},"excerpt":{"rendered":"<p>Statuette en porcelaine (26 cm de haut), d\u2019une jeune fille avec panier. Dans les couleurs pastel, elle est dans le go\u00fbt de la production LLadro en Espagne, mais elle n\u2019est pas autentifi\u00e9e. Elle est en parfait \u00e9tat. R\u00e9f 12.22<\/p>\n","protected":false},"featured_media":2366,"comment_status":"open","ping_status":"closed","template":"","meta":{"neve_meta_sidebar":"","neve_meta_container":"","neve_meta_enable_content_width":"off","neve_meta_content_width":100,"neve_meta_title_alignment":"","neve_meta_author_avatar":"","neve_post_elements_order":"","neve_meta_disable_header":"","neve_meta_disable_footer":"","neve_meta_disable_title":""},"product_brand":[],"product_cat":[15,159,16,167],"product_tag":[79,74],"class_list":{"0":"post-2368","1":"product","2":"type-product","3":"status-publish","4":"has-post-thumbnail","6":"product_cat-non-classe","7":"product_cat-autres-pays","8":"product_cat-ceramique","9":"product_cat-peintures-et-sculptures","10":"product_tag-art","11":"product_tag-porcelaine","13":"first","14":"instock","15":"shipping-taxable","16":"purchasable","17":"product-type-simple"},"_links":{"self":[{"href":"https:\/\/legrenierdelatour.be\/brocante\/wp-json\/wp\/v2\/product\/2368","targetHints":{"allow":["GET"]}}],"collection":[{"href":"https:\/\/legrenierdelatour.be\/brocante\/wp-json\/wp\/v2\/product"}],"about":[{"href":"https:\/\/legrenierdelatour.be\/brocante\/wp-json\/wp\/v2\/types\/product"}],"replies":[{"embeddable":true,"href":"https:\/\/legrenierdelatour.be\/brocante\/wp-json\/wp\/v2\/comments?post=2368"}],"wp:featuredmedia":[{"embeddable":true,"href":"https:\/\/legrenierdelatour.be\/brocante\/wp-json\/wp\/v2\/media\/2366"}],"wp:attachment":[{"href":"https:\/\/legrenierdelatour.be\/brocante\/wp-json\/wp\/v2\/media?parent=2368"}],"wp:term":[{"taxonomy":"product_brand","embeddable":true,"href":"https:\/\/legrenierdelatour.be\/brocante\/wp-json\/wp\/v2\/product_brand?post=2368"},{"taxonomy":"product_cat","embeddable":true,"href":"https:\/\/legrenierdelatour.be\/brocante\/wp-json\/wp\/v2\/product_cat?post=2368"},{"taxonomy":"product_tag","embeddable":true,"href":"https:\/\/legrenierdelatour.be\/brocante\/wp-json\/wp\/v2\/product_tag?post=2368"}],"curies":[{"name":"wp","href":"https:\/\/api.w.org\/{rel}","templated":true}]}}