{"id":2355,"date":"2022-06-05T16:13:12","date_gmt":"2022-06-05T14:13:12","guid":{"rendered":"https:\/\/legrenierdelatour.be\/brocante\/?post_type=product&#038;p=2355"},"modified":"2022-06-05T16:13:12","modified_gmt":"2022-06-05T14:13:12","slug":"vase-a-deux-anses-2037-thulin","status":"publish","type":"product","link":"https:\/\/legrenierdelatour.be\/brocante\/produit\/vase-a-deux-anses-2037-thulin\/","title":{"rendered":"Vase \u00e0 deux anses 2037 Thulin"},"content":{"rendered":"<p>Petit vase \u00e0 deux anses (10 cm de haut, 11 cm de base) issu sans doute de la manufacture de Thulin (fond\u00e9e en 1887 par la famille Ducobu, ferm\u00e9e en 1971). Il est en tr\u00e8s bon \u00e9tat et de forme 2037.<\/p>\n<div>R\u00e9f 12.21<\/div>\n","protected":false},"excerpt":{"rendered":"<p>Petit vase \u00e0 deux anses (10 cm de haut, 11 cm de base) issu sans doute de la manufacture de Thulin (fond\u00e9e en 1887 par la famille Ducobu, ferm\u00e9e en 1971). Il est en tr\u00e8s bon \u00e9tat et de forme 2037. R\u00e9f 12.21<\/p>\n","protected":false},"featured_media":2360,"comment_status":"open","ping_status":"closed","template":"","meta":{"neve_meta_sidebar":"","neve_meta_container":"","neve_meta_enable_content_width":"off","neve_meta_content_width":100,"neve_meta_title_alignment":"","neve_meta_author_avatar":"","neve_post_elements_order":"","neve_meta_disable_header":"","neve_meta_disable_footer":"","neve_meta_disable_title":""},"product_brand":[],"product_cat":[15,37,16,177],"product_tag":[123,40,19,46],"class_list":{"0":"post-2355","1":"product","2":"type-product","3":"status-publish","4":"has-post-thumbnail","6":"product_cat-non-classe","7":"product_cat-belgique","8":"product_cat-ceramique","9":"product_cat-thulin","10":"product_tag-art-nouveau","11":"product_tag-belgique","12":"product_tag-faience","13":"product_tag-thulin","15":"first","16":"instock","17":"shipping-taxable","18":"purchasable","19":"product-type-simple"},"_links":{"self":[{"href":"https:\/\/legrenierdelatour.be\/brocante\/wp-json\/wp\/v2\/product\/2355","targetHints":{"allow":["GET"]}}],"collection":[{"href":"https:\/\/legrenierdelatour.be\/brocante\/wp-json\/wp\/v2\/product"}],"about":[{"href":"https:\/\/legrenierdelatour.be\/brocante\/wp-json\/wp\/v2\/types\/product"}],"replies":[{"embeddable":true,"href":"https:\/\/legrenierdelatour.be\/brocante\/wp-json\/wp\/v2\/comments?post=2355"}],"wp:featuredmedia":[{"embeddable":true,"href":"https:\/\/legrenierdelatour.be\/brocante\/wp-json\/wp\/v2\/media\/2360"}],"wp:attachment":[{"href":"https:\/\/legrenierdelatour.be\/brocante\/wp-json\/wp\/v2\/media?parent=2355"}],"wp:term":[{"taxonomy":"product_brand","embeddable":true,"href":"https:\/\/legrenierdelatour.be\/brocante\/wp-json\/wp\/v2\/product_brand?post=2355"},{"taxonomy":"product_cat","embeddable":true,"href":"https:\/\/legrenierdelatour.be\/brocante\/wp-json\/wp\/v2\/product_cat?post=2355"},{"taxonomy":"product_tag","embeddable":true,"href":"https:\/\/legrenierdelatour.be\/brocante\/wp-json\/wp\/v2\/product_tag?post=2355"}],"curies":[{"name":"wp","href":"https:\/\/api.w.org\/{rel}","templated":true}]}}