{"id":2335,"date":"2022-06-04T14:57:18","date_gmt":"2022-06-04T12:57:18","guid":{"rendered":"https:\/\/legrenierdelatour.be\/brocante\/?post_type=product&#038;p=2335"},"modified":"2022-06-05T20:48:44","modified_gmt":"2022-06-05T18:48:44","slug":"mini-vase-500-7","status":"publish","type":"product","link":"https:\/\/legrenierdelatour.be\/brocante\/produit\/mini-vase-500-7\/","title":{"rendered":"Mini vase 500\/7"},"content":{"rendered":"<p>Mini vase (7 cm de haut) en parfait \u00e9tat, \u00e9maill\u00e9. Il s\u2019agit d\u2019une production allemande ou belge, sans plus de pr\u00e9cision.<\/p>\n<div>R\u00e9f 12.13<\/div>\n","protected":false},"excerpt":{"rendered":"<p>Mini vase (7 cm de haut) en parfait \u00e9tat, \u00e9maill\u00e9. Il s\u2019agit d\u2019une production allemande ou belge, sans plus de pr\u00e9cision. R\u00e9f 12.13<\/p>\n","protected":false},"featured_media":2324,"comment_status":"open","ping_status":"closed","template":"","meta":{"neve_meta_sidebar":"","neve_meta_container":"","neve_meta_enable_content_width":"off","neve_meta_content_width":100,"neve_meta_title_alignment":"","neve_meta_author_avatar":"","neve_post_elements_order":"","neve_meta_disable_header":"","neve_meta_disable_footer":"","neve_meta_disable_title":""},"product_brand":[],"product_cat":[48,37,16],"product_tag":[40,19,49],"class_list":{"0":"post-2335","1":"product","2":"type-product","3":"status-publish","4":"has-post-thumbnail","6":"product_cat-allemagne","7":"product_cat-belgique","8":"product_cat-ceramique","9":"product_tag-belgique","10":"product_tag-faience","11":"product_tag-west-germany","13":"first","14":"instock","15":"shipping-taxable","16":"purchasable","17":"product-type-simple"},"_links":{"self":[{"href":"https:\/\/legrenierdelatour.be\/brocante\/wp-json\/wp\/v2\/product\/2335","targetHints":{"allow":["GET"]}}],"collection":[{"href":"https:\/\/legrenierdelatour.be\/brocante\/wp-json\/wp\/v2\/product"}],"about":[{"href":"https:\/\/legrenierdelatour.be\/brocante\/wp-json\/wp\/v2\/types\/product"}],"replies":[{"embeddable":true,"href":"https:\/\/legrenierdelatour.be\/brocante\/wp-json\/wp\/v2\/comments?post=2335"}],"wp:featuredmedia":[{"embeddable":true,"href":"https:\/\/legrenierdelatour.be\/brocante\/wp-json\/wp\/v2\/media\/2324"}],"wp:attachment":[{"href":"https:\/\/legrenierdelatour.be\/brocante\/wp-json\/wp\/v2\/media?parent=2335"}],"wp:term":[{"taxonomy":"product_brand","embeddable":true,"href":"https:\/\/legrenierdelatour.be\/brocante\/wp-json\/wp\/v2\/product_brand?post=2335"},{"taxonomy":"product_cat","embeddable":true,"href":"https:\/\/legrenierdelatour.be\/brocante\/wp-json\/wp\/v2\/product_cat?post=2335"},{"taxonomy":"product_tag","embeddable":true,"href":"https:\/\/legrenierdelatour.be\/brocante\/wp-json\/wp\/v2\/product_tag?post=2335"}],"curies":[{"name":"wp","href":"https:\/\/api.w.org\/{rel}","templated":true}]}}