{"id":2328,"date":"2022-06-04T13:38:18","date_gmt":"2022-06-04T11:38:18","guid":{"rendered":"https:\/\/legrenierdelatour.be\/brocante\/?post_type=product&#038;p=2328"},"modified":"2022-09-05T08:27:40","modified_gmt":"2022-09-05T06:27:40","slug":"assiettes-lac-de-la-haute-sure-villeroy-boch","status":"publish","type":"product","link":"https:\/\/legrenierdelatour.be\/brocante\/produit\/assiettes-lac-de-la-haute-sure-villeroy-boch\/","title":{"rendered":"Assiettes Lac de la Haute-Sure, Villeroy &#038; Boch"},"content":{"rendered":"<p>3 assiettes (24 cm de diam\u00e8tre) produites par Villeroy et Boch et repr\u00e9sentant des vues de diff\u00e9rents villages du Lac de la Haute-Sure, dessin\u00e9es par Schmit Fr (sign\u00e9es) : \u00a0Insenborn, num\u00e9rot\u00e9e 387, 1971; Arsdorf, num\u00e9rot\u00e9e 457, 1972; Bigonville num\u00e9rot\u00e9e 161, 1974. Elles sont en excellent \u00e9tat et ont \u00e9t\u00e9 produites entre 1970 et 1974.<\/p>\n<p>Elles sont vendues \u00e0 12\u20ac pi\u00e8ce.<\/p>\n<div>R\u00e9f 12.11<\/div>\n","protected":false},"excerpt":{"rendered":"<p>3 assiettes (24 cm de diam\u00e8tre) produites par Villeroy et Boch et repr\u00e9sentant des vues de diff\u00e9rents villages du Lac de la Haute-Sure, dessin\u00e9es par Schmit Fr (sign\u00e9es) : \u00a0Insenborn, num\u00e9rot\u00e9e 387, 1971; Arsdorf, num\u00e9rot\u00e9e 457, 1972; Bigonville num\u00e9rot\u00e9e 161, 1974. Elles sont en excellent \u00e9tat et ont \u00e9t\u00e9 produites entre 1970 et 1974. Elles&hellip;&nbsp;<a href=\"https:\/\/legrenierdelatour.be\/brocante\/produit\/assiettes-lac-de-la-haute-sure-villeroy-boch\/\" class=\"\" rel=\"bookmark\">Lire la suite &raquo;<span class=\"screen-reader-text\">Assiettes Lac de la Haute-Sure, Villeroy &#038; Boch<\/span><\/a><\/p>\n","protected":false},"featured_media":2296,"comment_status":"open","ping_status":"closed","template":"","meta":{"neve_meta_sidebar":"","neve_meta_container":"","neve_meta_enable_content_width":"off","neve_meta_content_width":100,"neve_meta_title_alignment":"","neve_meta_author_avatar":"","neve_post_elements_order":"","neve_meta_disable_header":"","neve_meta_disable_footer":"","neve_meta_disable_title":""},"product_brand":[],"product_cat":[16,165,30,166,29],"product_tag":[79,19,83,32],"class_list":{"0":"post-2328","1":"product","2":"type-product","3":"status-publish","4":"has-post-thumbnail","6":"product_cat-ceramique","7":"product_cat-luxembourg","8":"product_cat-luxemburgensia","9":"product_cat-luxemburgensia-luxemburgensia","10":"product_cat-villeroy-boch","11":"product_tag-art","12":"product_tag-faience","13":"product_tag-luxemburgensia","14":"product_tag-villeroy-et-boch","16":"first","17":"instock","18":"shipping-taxable","19":"purchasable","20":"product-type-simple"},"_links":{"self":[{"href":"https:\/\/legrenierdelatour.be\/brocante\/wp-json\/wp\/v2\/product\/2328","targetHints":{"allow":["GET"]}}],"collection":[{"href":"https:\/\/legrenierdelatour.be\/brocante\/wp-json\/wp\/v2\/product"}],"about":[{"href":"https:\/\/legrenierdelatour.be\/brocante\/wp-json\/wp\/v2\/types\/product"}],"replies":[{"embeddable":true,"href":"https:\/\/legrenierdelatour.be\/brocante\/wp-json\/wp\/v2\/comments?post=2328"}],"wp:featuredmedia":[{"embeddable":true,"href":"https:\/\/legrenierdelatour.be\/brocante\/wp-json\/wp\/v2\/media\/2296"}],"wp:attachment":[{"href":"https:\/\/legrenierdelatour.be\/brocante\/wp-json\/wp\/v2\/media?parent=2328"}],"wp:term":[{"taxonomy":"product_brand","embeddable":true,"href":"https:\/\/legrenierdelatour.be\/brocante\/wp-json\/wp\/v2\/product_brand?post=2328"},{"taxonomy":"product_cat","embeddable":true,"href":"https:\/\/legrenierdelatour.be\/brocante\/wp-json\/wp\/v2\/product_cat?post=2328"},{"taxonomy":"product_tag","embeddable":true,"href":"https:\/\/legrenierdelatour.be\/brocante\/wp-json\/wp\/v2\/product_tag?post=2328"}],"curies":[{"name":"wp","href":"https:\/\/api.w.org\/{rel}","templated":true}]}}