{"id":2327,"date":"2022-06-04T11:29:05","date_gmt":"2022-06-04T09:29:05","guid":{"rendered":"https:\/\/legrenierdelatour.be\/brocante\/?post_type=product&#038;p=2327"},"modified":"2022-06-04T11:29:05","modified_gmt":"2022-06-04T09:29:05","slug":"plaque-metallique-souvenir-de-st-hubert","status":"publish","type":"product","link":"https:\/\/legrenierdelatour.be\/brocante\/produit\/plaque-metallique-souvenir-de-st-hubert\/","title":{"rendered":"Plaque m\u00e9tallique \u00ab\u00a0Souvenir de St Hubert\u00a0\u00bb"},"content":{"rendered":"<p>Petite plaque m\u00e9tallique (13,5&#215;10,5 cm), avec pied \u00e0 l\u2019arri\u00e8re pour la dresser, repr\u00e9setant des vues de Saint Hubert. En bon \u00e9tat, si ce n\u2019est un petit coup sur le c\u00f4t\u00e9.<\/p>\n<div>R\u00e9f 12.10<\/div>\n","protected":false},"excerpt":{"rendered":"<p>Petite plaque m\u00e9tallique (13,5&#215;10,5 cm), avec pied \u00e0 l\u2019arri\u00e8re pour la dresser, repr\u00e9setant des vues de Saint Hubert. En bon \u00e9tat, si ce n\u2019est un petit coup sur le c\u00f4t\u00e9. R\u00e9f 12.10<\/p>\n","protected":false},"featured_media":2291,"comment_status":"open","ping_status":"closed","template":"","meta":{"neve_meta_sidebar":"","neve_meta_container":"","neve_meta_enable_content_width":"off","neve_meta_content_width":100,"neve_meta_title_alignment":"","neve_meta_author_avatar":"","neve_post_elements_order":"","neve_meta_disable_header":"","neve_meta_disable_footer":"","neve_meta_disable_title":""},"product_brand":[],"product_cat":[30,31],"product_tag":[40,112,68],"class_list":{"0":"post-2327","1":"product","2":"type-product","3":"status-publish","4":"has-post-thumbnail","6":"product_cat-luxemburgensia","7":"product_cat-pays-darlon","8":"product_tag-belgique","9":"product_tag-pays-darlon","10":"product_tag-publicite","12":"first","13":"instock","14":"shipping-taxable","15":"purchasable","16":"product-type-simple"},"_links":{"self":[{"href":"https:\/\/legrenierdelatour.be\/brocante\/wp-json\/wp\/v2\/product\/2327","targetHints":{"allow":["GET"]}}],"collection":[{"href":"https:\/\/legrenierdelatour.be\/brocante\/wp-json\/wp\/v2\/product"}],"about":[{"href":"https:\/\/legrenierdelatour.be\/brocante\/wp-json\/wp\/v2\/types\/product"}],"replies":[{"embeddable":true,"href":"https:\/\/legrenierdelatour.be\/brocante\/wp-json\/wp\/v2\/comments?post=2327"}],"wp:featuredmedia":[{"embeddable":true,"href":"https:\/\/legrenierdelatour.be\/brocante\/wp-json\/wp\/v2\/media\/2291"}],"wp:attachment":[{"href":"https:\/\/legrenierdelatour.be\/brocante\/wp-json\/wp\/v2\/media?parent=2327"}],"wp:term":[{"taxonomy":"product_brand","embeddable":true,"href":"https:\/\/legrenierdelatour.be\/brocante\/wp-json\/wp\/v2\/product_brand?post=2327"},{"taxonomy":"product_cat","embeddable":true,"href":"https:\/\/legrenierdelatour.be\/brocante\/wp-json\/wp\/v2\/product_cat?post=2327"},{"taxonomy":"product_tag","embeddable":true,"href":"https:\/\/legrenierdelatour.be\/brocante\/wp-json\/wp\/v2\/product_tag?post=2327"}],"curies":[{"name":"wp","href":"https:\/\/api.w.org\/{rel}","templated":true}]}}