{"id":2318,"date":"2022-06-03T21:06:05","date_gmt":"2022-06-03T19:06:05","guid":{"rendered":"https:\/\/legrenierdelatour.be\/brocante\/?post_type=product&#038;p=2318"},"modified":"2022-06-03T21:06:05","modified_gmt":"2022-06-03T19:06:05","slug":"vase-edelstein-bavaria","status":"publish","type":"product","link":"https:\/\/legrenierdelatour.be\/brocante\/produit\/vase-edelstein-bavaria\/","title":{"rendered":"Vase Edelstein Bavaria"},"content":{"rendered":"<p>Petit vase en porcelaine (19 cm de haut), en parfait \u00e9tat et produit par la Manufacture Edelstein en Bavi\u00e8re. Jolie repr\u00e9sentation de fleurs .<\/p>\n<div>R\u00e9f 12.6<\/div>\n","protected":false},"excerpt":{"rendered":"<p>Petit vase en porcelaine (19 cm de haut), en parfait \u00e9tat et produit par la Manufacture Edelstein en Bavi\u00e8re. Jolie repr\u00e9sentation de fleurs . R\u00e9f 12.6<\/p>\n","protected":false},"featured_media":2262,"comment_status":"open","ping_status":"closed","template":"","meta":{"neve_meta_sidebar":"","neve_meta_container":"","neve_meta_enable_content_width":"off","neve_meta_content_width":100,"neve_meta_title_alignment":"","neve_meta_author_avatar":"","neve_post_elements_order":"","neve_meta_disable_header":"","neve_meta_disable_footer":"","neve_meta_disable_title":""},"product_brand":[],"product_cat":[48,168,16],"product_tag":[154,74],"class_list":{"0":"post-2318","1":"product","2":"type-product","3":"status-publish","4":"has-post-thumbnail","6":"product_cat-allemagne","7":"product_cat-bavaria","8":"product_cat-ceramique","9":"product_tag-bavaria","10":"product_tag-porcelaine","12":"first","13":"instock","14":"shipping-taxable","15":"purchasable","16":"product-type-simple"},"_links":{"self":[{"href":"https:\/\/legrenierdelatour.be\/brocante\/wp-json\/wp\/v2\/product\/2318","targetHints":{"allow":["GET"]}}],"collection":[{"href":"https:\/\/legrenierdelatour.be\/brocante\/wp-json\/wp\/v2\/product"}],"about":[{"href":"https:\/\/legrenierdelatour.be\/brocante\/wp-json\/wp\/v2\/types\/product"}],"replies":[{"embeddable":true,"href":"https:\/\/legrenierdelatour.be\/brocante\/wp-json\/wp\/v2\/comments?post=2318"}],"wp:featuredmedia":[{"embeddable":true,"href":"https:\/\/legrenierdelatour.be\/brocante\/wp-json\/wp\/v2\/media\/2262"}],"wp:attachment":[{"href":"https:\/\/legrenierdelatour.be\/brocante\/wp-json\/wp\/v2\/media?parent=2318"}],"wp:term":[{"taxonomy":"product_brand","embeddable":true,"href":"https:\/\/legrenierdelatour.be\/brocante\/wp-json\/wp\/v2\/product_brand?post=2318"},{"taxonomy":"product_cat","embeddable":true,"href":"https:\/\/legrenierdelatour.be\/brocante\/wp-json\/wp\/v2\/product_cat?post=2318"},{"taxonomy":"product_tag","embeddable":true,"href":"https:\/\/legrenierdelatour.be\/brocante\/wp-json\/wp\/v2\/product_tag?post=2318"}],"curies":[{"name":"wp","href":"https:\/\/api.w.org\/{rel}","templated":true}]}}