{"id":2315,"date":"2022-06-03T20:30:31","date_gmt":"2022-06-03T18:30:31","guid":{"rendered":"https:\/\/legrenierdelatour.be\/brocante\/?post_type=product&#038;p=2315"},"modified":"2022-06-03T20:30:32","modified_gmt":"2022-06-03T18:30:32","slug":"profil-de-femme-652-hubert-bequet","status":"publish","type":"product","link":"https:\/\/legrenierdelatour.be\/brocante\/produit\/profil-de-femme-652-hubert-bequet\/","title":{"rendered":"Profil de femme 652 Hubert Bequet"},"content":{"rendered":"<p>Petit profil en fa\u00efence (12 cm de haut), produit par Hubert Bequet de 1960 \u00e0 1979. En bon \u00e9tat, si ce n\u2019est la dorure qui est relativement \u00ab\u00a0pass\u00e9e\u00a0\u00bb. Num\u00e9ro de moule 652.<\/p>\n<div>R\u00e9f 12.3<\/div>\n","protected":false},"excerpt":{"rendered":"<p>Petit profil en fa\u00efence (12 cm de haut), produit par Hubert Bequet de 1960 \u00e0 1979. En bon \u00e9tat, si ce n\u2019est la dorure qui est relativement \u00ab\u00a0pass\u00e9e\u00a0\u00bb. Num\u00e9ro de moule 652. R\u00e9f 12.3<\/p>\n","protected":false},"featured_media":2310,"comment_status":"open","ping_status":"closed","template":"","meta":{"neve_meta_sidebar":"","neve_meta_container":"","neve_meta_enable_content_width":"off","neve_meta_content_width":100,"neve_meta_title_alignment":"","neve_meta_author_avatar":"","neve_post_elements_order":"","neve_meta_disable_header":"","neve_meta_disable_footer":"","neve_meta_disable_title":""},"product_brand":[],"product_cat":[37,16,36,167],"product_tag":[79,40,19,38,28],"class_list":{"0":"post-2315","1":"product","2":"type-product","3":"status-publish","4":"has-post-thumbnail","6":"product_cat-belgique","7":"product_cat-ceramique","8":"product_cat-hubert-bequet","9":"product_cat-peintures-et-sculptures","10":"product_tag-art","11":"product_tag-belgique","12":"product_tag-faience","13":"product_tag-hubert-bequet","14":"product_tag-vintage","16":"first","17":"instock","18":"shipping-taxable","19":"purchasable","20":"product-type-simple"},"_links":{"self":[{"href":"https:\/\/legrenierdelatour.be\/brocante\/wp-json\/wp\/v2\/product\/2315","targetHints":{"allow":["GET"]}}],"collection":[{"href":"https:\/\/legrenierdelatour.be\/brocante\/wp-json\/wp\/v2\/product"}],"about":[{"href":"https:\/\/legrenierdelatour.be\/brocante\/wp-json\/wp\/v2\/types\/product"}],"replies":[{"embeddable":true,"href":"https:\/\/legrenierdelatour.be\/brocante\/wp-json\/wp\/v2\/comments?post=2315"}],"wp:featuredmedia":[{"embeddable":true,"href":"https:\/\/legrenierdelatour.be\/brocante\/wp-json\/wp\/v2\/media\/2310"}],"wp:attachment":[{"href":"https:\/\/legrenierdelatour.be\/brocante\/wp-json\/wp\/v2\/media?parent=2315"}],"wp:term":[{"taxonomy":"product_brand","embeddable":true,"href":"https:\/\/legrenierdelatour.be\/brocante\/wp-json\/wp\/v2\/product_brand?post=2315"},{"taxonomy":"product_cat","embeddable":true,"href":"https:\/\/legrenierdelatour.be\/brocante\/wp-json\/wp\/v2\/product_cat?post=2315"},{"taxonomy":"product_tag","embeddable":true,"href":"https:\/\/legrenierdelatour.be\/brocante\/wp-json\/wp\/v2\/product_tag?post=2315"}],"curies":[{"name":"wp","href":"https:\/\/api.w.org\/{rel}","templated":true}]}}