{"id":2286,"date":"2022-06-03T16:01:05","date_gmt":"2022-06-03T14:01:05","guid":{"rendered":"https:\/\/legrenierdelatour.be\/brocante\/?post_type=product&#038;p=2286"},"modified":"2022-06-03T16:01:05","modified_gmt":"2022-06-03T14:01:05","slug":"chope-en-gres-luxembourg-2","status":"publish","type":"product","link":"https:\/\/legrenierdelatour.be\/brocante\/produit\/chope-en-gres-luxembourg-2\/","title":{"rendered":"Chope en gr\u00e8s Luxembourg"},"content":{"rendered":"<p>Chope en gr\u00e8s verniss\u00e9 (7,5 cm de haut) avec des repr\u00e9sentations de monuments luxembourgeois (Vianden, Luxembourg, Echternach). Un \u00ab\u00a05&Prime; marqu\u00e9 en creux sous la base, et il s&rsquo;agit sans doute d&rsquo;une production allemande des ann\u00e9es 1970-90. Une chope de m\u00eame type se retrouve en r\u00e9f 7.75.<\/p>\n<p>R\u00e9f 12.2<\/p>\n","protected":false},"excerpt":{"rendered":"<p>Chope en gr\u00e8s verniss\u00e9 (7,5 cm de haut) avec des repr\u00e9sentations de monuments luxembourgeois (Vianden, Luxembourg, Echternach). Un \u00ab\u00a05&Prime; marqu\u00e9 en creux sous la base, et il s&rsquo;agit sans doute d&rsquo;une production allemande des ann\u00e9es 1970-90. Une chope de m\u00eame type se retrouve en r\u00e9f 7.75. R\u00e9f 12.2<\/p>\n","protected":false},"featured_media":2293,"comment_status":"open","ping_status":"closed","template":"","meta":{"neve_meta_sidebar":"","neve_meta_container":"","neve_meta_enable_content_width":"off","neve_meta_content_width":100,"neve_meta_title_alignment":"","neve_meta_author_avatar":"","neve_post_elements_order":"","neve_meta_disable_header":"","neve_meta_disable_footer":"","neve_meta_disable_title":""},"product_brand":[],"product_cat":[48,16,30,166],"product_tag":[113,83],"class_list":{"0":"post-2286","1":"product","2":"type-product","3":"status-publish","4":"has-post-thumbnail","6":"product_cat-allemagne","7":"product_cat-ceramique","8":"product_cat-luxemburgensia","9":"product_cat-luxemburgensia-luxemburgensia","10":"product_tag-gres","11":"product_tag-luxemburgensia","13":"first","14":"instock","15":"shipping-taxable","16":"purchasable","17":"product-type-simple"},"_links":{"self":[{"href":"https:\/\/legrenierdelatour.be\/brocante\/wp-json\/wp\/v2\/product\/2286","targetHints":{"allow":["GET"]}}],"collection":[{"href":"https:\/\/legrenierdelatour.be\/brocante\/wp-json\/wp\/v2\/product"}],"about":[{"href":"https:\/\/legrenierdelatour.be\/brocante\/wp-json\/wp\/v2\/types\/product"}],"replies":[{"embeddable":true,"href":"https:\/\/legrenierdelatour.be\/brocante\/wp-json\/wp\/v2\/comments?post=2286"}],"wp:featuredmedia":[{"embeddable":true,"href":"https:\/\/legrenierdelatour.be\/brocante\/wp-json\/wp\/v2\/media\/2293"}],"wp:attachment":[{"href":"https:\/\/legrenierdelatour.be\/brocante\/wp-json\/wp\/v2\/media?parent=2286"}],"wp:term":[{"taxonomy":"product_brand","embeddable":true,"href":"https:\/\/legrenierdelatour.be\/brocante\/wp-json\/wp\/v2\/product_brand?post=2286"},{"taxonomy":"product_cat","embeddable":true,"href":"https:\/\/legrenierdelatour.be\/brocante\/wp-json\/wp\/v2\/product_cat?post=2286"},{"taxonomy":"product_tag","embeddable":true,"href":"https:\/\/legrenierdelatour.be\/brocante\/wp-json\/wp\/v2\/product_tag?post=2286"}],"curies":[{"name":"wp","href":"https:\/\/api.w.org\/{rel}","templated":true}]}}