{"id":2283,"date":"2022-06-03T13:03:25","date_gmt":"2022-06-03T11:03:25","guid":{"rendered":"https:\/\/legrenierdelatour.be\/brocante\/?post_type=product&#038;p=2283"},"modified":"2025-09-08T17:14:06","modified_gmt":"2025-09-08T15:14:06","slug":"assiettes-a-dessert-dragon-boch-la-louviere","status":"publish","type":"product","link":"https:\/\/legrenierdelatour.be\/brocante\/produit\/assiettes-a-dessert-dragon-boch-la-louviere\/","title":{"rendered":"Assiettes \u00e0 dessert Dragon Boch La Louvi\u00e8re"},"content":{"rendered":"<p>Assiette \u00e0 dessert (20 cm de diam\u00e8tre) produite par Boch La Louvi\u00e8re sans doute dans les ann\u00e9es 1950. Elle est assez ancienne et porte les traces du temps. Elle porte le cachet bleu de Boch La Louvi\u00e8re.<\/p>\n<p>4 assiettes disponibles.<\/p>\n<p>R\u00e9f 11.97<\/p>\n","protected":false},"excerpt":{"rendered":"<p>Assiette \u00e0 dessert (20 cm de diam\u00e8tre) produite par Boch La Louvi\u00e8re sans doute dans les ann\u00e9es 1950. Elle est assez ancienne et porte les traces du temps. Elle porte le cachet bleu de Boch La Louvi\u00e8re. 4 assiettes disponibles. R\u00e9f 11.97<\/p>\n","protected":false},"featured_media":2279,"comment_status":"open","ping_status":"closed","template":"","meta":{"neve_meta_sidebar":"","neve_meta_container":"","neve_meta_enable_content_width":"off","neve_meta_content_width":100,"neve_meta_title_alignment":"","neve_meta_author_avatar":"","neve_post_elements_order":"","neve_meta_disable_header":"","neve_meta_disable_footer":"","neve_meta_disable_title":""},"product_brand":[],"product_cat":[37,175,172,16],"product_tag":[40,20],"class_list":{"0":"post-2283","1":"product","2":"type-product","3":"status-publish","4":"has-post-thumbnail","6":"product_cat-belgique","7":"product_cat-boch","8":"product_cat-en-cuisine","9":"product_cat-ceramique","10":"product_tag-belgique","11":"product_tag-boch","13":"first","14":"instock","15":"shipping-taxable","16":"purchasable","17":"product-type-simple"},"_links":{"self":[{"href":"https:\/\/legrenierdelatour.be\/brocante\/wp-json\/wp\/v2\/product\/2283","targetHints":{"allow":["GET"]}}],"collection":[{"href":"https:\/\/legrenierdelatour.be\/brocante\/wp-json\/wp\/v2\/product"}],"about":[{"href":"https:\/\/legrenierdelatour.be\/brocante\/wp-json\/wp\/v2\/types\/product"}],"replies":[{"embeddable":true,"href":"https:\/\/legrenierdelatour.be\/brocante\/wp-json\/wp\/v2\/comments?post=2283"}],"wp:featuredmedia":[{"embeddable":true,"href":"https:\/\/legrenierdelatour.be\/brocante\/wp-json\/wp\/v2\/media\/2279"}],"wp:attachment":[{"href":"https:\/\/legrenierdelatour.be\/brocante\/wp-json\/wp\/v2\/media?parent=2283"}],"wp:term":[{"taxonomy":"product_brand","embeddable":true,"href":"https:\/\/legrenierdelatour.be\/brocante\/wp-json\/wp\/v2\/product_brand?post=2283"},{"taxonomy":"product_cat","embeddable":true,"href":"https:\/\/legrenierdelatour.be\/brocante\/wp-json\/wp\/v2\/product_cat?post=2283"},{"taxonomy":"product_tag","embeddable":true,"href":"https:\/\/legrenierdelatour.be\/brocante\/wp-json\/wp\/v2\/product_tag?post=2283"}],"curies":[{"name":"wp","href":"https:\/\/api.w.org\/{rel}","templated":true}]}}