{"id":2273,"date":"2022-06-03T12:46:29","date_gmt":"2022-06-03T10:46:29","guid":{"rendered":"https:\/\/legrenierdelatour.be\/brocante\/?post_type=product&#038;p=2273"},"modified":"2022-06-03T12:46:30","modified_gmt":"2022-06-03T10:46:30","slug":"assiettes-creuse-dragon-boch-la-louviere","status":"publish","type":"product","link":"https:\/\/legrenierdelatour.be\/brocante\/produit\/assiettes-creuse-dragon-boch-la-louviere\/","title":{"rendered":"Assiettes creuse Dragon Boch La Louvi\u00e8re"},"content":{"rendered":"<p>9 assiettes creuses (23 cm de diam\u00e8tre) produites par Boch La Louvi\u00e8re sans doute dans les ann\u00e9es 1950. Elles sont en parfait \u00e9tat et pr\u00e9sentent le cachet bleu de Boch La Louvi\u00e8re.<\/p>\n<div>Elles sont vendues \u00e0 8\u20ac l\u2019assiette.<\/div>\n<div>R\u00e9f 11.95<\/div>\n","protected":false},"excerpt":{"rendered":"<p>9 assiettes creuses (23 cm de diam\u00e8tre) produites par Boch La Louvi\u00e8re sans doute dans les ann\u00e9es 1950. Elles sont en parfait \u00e9tat et pr\u00e9sentent le cachet bleu de Boch La Louvi\u00e8re. Elles sont vendues \u00e0 8\u20ac l\u2019assiette. R\u00e9f 11.95<\/p>\n","protected":false},"featured_media":2274,"comment_status":"open","ping_status":"closed","template":"","meta":{"neve_meta_sidebar":"","neve_meta_container":"","neve_meta_enable_content_width":"off","neve_meta_content_width":100,"neve_meta_title_alignment":"","neve_meta_author_avatar":"","neve_post_elements_order":"","neve_meta_disable_header":"","neve_meta_disable_footer":"","neve_meta_disable_title":""},"product_brand":[],"product_cat":[37,175,172,16],"product_tag":[40,20,19],"class_list":{"0":"post-2273","1":"product","2":"type-product","3":"status-publish","4":"has-post-thumbnail","6":"product_cat-belgique","7":"product_cat-boch","8":"product_cat-en-cuisine","9":"product_cat-ceramique","10":"product_tag-belgique","11":"product_tag-boch","12":"product_tag-faience","14":"first","15":"instock","16":"shipping-taxable","17":"purchasable","18":"product-type-simple"},"_links":{"self":[{"href":"https:\/\/legrenierdelatour.be\/brocante\/wp-json\/wp\/v2\/product\/2273","targetHints":{"allow":["GET"]}}],"collection":[{"href":"https:\/\/legrenierdelatour.be\/brocante\/wp-json\/wp\/v2\/product"}],"about":[{"href":"https:\/\/legrenierdelatour.be\/brocante\/wp-json\/wp\/v2\/types\/product"}],"replies":[{"embeddable":true,"href":"https:\/\/legrenierdelatour.be\/brocante\/wp-json\/wp\/v2\/comments?post=2273"}],"wp:featuredmedia":[{"embeddable":true,"href":"https:\/\/legrenierdelatour.be\/brocante\/wp-json\/wp\/v2\/media\/2274"}],"wp:attachment":[{"href":"https:\/\/legrenierdelatour.be\/brocante\/wp-json\/wp\/v2\/media?parent=2273"}],"wp:term":[{"taxonomy":"product_brand","embeddable":true,"href":"https:\/\/legrenierdelatour.be\/brocante\/wp-json\/wp\/v2\/product_brand?post=2273"},{"taxonomy":"product_cat","embeddable":true,"href":"https:\/\/legrenierdelatour.be\/brocante\/wp-json\/wp\/v2\/product_cat?post=2273"},{"taxonomy":"product_tag","embeddable":true,"href":"https:\/\/legrenierdelatour.be\/brocante\/wp-json\/wp\/v2\/product_tag?post=2273"}],"curies":[{"name":"wp","href":"https:\/\/api.w.org\/{rel}","templated":true}]}}