{"id":2272,"date":"2022-06-03T12:30:25","date_gmt":"2022-06-03T10:30:25","guid":{"rendered":"https:\/\/legrenierdelatour.be\/brocante\/?post_type=product&#038;p=2272"},"modified":"2022-06-03T12:30:25","modified_gmt":"2022-06-03T10:30:25","slug":"plat-marguerites-arcopal","status":"publish","type":"product","link":"https:\/\/legrenierdelatour.be\/brocante\/produit\/plat-marguerites-arcopal\/","title":{"rendered":"Plat Marguerites Arcopal"},"content":{"rendered":"<p>Petit plat (17 cm de diam\u00e8tre, 7 cm de haut) en Arcopal (depuis 1958) avec repr\u00e9sentations de marguerites (comme le plat en r\u00e9f 10.33 et la r\u00e9f 8.31), datant des ann\u00e9es 1960. Il est en tr\u00e8s bon \u00e9tat.<\/p>\n<p>R\u00e9f 11.94<\/p>\n","protected":false},"excerpt":{"rendered":"<p>Petit plat (17 cm de diam\u00e8tre, 7 cm de haut) en Arcopal (depuis 1958) avec repr\u00e9sentations de marguerites (comme le plat en r\u00e9f 10.33 et la r\u00e9f 8.31), datant des ann\u00e9es 1960. Il est en tr\u00e8s bon \u00e9tat. R\u00e9f 11.94<\/p>\n","protected":false},"featured_media":2253,"comment_status":"open","ping_status":"closed","template":"","meta":{"neve_meta_sidebar":"","neve_meta_container":"","neve_meta_enable_content_width":"off","neve_meta_content_width":100,"neve_meta_title_alignment":"","neve_meta_author_avatar":"","neve_post_elements_order":"","neve_meta_disable_header":"","neve_meta_disable_footer":"","neve_meta_disable_title":""},"product_brand":[],"product_cat":[115,116,172,163,22],"product_tag":[88],"class_list":{"0":"post-2272","1":"product","2":"type-product","3":"status-publish","4":"has-post-thumbnail","6":"product_cat-arcopal","7":"product_cat-cristal-darques","8":"product_cat-en-cuisine","9":"product_cat-productions-francaises","10":"product_cat-verrerie","11":"product_tag-arcopal","13":"first","14":"instock","15":"shipping-taxable","16":"purchasable","17":"product-type-simple"},"_links":{"self":[{"href":"https:\/\/legrenierdelatour.be\/brocante\/wp-json\/wp\/v2\/product\/2272","targetHints":{"allow":["GET"]}}],"collection":[{"href":"https:\/\/legrenierdelatour.be\/brocante\/wp-json\/wp\/v2\/product"}],"about":[{"href":"https:\/\/legrenierdelatour.be\/brocante\/wp-json\/wp\/v2\/types\/product"}],"replies":[{"embeddable":true,"href":"https:\/\/legrenierdelatour.be\/brocante\/wp-json\/wp\/v2\/comments?post=2272"}],"wp:featuredmedia":[{"embeddable":true,"href":"https:\/\/legrenierdelatour.be\/brocante\/wp-json\/wp\/v2\/media\/2253"}],"wp:attachment":[{"href":"https:\/\/legrenierdelatour.be\/brocante\/wp-json\/wp\/v2\/media?parent=2272"}],"wp:term":[{"taxonomy":"product_brand","embeddable":true,"href":"https:\/\/legrenierdelatour.be\/brocante\/wp-json\/wp\/v2\/product_brand?post=2272"},{"taxonomy":"product_cat","embeddable":true,"href":"https:\/\/legrenierdelatour.be\/brocante\/wp-json\/wp\/v2\/product_cat?post=2272"},{"taxonomy":"product_tag","embeddable":true,"href":"https:\/\/legrenierdelatour.be\/brocante\/wp-json\/wp\/v2\/product_tag?post=2272"}],"curies":[{"name":"wp","href":"https:\/\/api.w.org\/{rel}","templated":true}]}}