{"id":2270,"date":"2022-06-03T11:56:46","date_gmt":"2022-06-03T09:56:46","guid":{"rendered":"https:\/\/legrenierdelatour.be\/brocante\/?post_type=product&#038;p=2270"},"modified":"2022-06-03T11:56:46","modified_gmt":"2022-06-03T09:56:46","slug":"coupelle-le-vieux-moulin-dasselborn-villeroy-boch","status":"publish","type":"product","link":"https:\/\/legrenierdelatour.be\/brocante\/produit\/coupelle-le-vieux-moulin-dasselborn-villeroy-boch\/","title":{"rendered":"Coupelle \u00ab\u00a0Le Vieux Moulin d&rsquo;Asselborn\u00a0\u00bb Villeroy &#038; Boch"},"content":{"rendered":"<p>Coupelle repr\u00e9sentant le Vieux moulin d\u2019Asselborn (9,5 cm de c\u00f4t\u00e9) produite par Villeroy &amp; Boch sans doute fin des ann\u00e9es 1990- d\u00e9but 2000. Etat neuf, dans son emballage d\u2019origine.<\/p>\n<div>R\u00e9f 11.92<\/div>\n","protected":false},"excerpt":{"rendered":"<p>Coupelle repr\u00e9sentant le Vieux moulin d\u2019Asselborn (9,5 cm de c\u00f4t\u00e9) produite par Villeroy &amp; Boch sans doute fin des ann\u00e9es 1990- d\u00e9but 2000. Etat neuf, dans son emballage d\u2019origine. R\u00e9f 11.92<\/p>\n","protected":false},"featured_media":2248,"comment_status":"open","ping_status":"closed","template":"","meta":{"neve_meta_sidebar":"","neve_meta_container":"","neve_meta_enable_content_width":"off","neve_meta_content_width":100,"neve_meta_title_alignment":"","neve_meta_author_avatar":"","neve_post_elements_order":"","neve_meta_disable_header":"","neve_meta_disable_footer":"","neve_meta_disable_title":""},"product_brand":[],"product_cat":[16,165,30,166,29],"product_tag":[83,32],"class_list":{"0":"post-2270","1":"product","2":"type-product","3":"status-publish","4":"has-post-thumbnail","6":"product_cat-ceramique","7":"product_cat-luxembourg","8":"product_cat-luxemburgensia","9":"product_cat-luxemburgensia-luxemburgensia","10":"product_cat-villeroy-boch","11":"product_tag-luxemburgensia","12":"product_tag-villeroy-et-boch","14":"first","15":"instock","16":"shipping-taxable","17":"purchasable","18":"product-type-simple"},"_links":{"self":[{"href":"https:\/\/legrenierdelatour.be\/brocante\/wp-json\/wp\/v2\/product\/2270","targetHints":{"allow":["GET"]}}],"collection":[{"href":"https:\/\/legrenierdelatour.be\/brocante\/wp-json\/wp\/v2\/product"}],"about":[{"href":"https:\/\/legrenierdelatour.be\/brocante\/wp-json\/wp\/v2\/types\/product"}],"replies":[{"embeddable":true,"href":"https:\/\/legrenierdelatour.be\/brocante\/wp-json\/wp\/v2\/comments?post=2270"}],"wp:featuredmedia":[{"embeddable":true,"href":"https:\/\/legrenierdelatour.be\/brocante\/wp-json\/wp\/v2\/media\/2248"}],"wp:attachment":[{"href":"https:\/\/legrenierdelatour.be\/brocante\/wp-json\/wp\/v2\/media?parent=2270"}],"wp:term":[{"taxonomy":"product_brand","embeddable":true,"href":"https:\/\/legrenierdelatour.be\/brocante\/wp-json\/wp\/v2\/product_brand?post=2270"},{"taxonomy":"product_cat","embeddable":true,"href":"https:\/\/legrenierdelatour.be\/brocante\/wp-json\/wp\/v2\/product_cat?post=2270"},{"taxonomy":"product_tag","embeddable":true,"href":"https:\/\/legrenierdelatour.be\/brocante\/wp-json\/wp\/v2\/product_tag?post=2270"}],"curies":[{"name":"wp","href":"https:\/\/api.w.org\/{rel}","templated":true}]}}