{"id":2247,"date":"2022-06-03T11:50:31","date_gmt":"2022-06-03T09:50:31","guid":{"rendered":"https:\/\/legrenierdelatour.be\/brocante\/?post_type=product&#038;p=2247"},"modified":"2022-06-03T11:50:31","modified_gmt":"2022-06-03T09:50:31","slug":"assiette-echternach-mitterteich","status":"publish","type":"product","link":"https:\/\/legrenierdelatour.be\/brocante\/produit\/assiette-echternach-mitterteich\/","title":{"rendered":"Assiette Echternach Mitterteich"},"content":{"rendered":"<p>Assiette d\u00e9corative (19,5 cm de diam\u00e8tre) avec repr\u00e9sentation de Echternach, produite par Mitterteich en Bavi\u00e8re. Elle est en parfait \u00e9tat et a un syst\u00e8me de suspension.<\/p>\n<div>R\u00e9f 11.91<\/div>\n","protected":false},"excerpt":{"rendered":"<p>Assiette d\u00e9corative (19,5 cm de diam\u00e8tre) avec repr\u00e9sentation de Echternach, produite par Mitterteich en Bavi\u00e8re. Elle est en parfait \u00e9tat et a un syst\u00e8me de suspension. R\u00e9f 11.91<\/p>\n","protected":false},"featured_media":2265,"comment_status":"open","ping_status":"closed","template":"","meta":{"neve_meta_sidebar":"","neve_meta_container":"","neve_meta_enable_content_width":"off","neve_meta_content_width":100,"neve_meta_title_alignment":"","neve_meta_author_avatar":"","neve_post_elements_order":"","neve_meta_disable_header":"","neve_meta_disable_footer":"","neve_meta_disable_title":""},"product_brand":[],"product_cat":[48,168,16,30,166],"product_tag":[154,83,189,74],"class_list":{"0":"post-2247","1":"product","2":"type-product","3":"status-publish","4":"has-post-thumbnail","6":"product_cat-allemagne","7":"product_cat-bavaria","8":"product_cat-ceramique","9":"product_cat-luxemburgensia","10":"product_cat-luxemburgensia-luxemburgensia","11":"product_tag-bavaria","12":"product_tag-luxemburgensia","13":"product_tag-mitterteich","14":"product_tag-porcelaine","16":"first","17":"instock","18":"shipping-taxable","19":"purchasable","20":"product-type-simple"},"_links":{"self":[{"href":"https:\/\/legrenierdelatour.be\/brocante\/wp-json\/wp\/v2\/product\/2247","targetHints":{"allow":["GET"]}}],"collection":[{"href":"https:\/\/legrenierdelatour.be\/brocante\/wp-json\/wp\/v2\/product"}],"about":[{"href":"https:\/\/legrenierdelatour.be\/brocante\/wp-json\/wp\/v2\/types\/product"}],"replies":[{"embeddable":true,"href":"https:\/\/legrenierdelatour.be\/brocante\/wp-json\/wp\/v2\/comments?post=2247"}],"wp:featuredmedia":[{"embeddable":true,"href":"https:\/\/legrenierdelatour.be\/brocante\/wp-json\/wp\/v2\/media\/2265"}],"wp:attachment":[{"href":"https:\/\/legrenierdelatour.be\/brocante\/wp-json\/wp\/v2\/media?parent=2247"}],"wp:term":[{"taxonomy":"product_brand","embeddable":true,"href":"https:\/\/legrenierdelatour.be\/brocante\/wp-json\/wp\/v2\/product_brand?post=2247"},{"taxonomy":"product_cat","embeddable":true,"href":"https:\/\/legrenierdelatour.be\/brocante\/wp-json\/wp\/v2\/product_cat?post=2247"},{"taxonomy":"product_tag","embeddable":true,"href":"https:\/\/legrenierdelatour.be\/brocante\/wp-json\/wp\/v2\/product_tag?post=2247"}],"curies":[{"name":"wp","href":"https:\/\/api.w.org\/{rel}","templated":true}]}}