{"id":2245,"date":"2022-06-02T21:14:34","date_gmt":"2022-06-02T19:14:34","guid":{"rendered":"https:\/\/legrenierdelatour.be\/brocante\/?post_type=product&#038;p=2245"},"modified":"2022-06-16T15:15:27","modified_gmt":"2022-06-16T13:15:27","slug":"assiettes-fleurs-tulipes-orange-arcopal","status":"publish","type":"product","link":"https:\/\/legrenierdelatour.be\/brocante\/produit\/assiettes-fleurs-tulipes-orange-arcopal\/","title":{"rendered":"Assiettes \u00ab\u00a0Tulipes\u00a0\u00bb orange Arcopal"},"content":{"rendered":"<p>Deux assiettes (18,5 cm de diam\u00e8tre) avec d\u00e9cor de petites fleurs tulipes oranges de la marque Arcopal (depuis 1958). Elles sont en parfait \u00e9tat et datent des ann\u00e9es 70. Voir \u00e9galement les r\u00e9f 12.29, 12.30<\/p>\n<div>Chaque assiette est vendue au prix de 3\u20ac pi\u00e8ce.<\/div>\n<div>R\u00e9f 11.86<\/div>\n","protected":false},"excerpt":{"rendered":"<p>Deux assiettes (18,5 cm de diam\u00e8tre) avec d\u00e9cor de petites fleurs tulipes oranges de la marque Arcopal (depuis 1958). Elles sont en parfait \u00e9tat et datent des ann\u00e9es 70. Voir \u00e9galement les r\u00e9f 12.29, 12.30 Chaque assiette est vendue au prix de 3\u20ac pi\u00e8ce. R\u00e9f 11.86<\/p>\n","protected":false},"featured_media":2228,"comment_status":"open","ping_status":"closed","template":"","meta":{"neve_meta_sidebar":"","neve_meta_container":"","neve_meta_enable_content_width":"off","neve_meta_content_width":100,"neve_meta_title_alignment":"","neve_meta_author_avatar":"","neve_post_elements_order":"","neve_meta_disable_header":"","neve_meta_disable_footer":"","neve_meta_disable_title":""},"product_brand":[],"product_cat":[115,116,172,163,22],"product_tag":[88,28],"class_list":{"0":"post-2245","1":"product","2":"type-product","3":"status-publish","4":"has-post-thumbnail","6":"product_cat-arcopal","7":"product_cat-cristal-darques","8":"product_cat-en-cuisine","9":"product_cat-productions-francaises","10":"product_cat-verrerie","11":"product_tag-arcopal","12":"product_tag-vintage","14":"first","15":"instock","16":"shipping-taxable","17":"purchasable","18":"product-type-simple"},"_links":{"self":[{"href":"https:\/\/legrenierdelatour.be\/brocante\/wp-json\/wp\/v2\/product\/2245","targetHints":{"allow":["GET"]}}],"collection":[{"href":"https:\/\/legrenierdelatour.be\/brocante\/wp-json\/wp\/v2\/product"}],"about":[{"href":"https:\/\/legrenierdelatour.be\/brocante\/wp-json\/wp\/v2\/types\/product"}],"replies":[{"embeddable":true,"href":"https:\/\/legrenierdelatour.be\/brocante\/wp-json\/wp\/v2\/comments?post=2245"}],"wp:featuredmedia":[{"embeddable":true,"href":"https:\/\/legrenierdelatour.be\/brocante\/wp-json\/wp\/v2\/media\/2228"}],"wp:attachment":[{"href":"https:\/\/legrenierdelatour.be\/brocante\/wp-json\/wp\/v2\/media?parent=2245"}],"wp:term":[{"taxonomy":"product_brand","embeddable":true,"href":"https:\/\/legrenierdelatour.be\/brocante\/wp-json\/wp\/v2\/product_brand?post=2245"},{"taxonomy":"product_cat","embeddable":true,"href":"https:\/\/legrenierdelatour.be\/brocante\/wp-json\/wp\/v2\/product_cat?post=2245"},{"taxonomy":"product_tag","embeddable":true,"href":"https:\/\/legrenierdelatour.be\/brocante\/wp-json\/wp\/v2\/product_tag?post=2245"}],"curies":[{"name":"wp","href":"https:\/\/api.w.org\/{rel}","templated":true}]}}