{"id":2243,"date":"2022-06-02T21:09:22","date_gmt":"2022-06-02T19:09:22","guid":{"rendered":"https:\/\/legrenierdelatour.be\/brocante\/?post_type=product&#038;p=2243"},"modified":"2025-08-22T13:59:25","modified_gmt":"2025-08-22T11:59:25","slug":"assiettes-petites-fleurs-oranges-arcopal","status":"publish","type":"product","link":"https:\/\/legrenierdelatour.be\/brocante\/produit\/assiettes-petites-fleurs-oranges-arcopal\/","title":{"rendered":"Assiettes Petites fleurs oranges Arcopal"},"content":{"rendered":"<p>Assiettes \u00e0 dessert (18,5 cm de diam\u00e8tre)avec d\u00e9cor de petites fleurs oranges de la marque Arcopal (depuis 1958). Elles font partie de la collection Scania et datent des ann\u00e9es 70.<\/p>\n<div>Deux exemplaires disponibles au prix de 3\u20ac pi\u00e8ce.<\/div>\n<div>R\u00e9f 11.86<\/div>\n","protected":false},"excerpt":{"rendered":"<p>Assiettes \u00e0 dessert (18,5 cm de diam\u00e8tre)avec d\u00e9cor de petites fleurs oranges de la marque Arcopal (depuis 1958). Elles font partie de la collection Scania et datent des ann\u00e9es 70. Deux exemplaires disponibles au prix de 3\u20ac pi\u00e8ce. R\u00e9f 11.86<\/p>\n","protected":false},"featured_media":2227,"comment_status":"open","ping_status":"closed","template":"","meta":{"neve_meta_sidebar":"","neve_meta_container":"","neve_meta_enable_content_width":"off","neve_meta_content_width":100,"neve_meta_title_alignment":"","neve_meta_author_avatar":"","neve_post_elements_order":"","neve_meta_disable_header":"","neve_meta_disable_footer":"","neve_meta_disable_title":""},"product_brand":[],"product_cat":[115,116,172,163,22],"product_tag":[88,28],"class_list":{"0":"post-2243","1":"product","2":"type-product","3":"status-publish","4":"has-post-thumbnail","6":"product_cat-arcopal","7":"product_cat-cristal-darques","8":"product_cat-en-cuisine","9":"product_cat-productions-francaises","10":"product_cat-verrerie","11":"product_tag-arcopal","12":"product_tag-vintage","14":"first","15":"instock","16":"shipping-taxable","17":"purchasable","18":"product-type-simple"},"_links":{"self":[{"href":"https:\/\/legrenierdelatour.be\/brocante\/wp-json\/wp\/v2\/product\/2243","targetHints":{"allow":["GET"]}}],"collection":[{"href":"https:\/\/legrenierdelatour.be\/brocante\/wp-json\/wp\/v2\/product"}],"about":[{"href":"https:\/\/legrenierdelatour.be\/brocante\/wp-json\/wp\/v2\/types\/product"}],"replies":[{"embeddable":true,"href":"https:\/\/legrenierdelatour.be\/brocante\/wp-json\/wp\/v2\/comments?post=2243"}],"wp:featuredmedia":[{"embeddable":true,"href":"https:\/\/legrenierdelatour.be\/brocante\/wp-json\/wp\/v2\/media\/2227"}],"wp:attachment":[{"href":"https:\/\/legrenierdelatour.be\/brocante\/wp-json\/wp\/v2\/media?parent=2243"}],"wp:term":[{"taxonomy":"product_brand","embeddable":true,"href":"https:\/\/legrenierdelatour.be\/brocante\/wp-json\/wp\/v2\/product_brand?post=2243"},{"taxonomy":"product_cat","embeddable":true,"href":"https:\/\/legrenierdelatour.be\/brocante\/wp-json\/wp\/v2\/product_cat?post=2243"},{"taxonomy":"product_tag","embeddable":true,"href":"https:\/\/legrenierdelatour.be\/brocante\/wp-json\/wp\/v2\/product_tag?post=2243"}],"curies":[{"name":"wp","href":"https:\/\/api.w.org\/{rel}","templated":true}]}}