{"id":222,"date":"2022-02-10T12:17:14","date_gmt":"2022-02-10T11:17:14","guid":{"rendered":"https:\/\/legrenierdelatour.be\/brocante\/?post_type=product&#038;p=222"},"modified":"2024-11-22T18:52:54","modified_gmt":"2024-11-22T17:52:54","slug":"theiere-faience-brune-villeroy-et-boch","status":"publish","type":"product","link":"https:\/\/legrenierdelatour.be\/brocante\/produit\/theiere-faience-brune-villeroy-et-boch\/","title":{"rendered":"Th\u00e9i\u00e8re fa\u00efence brune Villeroy et Boch"},"content":{"rendered":"<p>Th\u00e9i\u00e8re en fa\u00efence brune assez lourde (11cm de haut), produite par Villeroy et Boch au Luxembourg sans doute dans les ann\u00e9es 1950. Elle est endommag\u00e9e au niveau du bec verseur.<\/p>\n<p>R\u00e9f 8.71<\/p>\n","protected":false},"excerpt":{"rendered":"<p>Th\u00e9i\u00e8re en fa\u00efence brune assez lourde (11cm de haut), produite par Villeroy et Boch au Luxembourg sans doute dans les ann\u00e9es 1950. Elle est endommag\u00e9e au niveau du bec verseur. R\u00e9f 8.71<\/p>\n","protected":false},"featured_media":216,"comment_status":"open","ping_status":"closed","template":"","meta":{"neve_meta_sidebar":"","neve_meta_container":"","neve_meta_enable_content_width":"off","neve_meta_content_width":100,"neve_meta_title_alignment":"","neve_meta_author_avatar":"","neve_post_elements_order":"","neve_meta_disable_header":"","neve_meta_disable_footer":"","neve_meta_disable_title":""},"product_brand":[],"product_cat":[15,172,16,165,29],"product_tag":[19,32,28],"class_list":{"0":"post-222","1":"product","2":"type-product","3":"status-publish","4":"has-post-thumbnail","6":"product_cat-non-classe","7":"product_cat-en-cuisine","8":"product_cat-ceramique","9":"product_cat-luxembourg","10":"product_cat-villeroy-boch","11":"product_tag-faience","12":"product_tag-villeroy-et-boch","13":"product_tag-vintage","15":"first","16":"instock","17":"shipping-taxable","18":"purchasable","19":"product-type-simple"},"_links":{"self":[{"href":"https:\/\/legrenierdelatour.be\/brocante\/wp-json\/wp\/v2\/product\/222","targetHints":{"allow":["GET"]}}],"collection":[{"href":"https:\/\/legrenierdelatour.be\/brocante\/wp-json\/wp\/v2\/product"}],"about":[{"href":"https:\/\/legrenierdelatour.be\/brocante\/wp-json\/wp\/v2\/types\/product"}],"replies":[{"embeddable":true,"href":"https:\/\/legrenierdelatour.be\/brocante\/wp-json\/wp\/v2\/comments?post=222"}],"wp:featuredmedia":[{"embeddable":true,"href":"https:\/\/legrenierdelatour.be\/brocante\/wp-json\/wp\/v2\/media\/216"}],"wp:attachment":[{"href":"https:\/\/legrenierdelatour.be\/brocante\/wp-json\/wp\/v2\/media?parent=222"}],"wp:term":[{"taxonomy":"product_brand","embeddable":true,"href":"https:\/\/legrenierdelatour.be\/brocante\/wp-json\/wp\/v2\/product_brand?post=222"},{"taxonomy":"product_cat","embeddable":true,"href":"https:\/\/legrenierdelatour.be\/brocante\/wp-json\/wp\/v2\/product_cat?post=222"},{"taxonomy":"product_tag","embeddable":true,"href":"https:\/\/legrenierdelatour.be\/brocante\/wp-json\/wp\/v2\/product_tag?post=222"}],"curies":[{"name":"wp","href":"https:\/\/api.w.org\/{rel}","templated":true}]}}