{"id":2194,"date":"2022-05-27T20:34:42","date_gmt":"2022-05-27T18:34:42","guid":{"rendered":"https:\/\/legrenierdelatour.be\/brocante\/?post_type=product&#038;p=2194"},"modified":"2022-08-03T14:49:35","modified_gmt":"2022-08-03T12:49:35","slug":"feves-2005-chateaux-de-luxembourg","status":"publish","type":"product","link":"https:\/\/legrenierdelatour.be\/brocante\/produit\/feves-2005-chateaux-de-luxembourg\/","title":{"rendered":"F\u00e8ves 2005 Ch\u00e2teaux de Luxembourg"},"content":{"rendered":"<p>F\u00e8ves de galette de roi, \u00e9dit\u00e9es en 2005 et repr\u00e9sentant des ch\u00e2teaux du Luxembourg. Il s\u2019agit de parties d\u2019un puzzle, repr\u00e9sentant le pays. Les f\u00e8ves propos\u00e9es sont Mersch (2x), Wiltz (2x), Beaufort (3x), Schengen (1x) et Clervaux (2x).<\/p>\n<div>Elles sont vendues \u00e0 la pi\u00e8ce au prix de 2\u20ac.<\/div>\n<div>R\u00e9f 11.73<\/div>\n","protected":false},"excerpt":{"rendered":"<p>F\u00e8ves de galette de roi, \u00e9dit\u00e9es en 2005 et repr\u00e9sentant des ch\u00e2teaux du Luxembourg. Il s\u2019agit de parties d\u2019un puzzle, repr\u00e9sentant le pays. Les f\u00e8ves propos\u00e9es sont Mersch (2x), Wiltz (2x), Beaufort (3x), Schengen (1x) et Clervaux (2x). Elles sont vendues \u00e0 la pi\u00e8ce au prix de 2\u20ac. R\u00e9f 11.73<\/p>\n","protected":false},"featured_media":2191,"comment_status":"open","ping_status":"closed","template":"","meta":{"neve_meta_sidebar":"","neve_meta_container":"","neve_meta_enable_content_width":"off","neve_meta_content_width":100,"neve_meta_title_alignment":"","neve_meta_author_avatar":"","neve_post_elements_order":"","neve_meta_disable_header":"","neve_meta_disable_footer":"","neve_meta_disable_title":""},"product_brand":[],"product_cat":[16,30,166],"product_tag":[19,83],"class_list":{"0":"post-2194","1":"product","2":"type-product","3":"status-publish","4":"has-post-thumbnail","6":"product_cat-ceramique","7":"product_cat-luxemburgensia","8":"product_cat-luxemburgensia-luxemburgensia","9":"product_tag-faience","10":"product_tag-luxemburgensia","12":"first","13":"instock","14":"shipping-taxable","15":"purchasable","16":"product-type-simple"},"_links":{"self":[{"href":"https:\/\/legrenierdelatour.be\/brocante\/wp-json\/wp\/v2\/product\/2194","targetHints":{"allow":["GET"]}}],"collection":[{"href":"https:\/\/legrenierdelatour.be\/brocante\/wp-json\/wp\/v2\/product"}],"about":[{"href":"https:\/\/legrenierdelatour.be\/brocante\/wp-json\/wp\/v2\/types\/product"}],"replies":[{"embeddable":true,"href":"https:\/\/legrenierdelatour.be\/brocante\/wp-json\/wp\/v2\/comments?post=2194"}],"wp:featuredmedia":[{"embeddable":true,"href":"https:\/\/legrenierdelatour.be\/brocante\/wp-json\/wp\/v2\/media\/2191"}],"wp:attachment":[{"href":"https:\/\/legrenierdelatour.be\/brocante\/wp-json\/wp\/v2\/media?parent=2194"}],"wp:term":[{"taxonomy":"product_brand","embeddable":true,"href":"https:\/\/legrenierdelatour.be\/brocante\/wp-json\/wp\/v2\/product_brand?post=2194"},{"taxonomy":"product_cat","embeddable":true,"href":"https:\/\/legrenierdelatour.be\/brocante\/wp-json\/wp\/v2\/product_cat?post=2194"},{"taxonomy":"product_tag","embeddable":true,"href":"https:\/\/legrenierdelatour.be\/brocante\/wp-json\/wp\/v2\/product_tag?post=2194"}],"curies":[{"name":"wp","href":"https:\/\/api.w.org\/{rel}","templated":true}]}}