{"id":219,"date":"2022-02-10T11:57:23","date_gmt":"2022-02-10T10:57:23","guid":{"rendered":"https:\/\/legrenierdelatour.be\/brocante\/?post_type=product&#038;p=219"},"modified":"2023-08-14T20:57:08","modified_gmt":"2023-08-14T18:57:08","slug":"assiette-rubus-villeroy-boch-mettlach","status":"publish","type":"product","link":"https:\/\/legrenierdelatour.be\/brocante\/produit\/assiette-rubus-villeroy-boch-mettlach\/","title":{"rendered":"Assiette \u00ab\u00a0Rubus\u00a0\u00bb Villeroy &#038; Boch Mettlach"},"content":{"rendered":"<p>Assiette (24,5 cm) de la collection \u00ab\u00a0Rubus\u00a0\u00bb produite par Villeroy et Boch Mettlach. Elle est en tr\u00e8s bon \u00e9tat et date sans doute du d\u00e9but du 20\u00e8 si\u00e8cle.<\/p>\n<p>R\u00e9f 8.59<\/p>\n","protected":false},"excerpt":{"rendered":"<p>Assiette (24,5 cm) de la collection \u00ab\u00a0Rubus\u00a0\u00bb produite par Villeroy et Boch Mettlach. Elle est en tr\u00e8s bon \u00e9tat et date sans doute du d\u00e9but du 20\u00e8 si\u00e8cle. R\u00e9f 8.59<\/p>\n","protected":false},"featured_media":212,"comment_status":"open","ping_status":"closed","template":"","meta":{"neve_meta_sidebar":"","neve_meta_container":"","neve_meta_enable_content_width":"off","neve_meta_content_width":100,"neve_meta_title_alignment":"","neve_meta_author_avatar":"","neve_post_elements_order":"","neve_meta_disable_header":"","neve_meta_disable_footer":"","neve_meta_disable_title":""},"product_brand":[],"product_cat":[15,48,16,29],"product_tag":[19,33,32],"class_list":{"0":"post-219","1":"product","2":"type-product","3":"status-publish","4":"has-post-thumbnail","6":"product_cat-non-classe","7":"product_cat-allemagne","8":"product_cat-ceramique","9":"product_cat-villeroy-boch","10":"product_tag-faience","11":"product_tag-mettlach","12":"product_tag-villeroy-et-boch","14":"first","15":"instock","16":"shipping-taxable","17":"purchasable","18":"product-type-simple"},"_links":{"self":[{"href":"https:\/\/legrenierdelatour.be\/brocante\/wp-json\/wp\/v2\/product\/219","targetHints":{"allow":["GET"]}}],"collection":[{"href":"https:\/\/legrenierdelatour.be\/brocante\/wp-json\/wp\/v2\/product"}],"about":[{"href":"https:\/\/legrenierdelatour.be\/brocante\/wp-json\/wp\/v2\/types\/product"}],"replies":[{"embeddable":true,"href":"https:\/\/legrenierdelatour.be\/brocante\/wp-json\/wp\/v2\/comments?post=219"}],"wp:featuredmedia":[{"embeddable":true,"href":"https:\/\/legrenierdelatour.be\/brocante\/wp-json\/wp\/v2\/media\/212"}],"wp:attachment":[{"href":"https:\/\/legrenierdelatour.be\/brocante\/wp-json\/wp\/v2\/media?parent=219"}],"wp:term":[{"taxonomy":"product_brand","embeddable":true,"href":"https:\/\/legrenierdelatour.be\/brocante\/wp-json\/wp\/v2\/product_brand?post=219"},{"taxonomy":"product_cat","embeddable":true,"href":"https:\/\/legrenierdelatour.be\/brocante\/wp-json\/wp\/v2\/product_cat?post=219"},{"taxonomy":"product_tag","embeddable":true,"href":"https:\/\/legrenierdelatour.be\/brocante\/wp-json\/wp\/v2\/product_tag?post=219"}],"curies":[{"name":"wp","href":"https:\/\/api.w.org\/{rel}","templated":true}]}}