{"id":2176,"date":"2022-05-24T17:03:56","date_gmt":"2022-05-24T15:03:56","guid":{"rendered":"https:\/\/legrenierdelatour.be\/brocante\/?post_type=product&#038;p=2176"},"modified":"2023-04-02T18:13:53","modified_gmt":"2023-04-02T16:13:53","slug":"bols-a-legumes-vintage","status":"publish","type":"product","link":"https:\/\/legrenierdelatour.be\/brocante\/produit\/bols-a-legumes-vintage\/","title":{"rendered":"Bol \u00e0 l\u00e9gumes Vintage"},"content":{"rendered":"<p>Petit plat \u00e0 l\u00e9gumes (14 cm de diam\u00e8tre, 7 cm de haut), avec des repr\u00e9sentations de l\u00e9gumes. L\u2019\u00e9tat est moyen, avec une fa\u00efence vieillie, normale pour cet \u00e2ge. La dorure sur le bord sup\u00e9rieur est en grande partie pass\u00e9e. Il date sans doute des ann\u00e9es 1950.<\/p>\n<div>R\u00e9f 11.68<\/div>\n","protected":false},"excerpt":{"rendered":"<p>Petit plat \u00e0 l\u00e9gumes (14 cm de diam\u00e8tre, 7 cm de haut), avec des repr\u00e9sentations de l\u00e9gumes. L\u2019\u00e9tat est moyen, avec une fa\u00efence vieillie, normale pour cet \u00e2ge. La dorure sur le bord sup\u00e9rieur est en grande partie pass\u00e9e. Il date sans doute des ann\u00e9es 1950. R\u00e9f 11.68<\/p>\n","protected":false},"featured_media":2151,"comment_status":"open","ping_status":"closed","template":"","meta":{"neve_meta_sidebar":"","neve_meta_container":"","neve_meta_enable_content_width":"off","neve_meta_content_width":100,"neve_meta_title_alignment":"","neve_meta_author_avatar":"","neve_post_elements_order":"","neve_meta_disable_header":"","neve_meta_disable_footer":"","neve_meta_disable_title":""},"product_brand":[],"product_cat":[172,16],"product_tag":[19,28],"class_list":{"0":"post-2176","1":"product","2":"type-product","3":"status-publish","4":"has-post-thumbnail","6":"product_cat-en-cuisine","7":"product_cat-ceramique","8":"product_tag-faience","9":"product_tag-vintage","11":"first","12":"instock","13":"shipping-taxable","14":"purchasable","15":"product-type-simple"},"_links":{"self":[{"href":"https:\/\/legrenierdelatour.be\/brocante\/wp-json\/wp\/v2\/product\/2176","targetHints":{"allow":["GET"]}}],"collection":[{"href":"https:\/\/legrenierdelatour.be\/brocante\/wp-json\/wp\/v2\/product"}],"about":[{"href":"https:\/\/legrenierdelatour.be\/brocante\/wp-json\/wp\/v2\/types\/product"}],"replies":[{"embeddable":true,"href":"https:\/\/legrenierdelatour.be\/brocante\/wp-json\/wp\/v2\/comments?post=2176"}],"wp:featuredmedia":[{"embeddable":true,"href":"https:\/\/legrenierdelatour.be\/brocante\/wp-json\/wp\/v2\/media\/2151"}],"wp:attachment":[{"href":"https:\/\/legrenierdelatour.be\/brocante\/wp-json\/wp\/v2\/media?parent=2176"}],"wp:term":[{"taxonomy":"product_brand","embeddable":true,"href":"https:\/\/legrenierdelatour.be\/brocante\/wp-json\/wp\/v2\/product_brand?post=2176"},{"taxonomy":"product_cat","embeddable":true,"href":"https:\/\/legrenierdelatour.be\/brocante\/wp-json\/wp\/v2\/product_cat?post=2176"},{"taxonomy":"product_tag","embeddable":true,"href":"https:\/\/legrenierdelatour.be\/brocante\/wp-json\/wp\/v2\/product_tag?post=2176"}],"curies":[{"name":"wp","href":"https:\/\/api.w.org\/{rel}","templated":true}]}}