{"id":2175,"date":"2022-05-24T16:56:04","date_gmt":"2022-05-24T14:56:04","guid":{"rendered":"https:\/\/legrenierdelatour.be\/brocante\/?post_type=product&#038;p=2175"},"modified":"2022-05-24T16:56:04","modified_gmt":"2022-05-24T14:56:04","slug":"vase-en-verre-avec-dorures","status":"publish","type":"product","link":"https:\/\/legrenierdelatour.be\/brocante\/produit\/vase-en-verre-avec-dorures\/","title":{"rendered":"Vase en verre avec dorures"},"content":{"rendered":"<p>Tr\u00e8s beau vase en verre souffl\u00e9 (16 cm de haut), avec dorures peintes et appliqu\u00e9es. Ce vase a \u00e9t\u00e9 sans doute produit par la manufacture De Rupel \u00e0 Boom (1925), dans les ann\u00e9es 1935-1938. Malheureusement ce vase pr\u00e9sente 3 petits \u00e9clats sur l\u2019encolure.<\/p>\n<div>R\u00e9f 11.67<\/div>\n","protected":false},"excerpt":{"rendered":"<p>Tr\u00e8s beau vase en verre souffl\u00e9 (16 cm de haut), avec dorures peintes et appliqu\u00e9es. Ce vase a \u00e9t\u00e9 sans doute produit par la manufacture De Rupel \u00e0 Boom (1925), dans les ann\u00e9es 1935-1938. Malheureusement ce vase pr\u00e9sente 3 petits \u00e9clats sur l\u2019encolure. R\u00e9f 11.67<\/p>\n","protected":false},"featured_media":2146,"comment_status":"open","ping_status":"closed","template":"","meta":{"neve_meta_sidebar":"","neve_meta_container":"","neve_meta_enable_content_width":"off","neve_meta_content_width":100,"neve_meta_title_alignment":"","neve_meta_author_avatar":"","neve_post_elements_order":"","neve_meta_disable_header":"","neve_meta_disable_footer":"","neve_meta_disable_title":""},"product_brand":[],"product_cat":[106,162,22],"product_tag":[100],"class_list":{"0":"post-2175","1":"product","2":"type-product","3":"status-publish","4":"has-post-thumbnail","6":"product_cat-boom","7":"product_cat-productions-belges","8":"product_cat-verrerie","9":"product_tag-boom","11":"first","12":"instock","13":"shipping-taxable","14":"purchasable","15":"product-type-simple"},"_links":{"self":[{"href":"https:\/\/legrenierdelatour.be\/brocante\/wp-json\/wp\/v2\/product\/2175","targetHints":{"allow":["GET"]}}],"collection":[{"href":"https:\/\/legrenierdelatour.be\/brocante\/wp-json\/wp\/v2\/product"}],"about":[{"href":"https:\/\/legrenierdelatour.be\/brocante\/wp-json\/wp\/v2\/types\/product"}],"replies":[{"embeddable":true,"href":"https:\/\/legrenierdelatour.be\/brocante\/wp-json\/wp\/v2\/comments?post=2175"}],"wp:featuredmedia":[{"embeddable":true,"href":"https:\/\/legrenierdelatour.be\/brocante\/wp-json\/wp\/v2\/media\/2146"}],"wp:attachment":[{"href":"https:\/\/legrenierdelatour.be\/brocante\/wp-json\/wp\/v2\/media?parent=2175"}],"wp:term":[{"taxonomy":"product_brand","embeddable":true,"href":"https:\/\/legrenierdelatour.be\/brocante\/wp-json\/wp\/v2\/product_brand?post=2175"},{"taxonomy":"product_cat","embeddable":true,"href":"https:\/\/legrenierdelatour.be\/brocante\/wp-json\/wp\/v2\/product_cat?post=2175"},{"taxonomy":"product_tag","embeddable":true,"href":"https:\/\/legrenierdelatour.be\/brocante\/wp-json\/wp\/v2\/product_tag?post=2175"}],"curies":[{"name":"wp","href":"https:\/\/api.w.org\/{rel}","templated":true}]}}