{"id":2174,"date":"2022-05-24T16:48:30","date_gmt":"2022-05-24T14:48:30","guid":{"rendered":"https:\/\/legrenierdelatour.be\/brocante\/?post_type=product&#038;p=2174"},"modified":"2022-05-24T16:48:30","modified_gmt":"2022-05-24T14:48:30","slug":"vase-west-germany-522-20-bay","status":"publish","type":"product","link":"https:\/\/legrenierdelatour.be\/brocante\/produit\/vase-west-germany-522-20-bay\/","title":{"rendered":"Vase West Germany 522\/20 Bay"},"content":{"rendered":"<p>Petit vase cruche (20 cm de haut) en parfait \u00e9tat et produit par Bay Keramik (1933-1980) \u00e0 Ransbach en Allemagne, sans doute dans les ann\u00e9es 1950. La dorure a \u00e9t\u00e9 r\u00e9alis\u00e9e \u00e0 la main et est sign\u00e9e sous le vase \u00ab\u00a022\u00a0\u00bb en couleur dor\u00e9e.<\/p>\n<div>R\u00e9f 11.66<\/div>\n","protected":false},"excerpt":{"rendered":"<p>Petit vase cruche (20 cm de haut) en parfait \u00e9tat et produit par Bay Keramik (1933-1980) \u00e0 Ransbach en Allemagne, sans doute dans les ann\u00e9es 1950. La dorure a \u00e9t\u00e9 r\u00e9alis\u00e9e \u00e0 la main et est sign\u00e9e sous le vase \u00ab\u00a022\u00a0\u00bb en couleur dor\u00e9e. R\u00e9f 11.66<\/p>\n","protected":false},"featured_media":2164,"comment_status":"open","ping_status":"closed","template":"","meta":{"neve_meta_sidebar":"","neve_meta_container":"","neve_meta_enable_content_width":"off","neve_meta_content_width":100,"neve_meta_title_alignment":"","neve_meta_author_avatar":"","neve_post_elements_order":"","neve_meta_disable_header":"","neve_meta_disable_footer":"","neve_meta_disable_title":""},"product_brand":[],"product_cat":[48,53,16,47],"product_tag":[51,19,49],"class_list":{"0":"post-2174","1":"product","2":"type-product","3":"status-publish","4":"has-post-thumbnail","6":"product_cat-allemagne","7":"product_cat-bay","8":"product_cat-ceramique","9":"product_cat-west-germany","10":"product_tag-bay","11":"product_tag-faience","12":"product_tag-west-germany","14":"first","15":"instock","16":"shipping-taxable","17":"purchasable","18":"product-type-simple"},"_links":{"self":[{"href":"https:\/\/legrenierdelatour.be\/brocante\/wp-json\/wp\/v2\/product\/2174","targetHints":{"allow":["GET"]}}],"collection":[{"href":"https:\/\/legrenierdelatour.be\/brocante\/wp-json\/wp\/v2\/product"}],"about":[{"href":"https:\/\/legrenierdelatour.be\/brocante\/wp-json\/wp\/v2\/types\/product"}],"replies":[{"embeddable":true,"href":"https:\/\/legrenierdelatour.be\/brocante\/wp-json\/wp\/v2\/comments?post=2174"}],"wp:featuredmedia":[{"embeddable":true,"href":"https:\/\/legrenierdelatour.be\/brocante\/wp-json\/wp\/v2\/media\/2164"}],"wp:attachment":[{"href":"https:\/\/legrenierdelatour.be\/brocante\/wp-json\/wp\/v2\/media?parent=2174"}],"wp:term":[{"taxonomy":"product_brand","embeddable":true,"href":"https:\/\/legrenierdelatour.be\/brocante\/wp-json\/wp\/v2\/product_brand?post=2174"},{"taxonomy":"product_cat","embeddable":true,"href":"https:\/\/legrenierdelatour.be\/brocante\/wp-json\/wp\/v2\/product_cat?post=2174"},{"taxonomy":"product_tag","embeddable":true,"href":"https:\/\/legrenierdelatour.be\/brocante\/wp-json\/wp\/v2\/product_tag?post=2174"}],"curies":[{"name":"wp","href":"https:\/\/api.w.org\/{rel}","templated":true}]}}