{"id":2173,"date":"2022-05-24T16:36:34","date_gmt":"2022-05-24T14:36:34","guid":{"rendered":"https:\/\/legrenierdelatour.be\/brocante\/?post_type=product&#038;p=2173"},"modified":"2022-05-24T16:36:34","modified_gmt":"2022-05-24T14:36:34","slug":"assiette-en-bois-palais-grand-ducal-a-luxembourg","status":"publish","type":"product","link":"https:\/\/legrenierdelatour.be\/brocante\/produit\/assiette-en-bois-palais-grand-ducal-a-luxembourg\/","title":{"rendered":"Assiette en bois, Palais Grand-Ducal \u00e0 Luxembourg"},"content":{"rendered":"<p>Assiette en bois sculpt\u00e9 (22 cm de diam\u00e8tre) en bon \u00e9tat, repr\u00e9sentant le Palais Grand-ducal \u00e0 Luxembourg. Cette assiette date sans doute des ann\u00e9es 1970-80, souvenir typique de cette \u00e9poque.<\/p>\n<div>R\u00e9f 11.65<\/div>\n","protected":false},"excerpt":{"rendered":"<p>Assiette en bois sculpt\u00e9 (22 cm de diam\u00e8tre) en bon \u00e9tat, repr\u00e9sentant le Palais Grand-ducal \u00e0 Luxembourg. Cette assiette date sans doute des ann\u00e9es 1970-80, souvenir typique de cette \u00e9poque. R\u00e9f 11.65<\/p>\n","protected":false},"featured_media":2158,"comment_status":"open","ping_status":"closed","template":"","meta":{"neve_meta_sidebar":"","neve_meta_container":"","neve_meta_enable_content_width":"off","neve_meta_content_width":100,"neve_meta_title_alignment":"","neve_meta_author_avatar":"","neve_post_elements_order":"","neve_meta_disable_header":"","neve_meta_disable_footer":"","neve_meta_disable_title":""},"product_brand":[],"product_cat":[30,166],"product_tag":[83],"class_list":{"0":"post-2173","1":"product","2":"type-product","3":"status-publish","4":"has-post-thumbnail","6":"product_cat-luxemburgensia","7":"product_cat-luxemburgensia-luxemburgensia","8":"product_tag-luxemburgensia","10":"first","11":"instock","12":"shipping-taxable","13":"purchasable","14":"product-type-simple"},"_links":{"self":[{"href":"https:\/\/legrenierdelatour.be\/brocante\/wp-json\/wp\/v2\/product\/2173","targetHints":{"allow":["GET"]}}],"collection":[{"href":"https:\/\/legrenierdelatour.be\/brocante\/wp-json\/wp\/v2\/product"}],"about":[{"href":"https:\/\/legrenierdelatour.be\/brocante\/wp-json\/wp\/v2\/types\/product"}],"replies":[{"embeddable":true,"href":"https:\/\/legrenierdelatour.be\/brocante\/wp-json\/wp\/v2\/comments?post=2173"}],"wp:featuredmedia":[{"embeddable":true,"href":"https:\/\/legrenierdelatour.be\/brocante\/wp-json\/wp\/v2\/media\/2158"}],"wp:attachment":[{"href":"https:\/\/legrenierdelatour.be\/brocante\/wp-json\/wp\/v2\/media?parent=2173"}],"wp:term":[{"taxonomy":"product_brand","embeddable":true,"href":"https:\/\/legrenierdelatour.be\/brocante\/wp-json\/wp\/v2\/product_brand?post=2173"},{"taxonomy":"product_cat","embeddable":true,"href":"https:\/\/legrenierdelatour.be\/brocante\/wp-json\/wp\/v2\/product_cat?post=2173"},{"taxonomy":"product_tag","embeddable":true,"href":"https:\/\/legrenierdelatour.be\/brocante\/wp-json\/wp\/v2\/product_tag?post=2173"}],"curies":[{"name":"wp","href":"https:\/\/api.w.org\/{rel}","templated":true}]}}