{"id":2145,"date":"2022-05-20T15:56:18","date_gmt":"2022-05-20T13:56:18","guid":{"rendered":"https:\/\/legrenierdelatour.be\/brocante\/?post_type=product&#038;p=2145"},"modified":"2022-05-20T17:45:45","modified_gmt":"2022-05-20T15:45:45","slug":"assiette-strassen-par-bertels-villeroy-boch","status":"publish","type":"product","link":"https:\/\/legrenierdelatour.be\/brocante\/produit\/assiette-strassen-par-bertels-villeroy-boch\/","title":{"rendered":"Assiette Strassen par Bertels Villeroy &#038; Boch"},"content":{"rendered":"<p>Assiette (24 cm de diam\u00e8tre) avec une repr\u00e9sentation d\u2019un dessin de Strassen par Johann Bertels en 1570. Elle a \u00e9t\u00e9 produite par Villeroy et Boch \u00e0 Luxembourg. L\u2019assiette est en parfait \u00e9tat.<\/p>\n<div>R\u00e9f 11.64<\/div>\n","protected":false},"excerpt":{"rendered":"<p>Assiette (24 cm de diam\u00e8tre) avec une repr\u00e9sentation d\u2019un dessin de Strassen par Johann Bertels en 1570. Elle a \u00e9t\u00e9 produite par Villeroy et Boch \u00e0 Luxembourg. L\u2019assiette est en parfait \u00e9tat. R\u00e9f 11.64<\/p>\n","protected":false},"featured_media":2150,"comment_status":"open","ping_status":"closed","template":"","meta":{"neve_meta_sidebar":"","neve_meta_container":"","neve_meta_enable_content_width":"off","neve_meta_content_width":100,"neve_meta_title_alignment":"","neve_meta_author_avatar":"","neve_post_elements_order":"","neve_meta_disable_header":"","neve_meta_disable_footer":"","neve_meta_disable_title":""},"product_brand":[],"product_cat":[16,165,30,166,29],"product_tag":[19,83,32],"class_list":{"0":"post-2145","1":"product","2":"type-product","3":"status-publish","4":"has-post-thumbnail","6":"product_cat-ceramique","7":"product_cat-luxembourg","8":"product_cat-luxemburgensia","9":"product_cat-luxemburgensia-luxemburgensia","10":"product_cat-villeroy-boch","11":"product_tag-faience","12":"product_tag-luxemburgensia","13":"product_tag-villeroy-et-boch","15":"first","16":"instock","17":"shipping-taxable","18":"purchasable","19":"product-type-simple"},"_links":{"self":[{"href":"https:\/\/legrenierdelatour.be\/brocante\/wp-json\/wp\/v2\/product\/2145","targetHints":{"allow":["GET"]}}],"collection":[{"href":"https:\/\/legrenierdelatour.be\/brocante\/wp-json\/wp\/v2\/product"}],"about":[{"href":"https:\/\/legrenierdelatour.be\/brocante\/wp-json\/wp\/v2\/types\/product"}],"replies":[{"embeddable":true,"href":"https:\/\/legrenierdelatour.be\/brocante\/wp-json\/wp\/v2\/comments?post=2145"}],"wp:featuredmedia":[{"embeddable":true,"href":"https:\/\/legrenierdelatour.be\/brocante\/wp-json\/wp\/v2\/media\/2150"}],"wp:attachment":[{"href":"https:\/\/legrenierdelatour.be\/brocante\/wp-json\/wp\/v2\/media?parent=2145"}],"wp:term":[{"taxonomy":"product_brand","embeddable":true,"href":"https:\/\/legrenierdelatour.be\/brocante\/wp-json\/wp\/v2\/product_brand?post=2145"},{"taxonomy":"product_cat","embeddable":true,"href":"https:\/\/legrenierdelatour.be\/brocante\/wp-json\/wp\/v2\/product_cat?post=2145"},{"taxonomy":"product_tag","embeddable":true,"href":"https:\/\/legrenierdelatour.be\/brocante\/wp-json\/wp\/v2\/product_tag?post=2145"}],"curies":[{"name":"wp","href":"https:\/\/api.w.org\/{rel}","templated":true}]}}