{"id":2144,"date":"2022-05-20T15:42:23","date_gmt":"2022-05-20T13:42:23","guid":{"rendered":"https:\/\/legrenierdelatour.be\/brocante\/?post_type=product&#038;p=2144"},"modified":"2024-02-28T14:58:14","modified_gmt":"2024-02-28T13:58:14","slug":"christ-en-croix-villeroy-boch-mettlach","status":"publish","type":"product","link":"https:\/\/legrenierdelatour.be\/brocante\/produit\/christ-en-croix-villeroy-boch-mettlach\/","title":{"rendered":"Christ en croix Villeroy &#038; Boch Mettlach"},"content":{"rendered":"<p>Carrelage (20,5 cm) repr\u00e9sentant un Christ en croix, produit par Villeroy &amp; Boch \u00e0 Mettlach. Etat impeccable. Il s&rsquo;agit d&rsquo;une production des ann\u00e9es 1970.<\/p>\n<p>2 exemplaires disponibles<\/p>\n<p>R\u00e9f 11.63<\/p>\n","protected":false},"excerpt":{"rendered":"<p>Carrelage (20,5 cm) repr\u00e9sentant un Christ en croix, produit par Villeroy &amp; Boch \u00e0 Mettlach. Etat impeccable. Il s&rsquo;agit d&rsquo;une production des ann\u00e9es 1970. 2 exemplaires disponibles R\u00e9f 11.63<\/p>\n","protected":false},"featured_media":2169,"comment_status":"open","ping_status":"closed","template":"","meta":{"neve_meta_sidebar":"","neve_meta_container":"","neve_meta_enable_content_width":"off","neve_meta_content_width":100,"neve_meta_title_alignment":"","neve_meta_author_avatar":"","neve_post_elements_order":"","neve_meta_disable_header":"","neve_meta_disable_footer":"","neve_meta_disable_title":""},"product_brand":[],"product_cat":[48,16,34,29],"product_tag":[19,33,32,28],"class_list":{"0":"post-2144","1":"product","2":"type-product","3":"status-publish","4":"has-post-thumbnail","6":"product_cat-allemagne","7":"product_cat-ceramique","8":"product_cat-religiosa","9":"product_cat-villeroy-boch","10":"product_tag-faience","11":"product_tag-mettlach","12":"product_tag-villeroy-et-boch","13":"product_tag-vintage","15":"first","16":"instock","17":"shipping-taxable","18":"purchasable","19":"product-type-simple"},"_links":{"self":[{"href":"https:\/\/legrenierdelatour.be\/brocante\/wp-json\/wp\/v2\/product\/2144","targetHints":{"allow":["GET"]}}],"collection":[{"href":"https:\/\/legrenierdelatour.be\/brocante\/wp-json\/wp\/v2\/product"}],"about":[{"href":"https:\/\/legrenierdelatour.be\/brocante\/wp-json\/wp\/v2\/types\/product"}],"replies":[{"embeddable":true,"href":"https:\/\/legrenierdelatour.be\/brocante\/wp-json\/wp\/v2\/comments?post=2144"}],"wp:featuredmedia":[{"embeddable":true,"href":"https:\/\/legrenierdelatour.be\/brocante\/wp-json\/wp\/v2\/media\/2169"}],"wp:attachment":[{"href":"https:\/\/legrenierdelatour.be\/brocante\/wp-json\/wp\/v2\/media?parent=2144"}],"wp:term":[{"taxonomy":"product_brand","embeddable":true,"href":"https:\/\/legrenierdelatour.be\/brocante\/wp-json\/wp\/v2\/product_brand?post=2144"},{"taxonomy":"product_cat","embeddable":true,"href":"https:\/\/legrenierdelatour.be\/brocante\/wp-json\/wp\/v2\/product_cat?post=2144"},{"taxonomy":"product_tag","embeddable":true,"href":"https:\/\/legrenierdelatour.be\/brocante\/wp-json\/wp\/v2\/product_tag?post=2144"}],"curies":[{"name":"wp","href":"https:\/\/api.w.org\/{rel}","templated":true}]}}