{"id":2135,"date":"2022-05-20T13:24:07","date_gmt":"2022-05-20T11:24:07","guid":{"rendered":"https:\/\/legrenierdelatour.be\/brocante\/?post_type=product&#038;p=2135"},"modified":"2022-05-20T13:24:07","modified_gmt":"2022-05-20T11:24:07","slug":"boite-a-bijoux-en-laiton-art-deco","status":"publish","type":"product","link":"https:\/\/legrenierdelatour.be\/brocante\/produit\/boite-a-bijoux-en-laiton-art-deco\/","title":{"rendered":"Bo\u00eete \u00e0 bijoux en laiton Art D\u00e9co"},"content":{"rendered":"<p>Bo\u00eete \u00e0 bijoux en laiton (11 cm de diam\u00e8tre), avec int\u00e9rieur en velour rouge. Deux poi\u00e7ons non lisibles sont imprim\u00e9s sous la base, et la bo\u00eete repose sur 3 petits pieds ronds. Dans le style Art D\u00e9co, cette bo\u00eete date sans doute des ann\u00e9es 1930.<\/p>\n<div>R\u00e9f 11.59<\/div>\n","protected":false},"excerpt":{"rendered":"<p>Bo\u00eete \u00e0 bijoux en laiton (11 cm de diam\u00e8tre), avec int\u00e9rieur en velour rouge. Deux poi\u00e7ons non lisibles sont imprim\u00e9s sous la base, et la bo\u00eete repose sur 3 petits pieds ronds. Dans le style Art D\u00e9co, cette bo\u00eete date sans doute des ann\u00e9es 1930. R\u00e9f 11.59<\/p>\n","protected":false},"featured_media":2136,"comment_status":"open","ping_status":"closed","template":"","meta":{"neve_meta_sidebar":"","neve_meta_container":"","neve_meta_enable_content_width":"off","neve_meta_content_width":100,"neve_meta_title_alignment":"","neve_meta_author_avatar":"","neve_post_elements_order":"","neve_meta_disable_header":"","neve_meta_disable_footer":"","neve_meta_disable_title":""},"product_brand":[],"product_cat":[70,109,160,186],"product_tag":[21],"class_list":{"0":"post-2135","1":"product","2":"type-product","3":"status-publish","4":"has-post-thumbnail","6":"product_cat-bijou","7":"product_cat-metal","8":"product_cat-la-mode","9":"product_cat-laiton","10":"product_tag-art-deco","12":"first","13":"instock","14":"shipping-taxable","15":"purchasable","16":"product-type-simple"},"_links":{"self":[{"href":"https:\/\/legrenierdelatour.be\/brocante\/wp-json\/wp\/v2\/product\/2135","targetHints":{"allow":["GET"]}}],"collection":[{"href":"https:\/\/legrenierdelatour.be\/brocante\/wp-json\/wp\/v2\/product"}],"about":[{"href":"https:\/\/legrenierdelatour.be\/brocante\/wp-json\/wp\/v2\/types\/product"}],"replies":[{"embeddable":true,"href":"https:\/\/legrenierdelatour.be\/brocante\/wp-json\/wp\/v2\/comments?post=2135"}],"wp:featuredmedia":[{"embeddable":true,"href":"https:\/\/legrenierdelatour.be\/brocante\/wp-json\/wp\/v2\/media\/2136"}],"wp:attachment":[{"href":"https:\/\/legrenierdelatour.be\/brocante\/wp-json\/wp\/v2\/media?parent=2135"}],"wp:term":[{"taxonomy":"product_brand","embeddable":true,"href":"https:\/\/legrenierdelatour.be\/brocante\/wp-json\/wp\/v2\/product_brand?post=2135"},{"taxonomy":"product_cat","embeddable":true,"href":"https:\/\/legrenierdelatour.be\/brocante\/wp-json\/wp\/v2\/product_cat?post=2135"},{"taxonomy":"product_tag","embeddable":true,"href":"https:\/\/legrenierdelatour.be\/brocante\/wp-json\/wp\/v2\/product_tag?post=2135"}],"curies":[{"name":"wp","href":"https:\/\/api.w.org\/{rel}","templated":true}]}}