{"id":2120,"date":"2022-05-18T15:55:23","date_gmt":"2022-05-18T13:55:23","guid":{"rendered":"https:\/\/legrenierdelatour.be\/brocante\/?post_type=product&#038;p=2120"},"modified":"2023-09-03T19:05:00","modified_gmt":"2023-09-03T17:05:00","slug":"tasses-et-sous-tasse-a-moka-fleurs-stylisees-villeroy-et-boch","status":"publish","type":"product","link":"https:\/\/legrenierdelatour.be\/brocante\/produit\/tasses-et-sous-tasse-a-moka-fleurs-stylisees-villeroy-et-boch\/","title":{"rendered":"Tasses et sous-tasse \u00e0 moka \u00ab\u00a0Fleurs stylis\u00e9es\u00a0\u00bb Villeroy et Boch"},"content":{"rendered":"<p>3 tasses \u00e0 moka (6 cm de haut) et 3 sous-tasses (13 cm de diam\u00e8tre) <span style=\"color: #000000;\">d\u00e9cor\u00e9s de fleurs stylis\u00e9es, produites par Villeroy &amp; Boch Septfontaines, sans doute dans les ann\u00e9es 1960-70. Le m\u00eame dessin se\u00a0retrouve sur\u00a0le sucrier de la r\u00e9f\u00e9rence 8.30 et sur le plat \u00e0 couvercle en R\u00e9f 9.19, et en R\u00e9f 11.56.<\/span><\/p>\n<p>La tasse et sa sous-tasse sont vendues au prix de 5\u20ac chaque ensemble.<\/p>\n<div>R\u00e9f 11.55<\/div>\n","protected":false},"excerpt":{"rendered":"<p>3 tasses \u00e0 moka (6 cm de haut) et 3 sous-tasses (13 cm de diam\u00e8tre) d\u00e9cor\u00e9s de fleurs stylis\u00e9es, produites par Villeroy &amp; Boch Septfontaines, sans doute dans les ann\u00e9es 1960-70. Le m\u00eame dessin se\u00a0retrouve sur\u00a0le sucrier de la r\u00e9f\u00e9rence 8.30 et sur le plat \u00e0 couvercle en R\u00e9f 9.19, et en R\u00e9f 11.56. La&hellip;&nbsp;<a href=\"https:\/\/legrenierdelatour.be\/brocante\/produit\/tasses-et-sous-tasse-a-moka-fleurs-stylisees-villeroy-et-boch\/\" class=\"\" rel=\"bookmark\">Lire la suite &raquo;<span class=\"screen-reader-text\">Tasses et sous-tasse \u00e0 moka \u00ab\u00a0Fleurs stylis\u00e9es\u00a0\u00bb Villeroy et Boch<\/span><\/a><\/p>\n","protected":false},"featured_media":2123,"comment_status":"open","ping_status":"closed","template":"","meta":{"neve_meta_sidebar":"","neve_meta_container":"","neve_meta_enable_content_width":"off","neve_meta_content_width":100,"neve_meta_title_alignment":"","neve_meta_author_avatar":"","neve_post_elements_order":"","neve_meta_disable_header":"","neve_meta_disable_footer":"","neve_meta_disable_title":""},"product_brand":[],"product_cat":[172,16,165,29],"product_tag":[32,28],"class_list":{"0":"post-2120","1":"product","2":"type-product","3":"status-publish","4":"has-post-thumbnail","6":"product_cat-en-cuisine","7":"product_cat-ceramique","8":"product_cat-luxembourg","9":"product_cat-villeroy-boch","10":"product_tag-villeroy-et-boch","11":"product_tag-vintage","13":"first","14":"instock","15":"shipping-taxable","16":"purchasable","17":"product-type-simple"},"_links":{"self":[{"href":"https:\/\/legrenierdelatour.be\/brocante\/wp-json\/wp\/v2\/product\/2120","targetHints":{"allow":["GET"]}}],"collection":[{"href":"https:\/\/legrenierdelatour.be\/brocante\/wp-json\/wp\/v2\/product"}],"about":[{"href":"https:\/\/legrenierdelatour.be\/brocante\/wp-json\/wp\/v2\/types\/product"}],"replies":[{"embeddable":true,"href":"https:\/\/legrenierdelatour.be\/brocante\/wp-json\/wp\/v2\/comments?post=2120"}],"wp:featuredmedia":[{"embeddable":true,"href":"https:\/\/legrenierdelatour.be\/brocante\/wp-json\/wp\/v2\/media\/2123"}],"wp:attachment":[{"href":"https:\/\/legrenierdelatour.be\/brocante\/wp-json\/wp\/v2\/media?parent=2120"}],"wp:term":[{"taxonomy":"product_brand","embeddable":true,"href":"https:\/\/legrenierdelatour.be\/brocante\/wp-json\/wp\/v2\/product_brand?post=2120"},{"taxonomy":"product_cat","embeddable":true,"href":"https:\/\/legrenierdelatour.be\/brocante\/wp-json\/wp\/v2\/product_cat?post=2120"},{"taxonomy":"product_tag","embeddable":true,"href":"https:\/\/legrenierdelatour.be\/brocante\/wp-json\/wp\/v2\/product_tag?post=2120"}],"curies":[{"name":"wp","href":"https:\/\/api.w.org\/{rel}","templated":true}]}}