{"id":2119,"date":"2022-05-18T15:39:10","date_gmt":"2022-05-18T13:39:10","guid":{"rendered":"https:\/\/legrenierdelatour.be\/brocante\/?post_type=product&#038;p=2119"},"modified":"2022-05-19T08:34:11","modified_gmt":"2022-05-19T06:34:11","slug":"plat-en-verre-grave","status":"publish","type":"product","link":"https:\/\/legrenierdelatour.be\/brocante\/produit\/plat-en-verre-grave\/","title":{"rendered":"Plat en verre grav\u00e9"},"content":{"rendered":"<p>Plat en verre (22 cm de diam\u00e8tre) en verre fin souffl\u00e9 et grav\u00e9 \u00e0 l\u2019acide de motifs floraux et g\u00e9om\u00e9triques. En bon \u00e9tat, il pr\u00e9sente cependant un petit \u00e9clat sur le pourtour.<\/p>\n<div>R\u00e9f 11.54<\/div>\n","protected":false},"excerpt":{"rendered":"<p>Plat en verre (22 cm de diam\u00e8tre) en verre fin souffl\u00e9 et grav\u00e9 \u00e0 l\u2019acide de motifs floraux et g\u00e9om\u00e9triques. En bon \u00e9tat, il pr\u00e9sente cependant un petit \u00e9clat sur le pourtour. R\u00e9f 11.54<\/p>\n","protected":false},"featured_media":2089,"comment_status":"open","ping_status":"closed","template":"","meta":{"neve_meta_sidebar":"","neve_meta_container":"","neve_meta_enable_content_width":"off","neve_meta_content_width":100,"neve_meta_title_alignment":"","neve_meta_author_avatar":"","neve_post_elements_order":"","neve_meta_disable_header":"","neve_meta_disable_footer":"","neve_meta_disable_title":""},"product_brand":[],"product_cat":[172,22],"product_tag":[28],"class_list":{"0":"post-2119","1":"product","2":"type-product","3":"status-publish","4":"has-post-thumbnail","6":"product_cat-en-cuisine","7":"product_cat-verrerie","8":"product_tag-vintage","10":"first","11":"instock","12":"shipping-taxable","13":"purchasable","14":"product-type-simple"},"_links":{"self":[{"href":"https:\/\/legrenierdelatour.be\/brocante\/wp-json\/wp\/v2\/product\/2119","targetHints":{"allow":["GET"]}}],"collection":[{"href":"https:\/\/legrenierdelatour.be\/brocante\/wp-json\/wp\/v2\/product"}],"about":[{"href":"https:\/\/legrenierdelatour.be\/brocante\/wp-json\/wp\/v2\/types\/product"}],"replies":[{"embeddable":true,"href":"https:\/\/legrenierdelatour.be\/brocante\/wp-json\/wp\/v2\/comments?post=2119"}],"wp:featuredmedia":[{"embeddable":true,"href":"https:\/\/legrenierdelatour.be\/brocante\/wp-json\/wp\/v2\/media\/2089"}],"wp:attachment":[{"href":"https:\/\/legrenierdelatour.be\/brocante\/wp-json\/wp\/v2\/media?parent=2119"}],"wp:term":[{"taxonomy":"product_brand","embeddable":true,"href":"https:\/\/legrenierdelatour.be\/brocante\/wp-json\/wp\/v2\/product_brand?post=2119"},{"taxonomy":"product_cat","embeddable":true,"href":"https:\/\/legrenierdelatour.be\/brocante\/wp-json\/wp\/v2\/product_cat?post=2119"},{"taxonomy":"product_tag","embeddable":true,"href":"https:\/\/legrenierdelatour.be\/brocante\/wp-json\/wp\/v2\/product_tag?post=2119"}],"curies":[{"name":"wp","href":"https:\/\/api.w.org\/{rel}","templated":true}]}}