{"id":2115,"date":"2022-05-18T14:06:08","date_gmt":"2022-05-18T12:06:08","guid":{"rendered":"https:\/\/legrenierdelatour.be\/brocante\/?post_type=product&#038;p=2115"},"modified":"2022-05-19T08:35:51","modified_gmt":"2022-05-19T06:35:51","slug":"vase-en-verre-noir-et-or-boom","status":"publish","type":"product","link":"https:\/\/legrenierdelatour.be\/brocante\/produit\/vase-en-verre-noir-et-or-boom\/","title":{"rendered":"Vase en verre noir et or, Boom"},"content":{"rendered":"<p>Tr\u00e8s beau vase en verre noir (Hyalite) souffl\u00e9 (22 cm de haut), avec dorures peintes et appliqu\u00e9es \u00e0 la main. Ce vase a \u00e9t\u00e9 produit par la manufacture Boom (1925), dans les ann\u00e9es 1935-1938 (d\u2019apr\u00e8s l\u2019\u00e9tiquette appliqu\u00e9e). Il s&rsquo;agit sans doute du mod\u00e8le Vera, et a \u00e9t\u00e9 con\u00e7u par le designer Paul Heller. Malheureusement ce vase pr\u00e9sente 3 petits \u00e9clats sur l\u2019encolure.<\/p>\n<div>R\u00e9f 11.50<\/div>\n","protected":false},"excerpt":{"rendered":"<p>Tr\u00e8s beau vase en verre noir (Hyalite) souffl\u00e9 (22 cm de haut), avec dorures peintes et appliqu\u00e9es \u00e0 la main. Ce vase a \u00e9t\u00e9 produit par la manufacture Boom (1925), dans les ann\u00e9es 1935-1938 (d\u2019apr\u00e8s l\u2019\u00e9tiquette appliqu\u00e9e). Il s&rsquo;agit sans doute du mod\u00e8le Vera, et a \u00e9t\u00e9 con\u00e7u par le designer Paul Heller. Malheureusement ce&hellip;&nbsp;<a href=\"https:\/\/legrenierdelatour.be\/brocante\/produit\/vase-en-verre-noir-et-or-boom\/\" class=\"\" rel=\"bookmark\">Lire la suite &raquo;<span class=\"screen-reader-text\">Vase en verre noir et or, Boom<\/span><\/a><\/p>\n","protected":false},"featured_media":2092,"comment_status":"open","ping_status":"closed","template":"","meta":{"neve_meta_sidebar":"","neve_meta_container":"","neve_meta_enable_content_width":"off","neve_meta_content_width":100,"neve_meta_title_alignment":"","neve_meta_author_avatar":"","neve_post_elements_order":"","neve_meta_disable_header":"","neve_meta_disable_footer":"","neve_meta_disable_title":""},"product_brand":[],"product_cat":[106,162,22],"product_tag":[21,40,100,156],"class_list":{"0":"post-2115","1":"product","2":"type-product","3":"status-publish","4":"has-post-thumbnail","6":"product_cat-boom","7":"product_cat-productions-belges","8":"product_cat-verrerie","9":"product_tag-art-deco","10":"product_tag-belgique","11":"product_tag-boom","12":"product_tag-paul-heller","14":"first","15":"instock","16":"shipping-taxable","17":"purchasable","18":"product-type-simple"},"_links":{"self":[{"href":"https:\/\/legrenierdelatour.be\/brocante\/wp-json\/wp\/v2\/product\/2115","targetHints":{"allow":["GET"]}}],"collection":[{"href":"https:\/\/legrenierdelatour.be\/brocante\/wp-json\/wp\/v2\/product"}],"about":[{"href":"https:\/\/legrenierdelatour.be\/brocante\/wp-json\/wp\/v2\/types\/product"}],"replies":[{"embeddable":true,"href":"https:\/\/legrenierdelatour.be\/brocante\/wp-json\/wp\/v2\/comments?post=2115"}],"wp:featuredmedia":[{"embeddable":true,"href":"https:\/\/legrenierdelatour.be\/brocante\/wp-json\/wp\/v2\/media\/2092"}],"wp:attachment":[{"href":"https:\/\/legrenierdelatour.be\/brocante\/wp-json\/wp\/v2\/media?parent=2115"}],"wp:term":[{"taxonomy":"product_brand","embeddable":true,"href":"https:\/\/legrenierdelatour.be\/brocante\/wp-json\/wp\/v2\/product_brand?post=2115"},{"taxonomy":"product_cat","embeddable":true,"href":"https:\/\/legrenierdelatour.be\/brocante\/wp-json\/wp\/v2\/product_cat?post=2115"},{"taxonomy":"product_tag","embeddable":true,"href":"https:\/\/legrenierdelatour.be\/brocante\/wp-json\/wp\/v2\/product_tag?post=2115"}],"curies":[{"name":"wp","href":"https:\/\/api.w.org\/{rel}","templated":true}]}}