{"id":2110,"date":"2022-05-18T13:28:20","date_gmt":"2022-05-18T11:28:20","guid":{"rendered":"https:\/\/legrenierdelatour.be\/brocante\/?post_type=product&#038;p=2110"},"modified":"2025-04-21T17:23:24","modified_gmt":"2025-04-21T15:23:24","slug":"verres-a-digestif-vintage-vmc","status":"publish","type":"product","link":"https:\/\/legrenierdelatour.be\/brocante\/produit\/verres-a-digestif-vintage-vmc\/","title":{"rendered":"Verres \u00e0 digestif Vintage VMC"},"content":{"rendered":"<p>Jolis verres \u00e0 digestif (8,5 cm haut) produits dans les ann\u00e9es 1970 par la soci\u00e9t\u00e9 VMC (Verreries M\u00e9caniques Champenoises) cr\u00e9\u00e9e\u00a0au d\u00e9but du XX\u00e8 si\u00e8cle et active jusque fin des ann\u00e9es 1990. Joliment d\u00e9cor\u00e9s de losanges color\u00e9s. Les verres \u00e0 champagne en R\u00e9f 7.39 ainsi que les verres \u00e0 vin en R\u00e9f 1.123 sont de la m\u00eame collection.<\/p>\n<p>Les verres sont vendus \u00e0 la pi\u00e8ce au prix de 2\u20ac.<\/p>\n<p>R\u00e9f 11.49<\/p>\n","protected":false},"excerpt":{"rendered":"<p>Jolis verres \u00e0 digestif (8,5 cm haut) produits dans les ann\u00e9es 1970 par la soci\u00e9t\u00e9 VMC (Verreries M\u00e9caniques Champenoises) cr\u00e9\u00e9e\u00a0au d\u00e9but du XX\u00e8 si\u00e8cle et active jusque fin des ann\u00e9es 1990. Joliment d\u00e9cor\u00e9s de losanges color\u00e9s. Les verres \u00e0 champagne en R\u00e9f 7.39 ainsi que les verres \u00e0 vin en R\u00e9f 1.123 sont de la&hellip;&nbsp;<a href=\"https:\/\/legrenierdelatour.be\/brocante\/produit\/verres-a-digestif-vintage-vmc\/\" class=\"\" rel=\"bookmark\">Lire la suite &raquo;<span class=\"screen-reader-text\">Verres \u00e0 digestif Vintage VMC<\/span><\/a><\/p>\n","protected":false},"featured_media":2102,"comment_status":"open","ping_status":"closed","template":"","meta":{"neve_meta_sidebar":"","neve_meta_container":"","neve_meta_enable_content_width":"off","neve_meta_content_width":100,"neve_meta_title_alignment":"","neve_meta_author_avatar":"","neve_post_elements_order":"","neve_meta_disable_header":"","neve_meta_disable_footer":"","neve_meta_disable_title":""},"product_brand":[],"product_cat":[172,163,22,118],"product_tag":[28],"class_list":{"0":"post-2110","1":"product","2":"type-product","3":"status-publish","4":"has-post-thumbnail","6":"product_cat-en-cuisine","7":"product_cat-productions-francaises","8":"product_cat-verrerie","9":"product_cat-vmc","10":"product_tag-vintage","12":"first","13":"instock","14":"shipping-taxable","15":"purchasable","16":"product-type-simple"},"_links":{"self":[{"href":"https:\/\/legrenierdelatour.be\/brocante\/wp-json\/wp\/v2\/product\/2110","targetHints":{"allow":["GET"]}}],"collection":[{"href":"https:\/\/legrenierdelatour.be\/brocante\/wp-json\/wp\/v2\/product"}],"about":[{"href":"https:\/\/legrenierdelatour.be\/brocante\/wp-json\/wp\/v2\/types\/product"}],"replies":[{"embeddable":true,"href":"https:\/\/legrenierdelatour.be\/brocante\/wp-json\/wp\/v2\/comments?post=2110"}],"wp:featuredmedia":[{"embeddable":true,"href":"https:\/\/legrenierdelatour.be\/brocante\/wp-json\/wp\/v2\/media\/2102"}],"wp:attachment":[{"href":"https:\/\/legrenierdelatour.be\/brocante\/wp-json\/wp\/v2\/media?parent=2110"}],"wp:term":[{"taxonomy":"product_brand","embeddable":true,"href":"https:\/\/legrenierdelatour.be\/brocante\/wp-json\/wp\/v2\/product_brand?post=2110"},{"taxonomy":"product_cat","embeddable":true,"href":"https:\/\/legrenierdelatour.be\/brocante\/wp-json\/wp\/v2\/product_cat?post=2110"},{"taxonomy":"product_tag","embeddable":true,"href":"https:\/\/legrenierdelatour.be\/brocante\/wp-json\/wp\/v2\/product_tag?post=2110"}],"curies":[{"name":"wp","href":"https:\/\/api.w.org\/{rel}","templated":true}]}}