{"id":2084,"date":"2022-05-12T15:41:33","date_gmt":"2022-05-12T13:41:33","guid":{"rendered":"https:\/\/legrenierdelatour.be\/brocante\/?post_type=product&#038;p=2084"},"modified":"2026-03-30T15:10:03","modified_gmt":"2026-03-30T13:10:03","slug":"plaque-en-faience-bacchus-brasserie-de-diekirch-coceram","status":"publish","type":"product","link":"https:\/\/legrenierdelatour.be\/brocante\/produit\/plaque-en-faience-bacchus-brasserie-de-diekirch-coceram\/","title":{"rendered":"Plaque en fa\u00efence Bacchus, Brasserie de Diekirch, Coceram"},"content":{"rendered":"<p>Plaque en fa\u00efence (24 cm de diam\u00e8tre) avec une repr\u00e9sentation de Bacchus, pour la Brasserie de Diekirch. Elle a \u00e9t\u00e9 produite par Coceram ( fond\u00e9e par les fr\u00e8res Hector et Maurice Colin en 1947. Elle fermait en 1960). L&rsquo;accent de la production a \u00e9t\u00e9 mis sur des pi\u00e8ces, raviers ou cendriers publicitaires, mais on produisait aussi des vases, des pichets et des pi\u00e8ces d\u00e9coratives divers.). En tr\u00e8s bon \u00e9tat, elle date des ann\u00e9es 1950.<\/p>\n<p>Deux exemplaires disponibles dans leur bo\u00eete d&rsquo;origine, vendues au prix de 45\u20ac pi\u00e8ce.<\/p>\n<div>R\u00e9f 11.48<\/div>\n","protected":false},"excerpt":{"rendered":"<p>Plaque en fa\u00efence (24 cm de diam\u00e8tre) avec une repr\u00e9sentation de Bacchus, pour la Brasserie de Diekirch. Elle a \u00e9t\u00e9 produite par Coceram ( fond\u00e9e par les fr\u00e8res Hector et Maurice Colin en 1947. Elle fermait en 1960). L&rsquo;accent de la production a \u00e9t\u00e9 mis sur des pi\u00e8ces, raviers ou cendriers publicitaires, mais on produisait&hellip;&nbsp;<a href=\"https:\/\/legrenierdelatour.be\/brocante\/produit\/plaque-en-faience-bacchus-brasserie-de-diekirch-coceram\/\" class=\"\" rel=\"bookmark\">Lire la suite &raquo;<span class=\"screen-reader-text\">Plaque en fa\u00efence Bacchus, Brasserie de Diekirch, Coceram<\/span><\/a><\/p>\n","protected":false},"featured_media":2060,"comment_status":"open","ping_status":"closed","template":"","meta":{"neve_meta_sidebar":"","neve_meta_container":"","neve_meta_enable_content_width":"off","neve_meta_content_width":100,"neve_meta_title_alignment":"","neve_meta_author_avatar":"","neve_post_elements_order":"","neve_meta_disable_header":"","neve_meta_disable_footer":"","neve_meta_disable_title":""},"product_brand":[],"product_cat":[37,174,16,30,166,55],"product_tag":[40,155,19,83,68,28],"class_list":{"0":"post-2084","1":"product","2":"type-product","3":"status-publish","4":"has-post-thumbnail","6":"product_cat-belgique","7":"product_cat-coceram","8":"product_cat-ceramique","9":"product_cat-luxemburgensia","10":"product_cat-luxemburgensia-luxemburgensia","11":"product_cat-vendu","12":"product_tag-belgique","13":"product_tag-coceram","14":"product_tag-faience","15":"product_tag-luxemburgensia","16":"product_tag-publicite","17":"product_tag-vintage","19":"first","20":"instock","21":"shipping-taxable","22":"purchasable","23":"product-type-simple"},"_links":{"self":[{"href":"https:\/\/legrenierdelatour.be\/brocante\/wp-json\/wp\/v2\/product\/2084","targetHints":{"allow":["GET"]}}],"collection":[{"href":"https:\/\/legrenierdelatour.be\/brocante\/wp-json\/wp\/v2\/product"}],"about":[{"href":"https:\/\/legrenierdelatour.be\/brocante\/wp-json\/wp\/v2\/types\/product"}],"replies":[{"embeddable":true,"href":"https:\/\/legrenierdelatour.be\/brocante\/wp-json\/wp\/v2\/comments?post=2084"}],"wp:featuredmedia":[{"embeddable":true,"href":"https:\/\/legrenierdelatour.be\/brocante\/wp-json\/wp\/v2\/media\/2060"}],"wp:attachment":[{"href":"https:\/\/legrenierdelatour.be\/brocante\/wp-json\/wp\/v2\/media?parent=2084"}],"wp:term":[{"taxonomy":"product_brand","embeddable":true,"href":"https:\/\/legrenierdelatour.be\/brocante\/wp-json\/wp\/v2\/product_brand?post=2084"},{"taxonomy":"product_cat","embeddable":true,"href":"https:\/\/legrenierdelatour.be\/brocante\/wp-json\/wp\/v2\/product_cat?post=2084"},{"taxonomy":"product_tag","embeddable":true,"href":"https:\/\/legrenierdelatour.be\/brocante\/wp-json\/wp\/v2\/product_tag?post=2084"}],"curies":[{"name":"wp","href":"https:\/\/api.w.org\/{rel}","templated":true}]}}