{"id":2068,"date":"2022-05-08T20:16:15","date_gmt":"2022-05-08T18:16:15","guid":{"rendered":"https:\/\/legrenierdelatour.be\/brocante\/?post_type=product&#038;p=2068"},"modified":"2024-08-15T13:46:31","modified_gmt":"2024-08-15T11:46:31","slug":"assiettes-decoratives-sarah-kay","status":"publish","type":"product","link":"https:\/\/legrenierdelatour.be\/brocante\/produit\/assiettes-decoratives-sarah-kay\/","title":{"rendered":"Assiettes d\u00e9coratives Sarah Kay"},"content":{"rendered":"<p>4 petites assiettes d\u00e9coratives (10 cm de diam\u00e8tre) avec repr\u00e9sentations de motifs Sarah Kay (<b>Sarah Kay<\/b>\u00a0est une marque cr\u00e9\u00e9e par l&rsquo;illustratrice et auteur de livres pour enfants australienne\u00a0<b>Vivien Kubos<\/b>\u00a0(n\u00e9e en 1944). L&rsquo;imagerie Sarah Kay repose sur une s\u00e9rie de personnages devenus embl\u00e9matiques et dont l&rsquo;univers romantique et color\u00e9 renvoie vers des valeurs d&rsquo;amiti\u00e9, d&rsquo;amour et de fraternit\u00e9).\u00a0Les assiettes n\u2019ont pas de marque visible et ont sans doute \u00e9t\u00e9 produite lors de l\u2019\u00e2ge d\u2019or de ce personnage, das les ann\u00e9es 1980.<\/p>\n<div>R\u00e9f 11.41<\/div>\n","protected":false},"excerpt":{"rendered":"<p>4 petites assiettes d\u00e9coratives (10 cm de diam\u00e8tre) avec repr\u00e9sentations de motifs Sarah Kay (Sarah Kay\u00a0est une marque cr\u00e9\u00e9e par l&rsquo;illustratrice et auteur de livres pour enfants australienne\u00a0Vivien Kubos\u00a0(n\u00e9e en 1944). L&rsquo;imagerie Sarah Kay repose sur une s\u00e9rie de personnages devenus embl\u00e9matiques et dont l&rsquo;univers romantique et color\u00e9 renvoie vers des valeurs d&rsquo;amiti\u00e9, d&rsquo;amour et&hellip;&nbsp;<a href=\"https:\/\/legrenierdelatour.be\/brocante\/produit\/assiettes-decoratives-sarah-kay\/\" class=\"\" rel=\"bookmark\">Lire la suite &raquo;<span class=\"screen-reader-text\">Assiettes d\u00e9coratives Sarah Kay<\/span><\/a><\/p>\n","protected":false},"featured_media":2034,"comment_status":"open","ping_status":"closed","template":"","meta":{"neve_meta_sidebar":"","neve_meta_container":"","neve_meta_enable_content_width":"off","neve_meta_content_width":100,"neve_meta_title_alignment":"","neve_meta_author_avatar":"","neve_post_elements_order":"","neve_meta_disable_header":"","neve_meta_disable_footer":"","neve_meta_disable_title":""},"product_brand":[],"product_cat":[16,171],"product_tag":[119,120,28],"class_list":{"0":"post-2068","1":"product","2":"type-product","3":"status-publish","4":"has-post-thumbnail","6":"product_cat-ceramique","7":"product_cat-jeux-et-jardin","8":"product_tag-enfant","9":"product_tag-jeu","10":"product_tag-vintage","12":"first","13":"instock","14":"shipping-taxable","15":"purchasable","16":"product-type-simple"},"_links":{"self":[{"href":"https:\/\/legrenierdelatour.be\/brocante\/wp-json\/wp\/v2\/product\/2068","targetHints":{"allow":["GET"]}}],"collection":[{"href":"https:\/\/legrenierdelatour.be\/brocante\/wp-json\/wp\/v2\/product"}],"about":[{"href":"https:\/\/legrenierdelatour.be\/brocante\/wp-json\/wp\/v2\/types\/product"}],"replies":[{"embeddable":true,"href":"https:\/\/legrenierdelatour.be\/brocante\/wp-json\/wp\/v2\/comments?post=2068"}],"wp:featuredmedia":[{"embeddable":true,"href":"https:\/\/legrenierdelatour.be\/brocante\/wp-json\/wp\/v2\/media\/2034"}],"wp:attachment":[{"href":"https:\/\/legrenierdelatour.be\/brocante\/wp-json\/wp\/v2\/media?parent=2068"}],"wp:term":[{"taxonomy":"product_brand","embeddable":true,"href":"https:\/\/legrenierdelatour.be\/brocante\/wp-json\/wp\/v2\/product_brand?post=2068"},{"taxonomy":"product_cat","embeddable":true,"href":"https:\/\/legrenierdelatour.be\/brocante\/wp-json\/wp\/v2\/product_cat?post=2068"},{"taxonomy":"product_tag","embeddable":true,"href":"https:\/\/legrenierdelatour.be\/brocante\/wp-json\/wp\/v2\/product_tag?post=2068"}],"curies":[{"name":"wp","href":"https:\/\/api.w.org\/{rel}","templated":true}]}}