{"id":2066,"date":"2022-05-07T11:44:54","date_gmt":"2022-05-07T09:44:54","guid":{"rendered":"https:\/\/legrenierdelatour.be\/brocante\/?post_type=product&#038;p=2066"},"modified":"2022-05-19T08:45:21","modified_gmt":"2022-05-19T06:45:21","slug":"pichet-west-germany-knodgen","status":"publish","type":"product","link":"https:\/\/legrenierdelatour.be\/brocante\/produit\/pichet-west-germany-knodgen\/","title":{"rendered":"Pichet West Germany Kn\u00f6dgen"},"content":{"rendered":"<p>Petit pichet (15 cm de haut) en gr\u00e8s fa\u00efence bleu, produit par la manufacture Kn\u00f6dgen (cr\u00e9\u00e9e en 1892 par Jakob Leoplod Kn\u00f6dgen \u00e0 Ransbach en Allemagne). Cette manufacture continuera \u00e0 produire jusqu\u2019au d\u00e9but des ann\u00e9es 1990. D\u2019apr\u00e8s la marque moul\u00e9e au fond, ce pichet est de forme 2553 et a \u00e9t\u00e9 produit dans les ann\u00e9es 1949-1990. Il est en parfait \u00e9tat.<\/p>\n<div>R\u00e9f 11.38<\/div>\n","protected":false},"excerpt":{"rendered":"<p>Petit pichet (15 cm de haut) en gr\u00e8s fa\u00efence bleu, produit par la manufacture Kn\u00f6dgen (cr\u00e9\u00e9e en 1892 par Jakob Leoplod Kn\u00f6dgen \u00e0 Ransbach en Allemagne). Cette manufacture continuera \u00e0 produire jusqu\u2019au d\u00e9but des ann\u00e9es 1990. D\u2019apr\u00e8s la marque moul\u00e9e au fond, ce pichet est de forme 2553 et a \u00e9t\u00e9 produit dans les ann\u00e9es&hellip;&nbsp;<a href=\"https:\/\/legrenierdelatour.be\/brocante\/produit\/pichet-west-germany-knodgen\/\" class=\"\" rel=\"bookmark\">Lire la suite &raquo;<span class=\"screen-reader-text\">Pichet West Germany Kn\u00f6dgen<\/span><\/a><\/p>\n","protected":false},"featured_media":2053,"comment_status":"open","ping_status":"closed","template":"","meta":{"neve_meta_sidebar":"","neve_meta_container":"","neve_meta_enable_content_width":"off","neve_meta_content_width":100,"neve_meta_title_alignment":"","neve_meta_author_avatar":"","neve_post_elements_order":"","neve_meta_disable_header":"","neve_meta_disable_footer":"","neve_meta_disable_title":""},"product_brand":[],"product_cat":[48,170,172,16,47],"product_tag":[113,153,49],"class_list":{"0":"post-2066","1":"product","2":"type-product","3":"status-publish","4":"has-post-thumbnail","6":"product_cat-allemagne","7":"product_cat-autres-producteurs","8":"product_cat-en-cuisine","9":"product_cat-ceramique","10":"product_cat-west-germany","11":"product_tag-gres","12":"product_tag-knodgen","13":"product_tag-west-germany","15":"first","16":"instock","17":"shipping-taxable","18":"purchasable","19":"product-type-simple"},"_links":{"self":[{"href":"https:\/\/legrenierdelatour.be\/brocante\/wp-json\/wp\/v2\/product\/2066","targetHints":{"allow":["GET"]}}],"collection":[{"href":"https:\/\/legrenierdelatour.be\/brocante\/wp-json\/wp\/v2\/product"}],"about":[{"href":"https:\/\/legrenierdelatour.be\/brocante\/wp-json\/wp\/v2\/types\/product"}],"replies":[{"embeddable":true,"href":"https:\/\/legrenierdelatour.be\/brocante\/wp-json\/wp\/v2\/comments?post=2066"}],"wp:featuredmedia":[{"embeddable":true,"href":"https:\/\/legrenierdelatour.be\/brocante\/wp-json\/wp\/v2\/media\/2053"}],"wp:attachment":[{"href":"https:\/\/legrenierdelatour.be\/brocante\/wp-json\/wp\/v2\/media?parent=2066"}],"wp:term":[{"taxonomy":"product_brand","embeddable":true,"href":"https:\/\/legrenierdelatour.be\/brocante\/wp-json\/wp\/v2\/product_brand?post=2066"},{"taxonomy":"product_cat","embeddable":true,"href":"https:\/\/legrenierdelatour.be\/brocante\/wp-json\/wp\/v2\/product_cat?post=2066"},{"taxonomy":"product_tag","embeddable":true,"href":"https:\/\/legrenierdelatour.be\/brocante\/wp-json\/wp\/v2\/product_tag?post=2066"}],"curies":[{"name":"wp","href":"https:\/\/api.w.org\/{rel}","templated":true}]}}