{"id":2064,"date":"2022-05-07T11:23:25","date_gmt":"2022-05-07T09:23:25","guid":{"rendered":"https:\/\/legrenierdelatour.be\/brocante\/?post_type=product&#038;p=2064"},"modified":"2022-05-19T09:00:50","modified_gmt":"2022-05-19T07:00:50","slug":"tasses-et-sous-tasses-vintage-mitterteich","status":"publish","type":"product","link":"https:\/\/legrenierdelatour.be\/brocante\/produit\/tasses-et-sous-tasses-vintage-mitterteich\/","title":{"rendered":"Tasses et sous-tasses vintage Mitterteich"},"content":{"rendered":"<p>Deux tasses (7 cm de haut) et deux sous-tasses (15 cm de diam\u00e8tre) produites par Mitterteich en Bavi\u00e8re. Elles sont en parfait \u00e9tat et datent sans doute des ann\u00e9es 1970.<\/p>\n<div>R\u00e9f 11.37<\/div>\n","protected":false},"excerpt":{"rendered":"<p>Deux tasses (7 cm de haut) et deux sous-tasses (15 cm de diam\u00e8tre) produites par Mitterteich en Bavi\u00e8re. Elles sont en parfait \u00e9tat et datent sans doute des ann\u00e9es 1970. R\u00e9f 11.37<\/p>\n","protected":false},"featured_media":2036,"comment_status":"open","ping_status":"closed","template":"","meta":{"neve_meta_sidebar":"","neve_meta_container":"","neve_meta_enable_content_width":"off","neve_meta_content_width":100,"neve_meta_title_alignment":"","neve_meta_author_avatar":"","neve_post_elements_order":"","neve_meta_disable_header":"","neve_meta_disable_footer":"","neve_meta_disable_title":""},"product_brand":[],"product_cat":[48,168,172,16],"product_tag":[74,28],"class_list":{"0":"post-2064","1":"product","2":"type-product","3":"status-publish","4":"has-post-thumbnail","6":"product_cat-allemagne","7":"product_cat-bavaria","8":"product_cat-en-cuisine","9":"product_cat-ceramique","10":"product_tag-porcelaine","11":"product_tag-vintage","13":"first","14":"instock","15":"shipping-taxable","16":"purchasable","17":"product-type-simple"},"_links":{"self":[{"href":"https:\/\/legrenierdelatour.be\/brocante\/wp-json\/wp\/v2\/product\/2064","targetHints":{"allow":["GET"]}}],"collection":[{"href":"https:\/\/legrenierdelatour.be\/brocante\/wp-json\/wp\/v2\/product"}],"about":[{"href":"https:\/\/legrenierdelatour.be\/brocante\/wp-json\/wp\/v2\/types\/product"}],"replies":[{"embeddable":true,"href":"https:\/\/legrenierdelatour.be\/brocante\/wp-json\/wp\/v2\/comments?post=2064"}],"wp:featuredmedia":[{"embeddable":true,"href":"https:\/\/legrenierdelatour.be\/brocante\/wp-json\/wp\/v2\/media\/2036"}],"wp:attachment":[{"href":"https:\/\/legrenierdelatour.be\/brocante\/wp-json\/wp\/v2\/media?parent=2064"}],"wp:term":[{"taxonomy":"product_brand","embeddable":true,"href":"https:\/\/legrenierdelatour.be\/brocante\/wp-json\/wp\/v2\/product_brand?post=2064"},{"taxonomy":"product_cat","embeddable":true,"href":"https:\/\/legrenierdelatour.be\/brocante\/wp-json\/wp\/v2\/product_cat?post=2064"},{"taxonomy":"product_tag","embeddable":true,"href":"https:\/\/legrenierdelatour.be\/brocante\/wp-json\/wp\/v2\/product_tag?post=2064"}],"curies":[{"name":"wp","href":"https:\/\/api.w.org\/{rel}","templated":true}]}}