{"id":2063,"date":"2022-05-07T11:05:41","date_gmt":"2022-05-07T09:05:41","guid":{"rendered":"https:\/\/legrenierdelatour.be\/brocante\/?post_type=product&#038;p=2063"},"modified":"2022-05-19T09:01:06","modified_gmt":"2022-05-19T07:01:06","slug":"service-a-cafe-fleuri-winterling-bavaria","status":"publish","type":"product","link":"https:\/\/legrenierdelatour.be\/brocante\/produit\/service-a-cafe-fleuri-winterling-bavaria\/","title":{"rendered":"Service \u00e0 caf\u00e9 fleuri Winterling Bavaria"},"content":{"rendered":"<p>Tr\u00e8s beau service \u00e0 caf\u00e9 fleuri, comprenant une cafeti\u00e8re (2\u2019 cm de haut), un sucrier (12 cm de haut), un pot \u00e0 lait (11 cm d haut), 11 tasses (5,5cm de haut) et 11 sous-tasses (15 cm de diam\u00e8tre), en parfait \u00e9tat. Il a \u00e9t\u00e9 produit, sans doute dans les ann\u00e9es 1950-60 par la manufacture Winterling \u00e0 Marktleuthen en Bavi\u00e8re.<\/p>\n<div>R\u00e9f 11.36<\/div>\n","protected":false},"excerpt":{"rendered":"<p>Tr\u00e8s beau service \u00e0 caf\u00e9 fleuri, comprenant une cafeti\u00e8re (2\u2019 cm de haut), un sucrier (12 cm de haut), un pot \u00e0 lait (11 cm d haut), 11 tasses (5,5cm de haut) et 11 sous-tasses (15 cm de diam\u00e8tre), en parfait \u00e9tat. Il a \u00e9t\u00e9 produit, sans doute dans les ann\u00e9es 1950-60 par la manufacture&hellip;&nbsp;<a href=\"https:\/\/legrenierdelatour.be\/brocante\/produit\/service-a-cafe-fleuri-winterling-bavaria\/\" class=\"\" rel=\"bookmark\">Lire la suite &raquo;<span class=\"screen-reader-text\">Service \u00e0 caf\u00e9 fleuri Winterling Bavaria<\/span><\/a><\/p>\n","protected":false},"featured_media":2044,"comment_status":"open","ping_status":"closed","template":"","meta":{"neve_meta_sidebar":"","neve_meta_container":"","neve_meta_enable_content_width":"off","neve_meta_content_width":100,"neve_meta_title_alignment":"","neve_meta_author_avatar":"","neve_post_elements_order":"","neve_meta_disable_header":"","neve_meta_disable_footer":"","neve_meta_disable_title":""},"product_brand":[],"product_cat":[48,168,172,16],"product_tag":[74,28],"class_list":{"0":"post-2063","1":"product","2":"type-product","3":"status-publish","4":"has-post-thumbnail","6":"product_cat-allemagne","7":"product_cat-bavaria","8":"product_cat-en-cuisine","9":"product_cat-ceramique","10":"product_tag-porcelaine","11":"product_tag-vintage","13":"first","14":"instock","15":"shipping-taxable","16":"purchasable","17":"product-type-simple"},"_links":{"self":[{"href":"https:\/\/legrenierdelatour.be\/brocante\/wp-json\/wp\/v2\/product\/2063","targetHints":{"allow":["GET"]}}],"collection":[{"href":"https:\/\/legrenierdelatour.be\/brocante\/wp-json\/wp\/v2\/product"}],"about":[{"href":"https:\/\/legrenierdelatour.be\/brocante\/wp-json\/wp\/v2\/types\/product"}],"replies":[{"embeddable":true,"href":"https:\/\/legrenierdelatour.be\/brocante\/wp-json\/wp\/v2\/comments?post=2063"}],"wp:featuredmedia":[{"embeddable":true,"href":"https:\/\/legrenierdelatour.be\/brocante\/wp-json\/wp\/v2\/media\/2044"}],"wp:attachment":[{"href":"https:\/\/legrenierdelatour.be\/brocante\/wp-json\/wp\/v2\/media?parent=2063"}],"wp:term":[{"taxonomy":"product_brand","embeddable":true,"href":"https:\/\/legrenierdelatour.be\/brocante\/wp-json\/wp\/v2\/product_brand?post=2063"},{"taxonomy":"product_cat","embeddable":true,"href":"https:\/\/legrenierdelatour.be\/brocante\/wp-json\/wp\/v2\/product_cat?post=2063"},{"taxonomy":"product_tag","embeddable":true,"href":"https:\/\/legrenierdelatour.be\/brocante\/wp-json\/wp\/v2\/product_tag?post=2063"}],"curies":[{"name":"wp","href":"https:\/\/api.w.org\/{rel}","templated":true}]}}