{"id":2001,"date":"2022-04-28T15:12:51","date_gmt":"2022-04-28T13:12:51","guid":{"rendered":"https:\/\/legrenierdelatour.be\/brocante\/?post_type=product&#038;p=2001"},"modified":"2024-09-02T11:33:31","modified_gmt":"2024-09-02T09:33:31","slug":"assiette-emaillee-saint-donat-arlon-longwy","status":"publish","type":"product","link":"https:\/\/legrenierdelatour.be\/brocante\/produit\/assiette-emaillee-saint-donat-arlon-longwy\/","title":{"rendered":"Assiette \u00e9maill\u00e9e Saint Donat Arlon, Longwy"},"content":{"rendered":"<p>Belle assiette (27 cm) en fa\u00efence \u00e9maill\u00e9e, produit par la manufacture de Longwy, avec une repr\u00e9sentation de St Donat \u00e0 Arlon. En parfait \u00e9tat, le d\u00e9cor porte le num\u00e9ro 35221.<\/p>\n<div>R\u00e9f 11.27<\/div>\n","protected":false},"excerpt":{"rendered":"<p>Belle assiette (27 cm) en fa\u00efence \u00e9maill\u00e9e, produit par la manufacture de Longwy, avec une repr\u00e9sentation de St Donat \u00e0 Arlon. En parfait \u00e9tat, le d\u00e9cor porte le num\u00e9ro 35221. R\u00e9f 11.27<\/p>\n","protected":false},"featured_media":1952,"comment_status":"open","ping_status":"closed","template":"","meta":{"neve_meta_sidebar":"","neve_meta_container":"","neve_meta_enable_content_width":"off","neve_meta_content_width":100,"neve_meta_title_alignment":"","neve_meta_author_avatar":"","neve_post_elements_order":"","neve_meta_disable_header":"","neve_meta_disable_footer":"","neve_meta_disable_title":""},"product_brand":[],"product_cat":[16,59,66,30,31],"product_tag":[40,19,67,112],"class_list":{"0":"post-2001","1":"product","2":"type-product","3":"status-publish","4":"has-post-thumbnail","6":"product_cat-ceramique","7":"product_cat-france","8":"product_cat-longwy","9":"product_cat-luxemburgensia","10":"product_cat-pays-darlon","11":"product_tag-belgique","12":"product_tag-faience","13":"product_tag-longwy","14":"product_tag-pays-darlon","16":"first","17":"instock","18":"shipping-taxable","19":"purchasable","20":"product-type-simple"},"_links":{"self":[{"href":"https:\/\/legrenierdelatour.be\/brocante\/wp-json\/wp\/v2\/product\/2001","targetHints":{"allow":["GET"]}}],"collection":[{"href":"https:\/\/legrenierdelatour.be\/brocante\/wp-json\/wp\/v2\/product"}],"about":[{"href":"https:\/\/legrenierdelatour.be\/brocante\/wp-json\/wp\/v2\/types\/product"}],"replies":[{"embeddable":true,"href":"https:\/\/legrenierdelatour.be\/brocante\/wp-json\/wp\/v2\/comments?post=2001"}],"wp:featuredmedia":[{"embeddable":true,"href":"https:\/\/legrenierdelatour.be\/brocante\/wp-json\/wp\/v2\/media\/1952"}],"wp:attachment":[{"href":"https:\/\/legrenierdelatour.be\/brocante\/wp-json\/wp\/v2\/media?parent=2001"}],"wp:term":[{"taxonomy":"product_brand","embeddable":true,"href":"https:\/\/legrenierdelatour.be\/brocante\/wp-json\/wp\/v2\/product_brand?post=2001"},{"taxonomy":"product_cat","embeddable":true,"href":"https:\/\/legrenierdelatour.be\/brocante\/wp-json\/wp\/v2\/product_cat?post=2001"},{"taxonomy":"product_tag","embeddable":true,"href":"https:\/\/legrenierdelatour.be\/brocante\/wp-json\/wp\/v2\/product_tag?post=2001"}],"curies":[{"name":"wp","href":"https:\/\/api.w.org\/{rel}","templated":true}]}}